{"id":105,"date":"2020-04-18T14:31:53","date_gmt":"2020-04-18T14:31:53","guid":{"rendered":"http:\/\/ebkv.tombaklar.com\/?page_id=105"},"modified":"2022-02-03T00:12:16","modified_gmt":"2022-02-03T00:12:16","slug":"irtibat","status":"publish","type":"page","link":"https:\/\/ehrenfeld.vikz.de\/?page_id=105","title":{"rendered":"\u0130RT\u0130BAT"},"content":{"rendered":"<div data-colibri-id=\"105-c1\" class=\"style-1078 style-local-105-c1 position-relative\">\n  <!---->\n  <div data-colibri-component=\"section\" data-colibri-id=\"105-c2\" id=\"contact\" class=\"h-section h-section-global-spacing d-flex align-items-lg-center align-items-md-center align-items-center style-1083 style-local-105-c2 position-relative\">\n    <!---->\n    <!---->\n    <div class=\"h-section-grid-container h-section-fluid-container\">\n      <!---->\n      <div data-colibri-id=\"105-c3\" class=\"h-row-container gutters-row-lg-0 gutters-row-md-0 gutters-row-0 gutters-row-v-lg-0 gutters-row-v-md-0 gutters-row-v-0 style-1084 style-local-105-c3 position-relative\">\n        <!---->\n        <div class=\"h-row justify-content-lg-center justify-content-md-center justify-content-center align-items-lg-stretch align-items-md-stretch align-items-stretch gutters-col-lg-0 gutters-col-md-0 gutters-col-0 gutters-col-v-lg-0 gutters-col-v-md-0 gutters-col-v-0\">\n          <!---->\n          <div class=\"h-column h-column-container d-flex h-col-lg-6 h-col-md-6 h-col-12 style-1086-outer style-local-105-c4-outer\">\n            <div data-colibri-id=\"105-c4\" class=\"d-flex h-flex-basis h-column__inner h-px-lg-3 h-px-md-3 h-px-3 v-inner-lg-3 v-inner-md-3 v-inner-3 style-1086 style-local-105-c4 position-relative\">\n              <!---->\n              <!---->\n              <div class=\"w-100 h-y-container h-column__content h-column__v-align flex-basis-100 align-self-lg-center align-self-md-center align-self-center\">\n                <!---->\n                <div data-colibri-id=\"105-c5\" class=\"h-global-transition-all h-heading style-1087 style-local-105-c5 position-relative h-element\">\n                  <!---->\n                  <div class=\"h-heading__outer style-1087 style-local-105-c5\">\n                    <!---->\n                    <!---->\n                    <h2 class=\"\">\u0130rtibat bilgilerimiz<\/h2>\n                  <\/div>\n                <\/div>\n                <div data-colibri-id=\"105-c6\" class=\"h-text h-text-component style-1088 style-local-105-c6 position-relative h-element\">\n                  <!---->\n                  <!---->\n                  <div class=\"\">\n                    <p>\u0130rtibat formumuzu kullanarak bize yazabilir, bizi arayabilir ya da derne\u011fimize u\u011frayabilirsiniz.<\/p>\n                  <\/div>\n                <\/div>\n                <div data-colibri-id=\"105-c7\" class=\"icon-list d-flex justify-content-lg-start justify-content-md-start justify-content-center style-1089 style-local-105-c7 position-relative h-element\">\n                  <!---->\n                  <ul class=\"ul-list-icon vertical-on-desktop vertical-on-tablet vertical-on-mobile justify-content-lg-start justify-content-md-start justify-content-center\">\n                    <!---->\n                    <li class=\"list-item no-gutters\">\n                      <!---->\n                      <div class=\"list-container-divider d-flex justify-content-lg-start justify-content-md-start justify-content-center first-el-spacer\"><\/div> <span target=\"_blank\" class=\"item-link no-gutters\"><div class=\"d-flex h-col no-gutters align-items-lg-center align-items-md-center align-items-center list-item-text-wrapper\"><div class=\"d-flex\"><span  class=\"h-svg-icon style-1089-icon style-local-105-c7-icon\"><!--Icon by Typicons (https:\/\/www.s-ings.com\/typicons)--><svg version=\"1.1\" xmlns=\"http:\/\/www.w3.org\/2000\/svg\" xmlns:xlink=\"http:\/\/www.w3.org\/1999\/xlink\" id=\"contacts\" viewBox=\"0 0 24 24\"><path d=\"M19 3H8C6.346 3 5 4.346 5 6v1H4c-.553 0-1 .448-1 1s.447 1 1 1h1v2H4c-.553 0-1 .448-1 1s.447 1 1 1h1v2H4c-.553 0-1 .448-1 1s.447 1 1 1h1v1c0 1.654 1.346 3 3 3h11c1.654 0 3-1.346 3-3V6c0-1.654-1.346-3-3-3zM7 6c0-.55.45-1 1-1v2H7V6zm0 3h1v2H7V9zm0 4h1v2H7v-2zm0 5v-1h1v2c-.55 0-1-.45-1-1zm13 0c0 .55-.45 1-1 1H9V5h10c.55 0 1 .45 1 1v12z\"><\/path><circle cx=\"14\" cy=\"10.5\" r=\"2\"><\/circle><path d=\"M14 13.356c-1.562 0-2.5.715-2.5 1.43 0 .356.938.714 2.5.714 1.466 0 2.5-.357 2.5-.715 0-.714-.98-1.43-2.5-1.43z\"><\/path><\/svg><\/span><\/div>\n                <span class=\"list-text d-block\"><span>Ehrenfelder Bildungs- und Kulturverein e.V.<\/span><\/span>\n              <\/div>\n              <\/span>\n              <div class=\"list-container-divider d-flex justify-content-lg-start justify-content-md-start justify-content-center\">\n                <!---->\n              <\/div>\n              <\/li>\n              <li class=\"list-item no-gutters\">\n                <!---->\n                <!---->\n                <a href=\"https:\/\/goo.gl\/maps\/Q86sqftWEbNrjUqr8\" target=\"_blank\" h-use-smooth-scroll=\"true\" class=\"item-link no-gutters\" rel=\"noopener\">\n                  <div class=\"d-flex h-col no-gutters align-items-lg-center align-items-md-center align-items-center list-item-text-wrapper\">\n                    <div class=\"d-flex\"><span class=\"h-svg-icon style-1089-icon style-local-105-c7-icon\"><!--Icon by Icons8 Line Awesome (https:\/\/icons8.com\/line-awesome)--><svg version=\"1.1\" xmlns=\"http:\/\/www.w3.org\/2000\/svg\" xmlns:xlink=\"http:\/\/www.w3.org\/1999\/xlink\" id=\"map-marker\" viewBox=\"0 0 512 545.5\"><path d=\"M256 80c79.336 0 144 64.664 144 144 0 22.5-9.116 48.313-21.5 76.5s-28.314 58.098-44.5 86C301.628 442.306 269 489 269 489l-13 19-13-19s-32.628-46.694-65-102.5c-16.186-27.902-32.116-57.813-44.5-86S112 246.5 112 224c0-79.336 64.664-144 144-144zm0 32c-62.04 0-112 49.96-112 112 0 12.844 6.884 37.06 18.5 63.5s27.686 55.738 43.5 83c25.155 43.364 40.74 66.3 50 80 9.26-13.7 24.845-36.636 50-80 15.815-27.262 31.884-56.56 43.5-83S368 236.844 368 224c0-62.04-49.96-112-112-112zm0 80c17.673 0 32 14.327 32 32s-14.327 32-32 32-32-14.327-32-32 14.327-32 32-32z\"><\/path><\/svg><\/span><\/div>\n                    <span class=\"list-text d-block\"><span>Melatener Weg 20<br>50825 K\u00f6ln<\/span><\/span>\n                  <\/div>\n                <\/a>\n                <div class=\"list-container-divider d-flex justify-content-lg-start justify-content-md-start justify-content-center\">\n                  <!---->\n                <\/div>\n              <\/li>\n              <li class=\"list-item no-gutters\">\n                <!---->\n                <!---->\n                <a href=\"tel:+4922178 95 90 00\" target=\"_blank\" h-use-smooth-scroll=\"true\" class=\"item-link no-gutters\" rel=\"noopener\">\n                  <div class=\"d-flex h-col no-gutters align-items-lg-center align-items-md-center align-items-center list-item-text-wrapper\">\n                    <div class=\"d-flex\"><span class=\"h-svg-icon style-1089-icon style-local-105-c7-icon\"><!--Icon by Icons8 Line Awesome (https:\/\/icons8.com\/line-awesome)--><svg version=\"1.1\" xmlns=\"http:\/\/www.w3.org\/2000\/svg\" xmlns:xlink=\"http:\/\/www.w3.org\/1999\/xlink\" id=\"phone\" viewBox=\"0 0 512 545.5\"><path d=\"M138.5 80c8.375 0 16.656 3.024 23.5 8.5l1 .5.5.5 64 66 1.5 1.5-.5.5c14.174 13.212 13.968 35.53.5 49l-32 32c4.92 11.277 18.33 40.02 44.5 65 26.358 25.16 53.932 39.467 65.5 45l31.5-31.5.5-.5c13.28-13.28 36.72-13.28 50 0l.5 1 65 65c13.28 13.28 13.28 36.22 0 49.5L405 481.5l-.5.5-.5.5c-15.01 12.867-36.04 17.486-55.5 11h-.5c-37.55-14.693-113.51-48.01-181.5-116C98.773 309.773 64.052 234.84 50.5 196c-.035-.1.034-.4 0-.5-6.703-18.434-1.915-39.738 13.5-54l-.5-.5 50-51.5.5-.5 1-.5c6.844-5.476 15.125-8.5 23.5-8.5zm0 32c-1.172 0-2.344.575-3.5 1.5L86.5 163l-.5.5-.5.5c-5.674 4.863-7.44 14.493-5 21 12.12 34.847 45.2 106.7 108.5 170 62.784 62.784 133.224 93.76 169.5 108 9.34 3.113 17.11 1.833 24.5-4.5l49-49c2.72-2.72 2.72-1.78 0-4.5l-65.5-65.5c-2.72-2.72-2.28-2.72-5 0l-40 40-7.5 7.5-10-4.5s-43.83-18.552-81-52.5l-3.5-3c-38.595-36.84-57-86-57-86l-3.5-10 7.5-7 40-40c1.966-1.966.874-3.6 1-3.5l-.5-.5-1-1-64-65.5c-1.156-.925-2.328-1.5-3.5-1.5z\"><\/path><\/svg><\/span><\/div>\n                    <span class=\"list-text d-block\"><span>+49 221 78 95 90 00<\/span><\/span>\n                  <\/div>\n                <\/a>\n                <div class=\"list-container-divider d-flex justify-content-lg-start justify-content-md-start justify-content-center\">\n                  <!---->\n                <\/div>\n              <\/li>\n              <li class=\"list-item no-gutters\">\n                <!---->\n                <!----><span target=\"_blank\" class=\"item-link no-gutters\"><div class=\"d-flex h-col no-gutters align-items-lg-center align-items-md-center align-items-center list-item-text-wrapper\"><div class=\"d-flex\"><span  class=\"h-svg-icon style-1089-icon style-local-105-c7-icon\"><!--Icon by Font Awesome (https:\/\/fontawesome.com)--><svg version=\"1.1\" xmlns=\"http:\/\/www.w3.org\/2000\/svg\" xmlns:xlink=\"http:\/\/www.w3.org\/1999\/xlink\" id=\"whatsapp\" viewBox=\"0 0 1536 1896.0833\"><path d=\"M985 974q13 0 97.5 44t89.5 53q2 5 2 15 0 33-17 76-16 39-71 65.5T984 1254q-57 0-190-62-98-45-170-118T476 889q-72-107-71-194v-8q3-91 74-158 24-22 52-22 6 0 18 1.5t19 1.5q19 0 26.5 6.5T610 544q8 20 33 88t25 75q0 21-34.5 57.5T599 811q0 7 5 15 34 73 102 137 56 53 151 101 12 7 22 7 15 0 54-48.5t52-48.5zm-203 530q127 0 243.5-50t200.5-134 134-200.5 50-243.5-50-243.5T1226 432t-200.5-134T782 248t-243.5 50T338 432 204 632.5 154 876q0 203 120 368l-79 233 242-77q158 104 345 104zm0-1382q153 0 292.5 60T1315 343t161 240.5 60 292.5-60 292.5-161 240.5-240.5 161-292.5 60q-195 0-365-94L0 1670l136-405Q28 1087 28 876q0-153 60-292.5T249 343t240.5-161T782 122z\"><\/path><\/svg><\/span><\/div>\n            <span class=\"list-text d-block\"><span>+49 221 78 95 90 00<\/span><\/span>\n          <\/div>\n          <\/span>\n          <div class=\"list-container-divider d-flex justify-content-lg-start justify-content-md-start justify-content-center\">\n            <!---->\n          <\/div>\n          <\/li>\n          <li class=\"list-item no-gutters\">\n            <!---->\n            <!---->\n            <a href=\"mailto:info@ebkv.de\" target=\"_blank\" h-use-smooth-scroll=\"true\" class=\"item-link no-gutters\" rel=\"noopener\">\n              <div class=\"d-flex h-col no-gutters align-items-lg-center align-items-md-center align-items-center list-item-text-wrapper\">\n                <div class=\"d-flex\"><span class=\"h-svg-icon style-1089-icon style-local-105-c7-icon\"><!--Icon by Icons8 Line Awesome (https:\/\/icons8.com\/line-awesome)--><svg version=\"1.1\" xmlns=\"http:\/\/www.w3.org\/2000\/svg\" xmlns:xlink=\"http:\/\/www.w3.org\/1999\/xlink\" id=\"envelope\" viewBox=\"0 0 512 545.5\"><path d=\"M48 160h416v288H48V160zm69 32l139 92.5L395 192H117zm-37 14v210h352V206L265 317.5l-9 5.5-9-5.5z\"><\/path><\/svg><\/span><\/div>\n                <span class=\"list-text d-block\"><span>info@ebkv.de<\/span><\/span>\n              <\/div>\n            <\/a>\n            <div class=\"list-container-divider d-flex justify-content-lg-start justify-content-md-start justify-content-center\">\n              <!---->\n            <\/div>\n          <\/li>\n          <li class=\"list-item no-gutters\">\n            <!---->\n            <!----><span target=\"_blank\" class=\"item-link no-gutters\"><div class=\"d-flex h-col no-gutters align-items-lg-center align-items-md-center align-items-center list-item-text-wrapper\"><div class=\"d-flex\"><span  class=\"h-svg-icon style-1089-icon style-local-105-c7-icon\"><!--Icon by Material Icons (https:\/\/material.io)--><svg version=\"1.1\" xmlns=\"http:\/\/www.w3.org\/2000\/svg\" xmlns:xlink=\"http:\/\/www.w3.org\/1999\/xlink\" id=\"payment\" viewBox=\"0 0 512 512\"><path d=\"M427 171v-43H85v43h342zm0 213V256H85v128h342zm0-299q18 0 30 12.5t12 30.5v256q0 18-12 30.5T427 427H85q-18 0-30-12.5T43 384V128q0-18 12-30.5T85 85h342z\"><\/path><\/svg><\/span><\/div>\n        <span class=\"list-text d-block\"><span>DE63 3705 0198 1933 7218 29<\/span><\/span>\n      <\/div>\n      <\/span>\n      <div class=\"list-container-divider d-flex justify-content-lg-start justify-content-md-start justify-content-center\">\n        <!---->\n      <\/div>\n      <\/li>\n      <li class=\"list-item no-gutters\">\n        <!---->\n        <!---->\n        <a href=\"https:\/\/www.paypal.me\/ebkv\" target=\"_blank\" h-use-smooth-scroll=\"true\" class=\"item-link no-gutters\" rel=\"noopener\">\n          <div class=\"d-flex h-col no-gutters align-items-lg-center align-items-md-center align-items-center list-item-text-wrapper\">\n            <div class=\"d-flex\"><span class=\"h-svg-icon style-1089-icon style-local-105-c7-icon\"><!--Icon by Icons8 Line Awesome (https:\/\/icons8.com\/line-awesome)--><svg version=\"1.1\" xmlns=\"http:\/\/www.w3.org\/2000\/svg\" xmlns:xlink=\"http:\/\/www.w3.org\/1999\/xlink\" id=\"cc-paypal\" viewBox=\"0 0 512 545.5\"><path d=\"M142.5 112H289c23.55 0 48.783 8.565 67 27.5 9.842 10.23 17.093 23.71 20.5 39.5 17.726 4.387 34.853 13.635 47.5 29 15.592 18.945 23.064 46.95 16 80-13.433 62.9-66.294 102-126.5 102h-43L254 467l-2.5 13H140l4.5-19.5L154 416H76l4.5-19.5 59-272zm26 32L116 384h45.5l16.5-77.5 2.5-12.5h69c47.058 0 84.433-27.518 95-77 5.932-27.745-.492-44.06-11.5-55.5S304.682 144 289 144H168.5zm40.5 23.5h51c14.195 0 27.553 6.61 35.5 17.5 7.763 10.636 10.027 24.977 6.5 39-.083.333.09.667 0 1h-.5c-6.986 27.818-31.568 48.5-60 48.5H185l4.5-19.5 16.5-74zm25.5 32l-9.5 42h16.5c11.217 0 26.492-11.545 29.5-24.5v-.5c1.714-6.3.356-10.456-1.5-13s-4.495-4-9.5-4h-25.5zm143 14c-.434 3.485-.727 6.885-1.5 10.5-13.433 62.9-66.294 102-126.5 102h-43L190 403l-2.5 13h-.5l-7 32h45.5l16.5-77.5 2.5-12.5h69c47.058 0 84.433-27.518 95-77 5.465-25.573.316-41.18-9-52.5-5.64-6.854-13.533-11.537-22-15z\"><\/path><\/svg><\/span><\/div>\n            <span class=\"list-text d-block\"><span>paypal.me\/ebkv<\/span><\/span>\n          <\/div>\n        <\/a>\n        <div class=\"list-container-divider d-flex justify-content-lg-start justify-content-md-start justify-content-center\" style=\"display: none;\">\n          <!---->\n        <\/div>\n        <div class=\"list-container-divider d-flex justify-content-lg-start justify-content-md-start justify-content-center last-el-spacer\"><\/div>\n      <\/li>\n      <\/ul>\n    <\/div>\n  <\/div>\n<\/div>\n<\/div>\n<div class=\"h-column h-column-container d-flex h-col-lg-6 h-col-md-6 h-col-12 style-1085-outer style-local-105-c8-outer\">\n  <div data-colibri-id=\"105-c8\" class=\"d-flex h-flex-basis h-column__inner h-px-lg-0 h-px-md-0 h-px-0 v-inner-lg-0 v-inner-md-0 v-inner-0 style-1085 style-local-105-c8 position-relative\">\n    <!---->\n    <!---->\n    <div class=\"w-100 h-y-container h-column__content h-column__v-align flex-basis-100 align-self-lg-center align-self-md-center align-self-center\">\n      <!---->\n      <div data-colibri-id=\"105-c9\" class=\"style-1170 style-local-105-c9 position-relative h-element\">\n        <!---->\n        <div class=\"h-global-transition-all h-global-transition h-global-transition-all h-contact-form-shortcode\">\n<div class=\"wpcf7 no-js\" id=\"wpcf7-f451-o1\" lang=\"de-DE\" dir=\"ltr\" data-wpcf7-id=\"451\">\n<div class=\"screen-reader-response\"><p role=\"status\" aria-live=\"polite\" aria-atomic=\"true\"><\/p> <ul><\/ul><\/div>\n<form action=\"\/index.php?rest_route=%2Fwp%2Fv2%2Fpages%2F105#wpcf7-f451-o1\" method=\"post\" class=\"wpcf7-form init\" aria-label=\"Kontaktformular\" novalidate=\"novalidate\" data-status=\"init\">\n<fieldset class=\"hidden-fields-container\"><input type=\"hidden\" name=\"_wpcf7\" value=\"451\" \/><input type=\"hidden\" name=\"_wpcf7_version\" value=\"6.1.5\" \/><input type=\"hidden\" name=\"_wpcf7_locale\" value=\"de_DE\" \/><input type=\"hidden\" name=\"_wpcf7_unit_tag\" value=\"wpcf7-f451-o1\" \/><input type=\"hidden\" name=\"_wpcf7_container_post\" value=\"0\" \/><input type=\"hidden\" name=\"_wpcf7_posted_data_hash\" value=\"\" \/>\n<\/fieldset>\n<p><label> \u0130sim Soyisim: (*)<br \/>\n<span class=\"wpcf7-form-control-wrap\" data-name=\"your-name\"><input size=\"40\" maxlength=\"400\" class=\"wpcf7-form-control wpcf7-text wpcf7-validates-as-required\" aria-required=\"true\" aria-invalid=\"false\" value=\"\" type=\"text\" name=\"your-name\" \/><\/span> <\/label>\n<\/p>\n<p><label> E-Posta Adresi: (*)<br \/>\n<span class=\"wpcf7-form-control-wrap\" data-name=\"your-email\"><input size=\"40\" maxlength=\"400\" class=\"wpcf7-form-control wpcf7-email wpcf7-validates-as-required wpcf7-text wpcf7-validates-as-email\" aria-required=\"true\" aria-invalid=\"false\" value=\"\" type=\"email\" name=\"your-email\" \/><\/span> <\/label>\n<\/p>\n<p><label> Telefon Numaras\u0131: (*)<br \/>\n<span class=\"wpcf7-form-control-wrap\" data-name=\"your-telephone\"><input size=\"40\" maxlength=\"400\" class=\"wpcf7-form-control wpcf7-text wpcf7-validates-as-required\" aria-required=\"true\" aria-invalid=\"false\" value=\"\" type=\"text\" name=\"your-telephone\" \/><\/span> <\/label>\n<\/p>\n<p><label> Konu:<br \/>\n<span class=\"wpcf7-form-control-wrap\" data-name=\"your-subject\"><input size=\"40\" maxlength=\"400\" class=\"wpcf7-form-control wpcf7-text\" aria-invalid=\"false\" value=\"\" type=\"text\" name=\"your-subject\" \/><\/span> <\/label>\n<\/p>\n<p><label> Detayl\u0131 Bilgi: (*)<br \/>\n<span class=\"wpcf7-form-control-wrap\" data-name=\"your-message\"><textarea cols=\"40\" rows=\"10\" maxlength=\"2000\" class=\"wpcf7-form-control wpcf7-textarea\" aria-invalid=\"false\" name=\"your-message\"><\/textarea><\/span> <\/label>\n<\/p>\n<p><input class=\"wpcf7-form-control wpcf7-submit has-spinner\" type=\"submit\" value=\"G\u00f6nder\" \/>\n<\/p><p style=\"display: none !important;\" class=\"akismet-fields-container\" data-prefix=\"_wpcf7_ak_\"><label>&#916;<textarea name=\"_wpcf7_ak_hp_textarea\" cols=\"45\" rows=\"8\" maxlength=\"100\"><\/textarea><\/label><input type=\"hidden\" id=\"ak_js_1\" name=\"_wpcf7_ak_js\" value=\"110\"\/><script>document.getElementById( \"ak_js_1\" ).setAttribute( \"value\", ( new Date() ).getTime() );<\/script><\/p><input type='hidden' class='wpcf7-pum' value='{\"closepopup\":false,\"closedelay\":0,\"openpopup\":false,\"openpopup_id\":0}' \/><div class=\"wpcf7-response-output\" aria-hidden=\"true\"><\/div>\n<\/form>\n<\/div>\n<\/div>\n      <\/div>\n    <\/div>\n  <\/div>\n<\/div>\n<\/div>\n<\/div>\n<\/div>\n<\/div>\n<\/div>","protected":false},"excerpt":{"rendered":"<p>\u0130rtibat bilgilerimiz \u0130rtibat formumuzu kullanarak bize yazabilir, bizi arayabilir ya da derne\u011fimize u\u011frayabilirsiniz. Ehrenfelder Bildungs- und Kulturverein e.V. Melatener Weg 2050825 K\u00f6ln +49 221 78 95 90 00 +49 221 78 95 90 00 info@ebkv.de DE63 3705 0198 1933 7218 29 paypal.me\/ebkv<\/p>\n","protected":false},"author":1,"featured_media":0,"parent":0,"menu_order":0,"comment_status":"closed","ping_status":"closed","template":"page-templates\/full-width-page.php","meta":{"_joinchat":[],"footnotes":""},"class_list":["post-105","page","type-page","status-publish","hentry"],"_links":{"self":[{"href":"https:\/\/ehrenfeld.vikz.de\/index.php?rest_route=\/wp\/v2\/pages\/105","targetHints":{"allow":["GET"]}}],"collection":[{"href":"https:\/\/ehrenfeld.vikz.de\/index.php?rest_route=\/wp\/v2\/pages"}],"about":[{"href":"https:\/\/ehrenfeld.vikz.de\/index.php?rest_route=\/wp\/v2\/types\/page"}],"author":[{"embeddable":true,"href":"https:\/\/ehrenfeld.vikz.de\/index.php?rest_route=\/wp\/v2\/users\/1"}],"replies":[{"embeddable":true,"href":"https:\/\/ehrenfeld.vikz.de\/index.php?rest_route=%2Fwp%2Fv2%2Fcomments&post=105"}],"version-history":[{"count":17,"href":"https:\/\/ehrenfeld.vikz.de\/index.php?rest_route=\/wp\/v2\/pages\/105\/revisions"}],"predecessor-version":[{"id":8406,"href":"https:\/\/ehrenfeld.vikz.de\/index.php?rest_route=\/wp\/v2\/pages\/105\/revisions\/8406"}],"wp:attachment":[{"href":"https:\/\/ehrenfeld.vikz.de\/index.php?rest_route=%2Fwp%2Fv2%2Fmedia&parent=105"}],"curies":[{"name":"wp","href":"https:\/\/api.w.org\/{rel}","templated":true}]}}