{"id":10905,"date":"2024-03-18T00:21:10","date_gmt":"2024-03-18T00:21:10","guid":{"rendered":"https:\/\/ehrenfeld.vikz.de\/?page_id=10905"},"modified":"2024-03-18T00:27:26","modified_gmt":"2024-03-18T00:27:26","slug":"teravih-namazi","status":"publish","type":"page","link":"https:\/\/ehrenfeld.vikz.de\/?page_id=10905","title":{"rendered":"Teravih Namaz\u0131"},"content":{"rendered":"<div data-colibri-id=\"10905-c1\" class=\"style-3736 style-local-10905-c1 position-relative\">\n  <!---->\n  <div data-colibri-component=\"section\" data-colibri-id=\"10905-c2\" id=\"content\" class=\"h-section h-section-global-spacing d-flex align-items-lg-center align-items-md-center align-items-center style-3737 style-local-10905-c2 position-relative\">\n    <!---->\n    <!---->\n    <div class=\"h-section-grid-container h-section-boxed-container\">\n      <!---->\n      <div data-colibri-id=\"10905-c3\" class=\"h-row-container gutters-row-lg-2 gutters-row-md-2 gutters-row-2 gutters-row-v-lg-2 gutters-row-v-md-2 gutters-row-v-2 style-3738 style-local-10905-c3 position-relative\">\n        <!---->\n        <div class=\"h-row justify-content-lg-center justify-content-md-center justify-content-center align-items-lg-stretch align-items-md-stretch align-items-stretch gutters-col-lg-2 gutters-col-md-2 gutters-col-2 gutters-col-v-lg-2 gutters-col-v-md-2 gutters-col-v-2\">\n          <!---->\n          <div class=\"h-column h-column-container d-flex h-col-lg-auto h-col-md-auto h-col-auto style-3739-outer style-local-10905-c4-outer\">\n            <div data-colibri-id=\"10905-c4\" class=\"d-flex h-flex-basis h-column__inner h-px-lg-0 h-px-md-0 h-px-0 v-inner-lg-0 v-inner-md-0 v-inner-0 style-3739 style-local-10905-c4 position-relative\">\n              <!---->\n              <!---->\n              <div class=\"w-100 h-y-container h-column__content h-column__v-align flex-basis-100 align-self-lg-center align-self-md-center align-self-center\">\n                <!---->\n                <div data-colibri-id=\"10905-c5\" class=\"h-global-transition-all h-heading style-3740 style-local-10905-c5 position-relative h-element\">\n                  <!---->\n                  <div class=\"h-heading__outer style-3740 style-local-10905-c5\">\n                    <!---->\n                    <!---->\n                    <h3 class=\"\">Teravih Namaz\u0131<\/h3>\n                  <\/div>\n                <\/div>\n                <div data-colibri-id=\"10905-c6\" class=\"h-row-container gutters-row-lg-0 gutters-row-md-0 gutters-row-2 gutters-row-v-lg-0 gutters-row-v-md-0 gutters-row-v-0 style-3741 style-local-10905-c6 position-relative\">\n                  <!---->\n                  <div class=\"h-row justify-content-lg-center justify-content-md-center justify-content-center align-items-lg-stretch align-items-md-stretch align-items-stretch gutters-col-lg-0 gutters-col-md-0 gutters-col-2 gutters-col-v-lg-0 gutters-col-v-md-0 gutters-col-v-0\">\n                    <!---->\n                    <div class=\"h-column h-column-container d-flex h-col-lg-auto h-col-md-auto h-col-auto style-3742-outer style-local-10905-c7-outer\">\n                      <div data-colibri-id=\"10905-c7\" class=\"d-flex h-flex-basis h-column__inner h-px-lg-1 h-px-md-1 h-px-1 v-inner-lg-1 v-inner-md-1 v-inner-1 style-3742 style-local-10905-c7 position-relative\">\n                        <!---->\n                        <!---->\n                        <div class=\"w-100 h-y-container h-column__content h-column__v-align flex-basis-auto align-self-lg-start align-self-md-start align-self-start\">\n                          <!---->\n                          <div data-colibri-id=\"10905-c8\" class=\"h-icon style-3743 style-local-10905-c8 position-relative h-element\">\n                            <!----><span class=\"h-svg-icon h-icon__icon style-3743-icon style-local-10905-c8-icon\"><!--Icon by Ionicons (https:\/\/ionicons.com)--><svg version=\"1.1\" xmlns=\"http:\/\/www.w3.org\/2000\/svg\" xmlns:xlink=\"http:\/\/www.w3.org\/1999\/xlink\" id=\"ios-people-outline\" viewBox=\"0 0 448 512\"><path d=\"M224 112zm93 223c11 4-11-4 0 0 28 10 46 35 46 65H85c0-22 9-42 27-55 15-11 31-12 49-16 7-1 24-5 26-13s1-15 1-23c0-3 0-3-2-5-4-4-6-9-8-14-2-8-3-16-4-24-9 2-10-16-12-21-1-4-7-24 3-21-3-5-4-13-5-19-2-13-2-26 3-39 10-26 37-39 64-38 26 1 51 16 59 42 4 12 3 26 1 39-1 5-2 11-4 15 10-3 4 20 3 23-2 5-3 21-12 19-1 10-2 22-7 31-1 2-7 8-7 10v11c0 5 0 10 2 15s10 7 14 8c14 5 27 5 41 10zm-202 29c-6 6 9-10 0 0-6 6-10 12-12 20h242c-4-15-17-27-30-33s-28-4-41-9-25-9-28-25c-2-11-2-22-2-33 0-2 7-7 8-9 3-5 4-11 5-17 1-5 0-12 4-15 5-4 7-7 9-13 2-8 3-12-1-19-3-5 0-8 1-13 3-11 4-24 2-36-8-37-62-45-86-19-12 13-12 31-9 47 1 6 6 14 3 19-1 3-5 6-4 10 2 5 2 11 4 16 2 4 4 6 7 8s3 6 3 9c1 7 2 17 6 23 3 4 8 6 8 11v21c-1 8-2 18-8 24-7 6-18 10-27 12-11 3-23 3-33 7-8 3-15 8-21 14zm-3-42c-15 7 9-4 0 0-9 5-18 11-25 19-1 2-6 11-7 11H0c0-20 13-34 31-40 6-2 27-4 30-11 2-5 0-11 0-16-10 1-24-1-32-7-2-2 3-9 4-12l3-12c1-9 1-19 1-28 0-16-1-34 8-48 8-13 23-18 38-18 24 0 43 13 47 37 3 16 1 32 2 48 0 8 2 16 5 24 1 2 5 7 3 9l-6 3c-5 2-11 3-17 4-1 0-8 0-9 1s0 9 0 11c0 4 1 6 5 7 6 2 19 3 23 8 2 3 1 5-2 5-8 1-15 1-22 5zm-41 14c6-10 16-18 26-24-9-9-5-26-4-37 0-2 0-5 2-5h8c6 0 11-1 17-2-7-23 0-47-5-70-3-16-15-23-31-23-17 0-27 9-30 25-4 22 3 46-4 68 9 1 17 2 26 2 1 0 1 28 1 29-1 12-8 18-19 22-12 4-29 3-36 15h49zm297 16c-2-8-10-14-16-19-8-6-18-13-28-15-3-1-16 1-13-5 2-4 9-5 13-6s15-2 16-7c0-1 1-14 0-14-6 0-12-1-18-2-4-1-7-2-11-4-6-3-2-6 0-11 14-32-10-88 32-105 15-6 34-5 48 3 15 9 20 27 20 44 0 20-4 44 7 62 2 3 4 4 0 6-2 1-4 1-6 2l-12 3s-9 1-13 1c0 4-2 13 1 17 6 7 21 7 29 10 18 6 31 20 31 40h-80zm-1-27c4 4-5-5 0 0s8 11 15 11h44c-7-12-26-11-38-16-11-4-16-12-17-24 0-2-1-27 1-27 9 0 18 0 26-1-7-23 1-47-4-70-3-15-15-23-30-23-17 0-28 8-31 25-4 23 2 46-5 68 6 2 12 2 18 2s8-1 9 5c1 11 5 28-4 37 6 4 11 8 16 13z\"><\/path><\/svg><\/span><\/div>\n                        <\/div>\n                      <\/div>\n                    <\/div>\n                    <div class=\"h-column h-column-container d-flex h-col-lg h-col-md h-col-auto style-3744-outer style-local-10905-c9-outer\">\n                      <div data-colibri-id=\"10905-c9\" class=\"d-flex h-flex-basis h-column__inner h-px-lg-1 h-px-md-1 h-px-1 v-inner-lg-1 v-inner-md-1 v-inner-1 style-3744 style-local-10905-c9 position-relative\">\n                        <!---->\n                        <!---->\n                        <div class=\"w-100 h-y-container h-column__content h-column__v-align flex-basis-100 align-self-lg-start align-self-md-start align-self-start\">\n                          <!---->\n                          <div data-colibri-id=\"10905-c10\" class=\"h-global-transition-all h-heading style-3745 style-local-10905-c10 position-relative h-element\">\n                            <!---->\n                            <div class=\"h-heading__outer style-3745 style-local-10905-c10\">\n                              <!---->\n                              <!---->\n                              <h4 class=\"\">Namaz Sureleri ile Teravih Namaz\u0131<\/h4>\n                            <\/div>\n                          <\/div>\n                          <div data-colibri-id=\"10905-c11\" class=\"h-text h-text-component style-3746 style-local-10905-c11 position-relative h-element\">\n                            <!---->\n                            <!---->\n                            <div class=\"\">\n                              <p>Camimizde her g\u00fcn Ramazan ay\u0131 m\u00fcddetince namaz sureleri ile Teravih namaz\u0131 k\u0131l\u0131nmaktad\u0131r.<\/p>\n                            <\/div>\n                          <\/div>\n                        <\/div>\n                      <\/div>\n                    <\/div>\n                  <\/div>\n                <\/div>\n                <div data-colibri-id=\"10905-c12\" class=\"h-row-container gutters-row-lg-0 gutters-row-md-0 gutters-row-2 gutters-row-v-lg-0 gutters-row-v-md-0 gutters-row-v-0 style-3741 style-local-10905-c12 position-relative\">\n                  <!---->\n                  <div class=\"h-row justify-content-lg-center justify-content-md-center justify-content-center align-items-lg-stretch align-items-md-stretch align-items-stretch gutters-col-lg-0 gutters-col-md-0 gutters-col-2 gutters-col-v-lg-0 gutters-col-v-md-0 gutters-col-v-0\">\n                    <!---->\n                    <div class=\"h-column h-column-container d-flex h-col-lg-auto h-col-md-auto h-col-auto style-3742-outer style-local-10905-c13-outer\">\n                      <div data-colibri-id=\"10905-c13\" class=\"d-flex h-flex-basis h-column__inner h-px-lg-1 h-px-md-1 h-px-1 v-inner-lg-1 v-inner-md-1 v-inner-1 style-3742 style-local-10905-c13 position-relative\">\n                        <!---->\n                        <!---->\n                        <div class=\"w-100 h-y-container h-column__content h-column__v-align flex-basis-auto align-self-lg-start align-self-md-start align-self-start\">\n                          <!---->\n                          <div data-colibri-id=\"10905-c14\" class=\"h-icon style-3743 style-local-10905-c14 position-relative h-element\">\n                            <!----><span class=\"h-svg-icon h-icon__icon style-3743-icon style-local-10905-c14-icon\"><!--Icon by Ionicons (https:\/\/ionicons.com)--><svg version=\"1.1\" xmlns=\"http:\/\/www.w3.org\/2000\/svg\" xmlns:xlink=\"http:\/\/www.w3.org\/1999\/xlink\" id=\"ios-people\" viewBox=\"0 0 448 512\"><path d=\"M317 335c11 4-11-4 0 0zm0 0c28 10 46 35 46 65H85c0-22 9-42 27-55 15-11 31-12 49-16 7-1 24-5 26-13s1-15 1-23c0-3 0-3-2-5-4-4-6-9-8-14-2-8-3-16-4-24-9 2-10-16-12-21-1-4-7-24 3-21-3-5-4-13-5-19-2-13-2-26 3-39 10-26 37-39 64-38 26 1 51 16 59 42 4 12 3 26 1 39-1 5-2 11-4 15 10-3 4 20 3 23-2 5-3 21-12 19-1 10-2 22-7 31-1 2-7 8-7 10v11c0 5 0 10 2 15s10 7 14 8c14 5 27 5 41 10zm-206-13h2-2zm0 0c-9 5-17 11-24 19-1 2-6 11-7 11H0c0-20 12-34 30-40 6-2 27-4 30-11 2-5 1-11 1-16-10 1-24-1-32-7-2-2 3-9 4-12 1-4 2-7 3-11 1-9 1-19 1-28 0-16-1-35 8-49 8-13 23-18 38-18 24 0 43 13 47 37 3 16 1 32 2 48 0 8 2 16 5 24 1 2 5 7 3 9l-6 3c-5 2-11 3-17 4-1 0-8 0-9 1s0 9 0 11c0 4 1 6 5 7 6 2 19 3 23 8 2 3 1 5-2 5-7 1-14 2-21 5 2-1 2-2-1 0-8 4-4 2-1 0zm306-10c18 6 31 20 31 40h-80c-2-8-10-14-16-19-8-6-18-13-28-15-3-1-16 1-13-5 2-4 9-5 13-6s15-2 16-7c0-1 1-14 0-14-6 0-12-1-18-2-4-1-7-2-11-4-6-3-2-6 0-11 14-32-10-88 32-105 15-6 34-5 48 3 15 9 20 27 20 44 0 20-4 44 7 62 2 3 4 4 0 6-2 1-4 1-6 2l-12 3s-9 1-13 1c0 4-2 13 1 17 6 7 21 7 29 10z\"><\/path><\/svg><\/span><\/div>\n                        <\/div>\n                      <\/div>\n                    <\/div>\n                    <div class=\"h-column h-column-container d-flex h-col-lg h-col-md h-col-auto style-3744-outer style-local-10905-c15-outer\">\n                      <div data-colibri-id=\"10905-c15\" class=\"d-flex h-flex-basis h-column__inner h-px-lg-1 h-px-md-1 h-px-1 v-inner-lg-1 v-inner-md-1 v-inner-1 style-3744 style-local-10905-c15 position-relative\">\n                        <!---->\n                        <!---->\n                        <div class=\"w-100 h-y-container h-column__content h-column__v-align flex-basis-100 align-self-lg-start align-self-md-start align-self-start\">\n                          <!---->\n                          <div data-colibri-id=\"10905-c16\" class=\"h-global-transition-all h-heading style-3745 style-local-10905-c16 position-relative h-element\">\n                            <!---->\n                            <div class=\"h-heading__outer style-3745 style-local-10905-c16\">\n                              <!---->\n                              <!---->\n                              <h4 class=\"\">Hatim ile Teravih Namaz\u0131<\/h4>\n                            <\/div>\n                          <\/div>\n                          <div data-colibri-id=\"10905-c17\" class=\"h-text h-text-component style-3746 style-local-10905-c17 position-relative h-element\">\n                            <!---->\n                            <!---->\n                            <div class=\"\">\n                              <p><span style=\"font-weight: 400; font-size: 16px; font-family: &quot;Open Sans&quot;; color: rgb(70, 112, 127);\">Camimizde her g\u00fcn Ramazan ay\u0131 m\u00fcddetince haf\u0131zlar\u0131m\u0131z taraf\u0131nda Hatim ile Teravih namaz\u0131 k\u0131l\u0131nmaktad\u0131r.<\/span><\/p>\n                            <\/div>\n                          <\/div>\n                        <\/div>\n                      <\/div>\n                    <\/div>\n                  <\/div>\n                <\/div>\n              <\/div>\n            <\/div>\n          <\/div>\n          <div class=\"h-column h-column-container d-flex h-col-lg-auto h-col-md-auto h-col-auto style-3749-outer style-local-10905-c20-outer\">\n            <div data-colibri-id=\"10905-c20\" class=\"d-flex h-flex-basis h-column__inner h-px-lg-0 h-px-md-0 h-px-0 v-inner-lg-0 v-inner-md-0 v-inner-0 style-3749 style-local-10905-c20 position-relative\">\n              <!---->\n              <!---->\n              <div class=\"w-100 h-y-container h-column__content h-column__v-align flex-basis-100 align-self-lg-center align-self-md-center align-self-center\">\n                <!---->\n                <div data-colibri-id=\"10905-c23\" class=\"d-block style-3752 style-local-10905-c23 position-relative h-element\">\n                  <!---->\n                  <div class=\"h-image__frame-container-outer\">\n                    <div class=\"h-image__frame-container\">\n                      <!---->\n                      <!---->\n                      <img loading=\"lazy\" decoding=\"async\" width=\"1080\" height=\"1080\" src=\"https:\/\/ehrenfeld.vikz.de\/wp-content\/uploads\/2024\/03\/namaz.jpg\" class=\"wp-image-10904 style-3752-image style-local-10905-c23-image\" alt=\"\" srcset=\"https:\/\/ehrenfeld.vikz.de\/wp-content\/uploads\/2024\/03\/namaz.jpg 1080w, https:\/\/ehrenfeld.vikz.de\/wp-content\/uploads\/2024\/03\/namaz-300x300.jpg 300w, https:\/\/ehrenfeld.vikz.de\/wp-content\/uploads\/2024\/03\/namaz-1024x1024.jpg 1024w, https:\/\/ehrenfeld.vikz.de\/wp-content\/uploads\/2024\/03\/namaz-150x150.jpg 150w, https:\/\/ehrenfeld.vikz.de\/wp-content\/uploads\/2024\/03\/namaz-768x768.jpg 768w, https:\/\/ehrenfeld.vikz.de\/wp-content\/uploads\/2024\/03\/namaz-600x600.jpg 600w, https:\/\/ehrenfeld.vikz.de\/wp-content\/uploads\/2024\/03\/namaz-100x100.jpg 100w, https:\/\/ehrenfeld.vikz.de\/wp-content\/uploads\/2024\/03\/namaz-60x60.jpg 60w, https:\/\/ehrenfeld.vikz.de\/wp-content\/uploads\/2024\/03\/namaz-90x90.jpg 90w\" sizes=\"auto, (max-width: 1080px) 100vw, 1080px\" \/>\n                      <div class=\"h-image__frame h-hide-lg h-hide-md h-hide-sm style-3752-frameImage style-local-10905-c23-frameImage\"><\/div>\n                    <\/div>\n                  <\/div>\n                <\/div>\n              <\/div>\n            <\/div>\n          <\/div>\n        <\/div>\n      <\/div>\n    <\/div>\n  <\/div>\n<\/div>","protected":false},"excerpt":{"rendered":"<p>Teravih Namaz\u0131 Namaz Sureleri ile Teravih Namaz\u0131 Camimizde her g\u00fcn Ramazan ay\u0131 m\u00fcddetince namaz sureleri ile Teravih namaz\u0131 k\u0131l\u0131nmaktad\u0131r. Hatim ile Teravih Namaz\u0131 Camimizde her g\u00fcn Ramazan ay\u0131 m\u00fcddetince haf\u0131zlar\u0131m\u0131z taraf\u0131nda Hatim ile Teravih namaz\u0131 k\u0131l\u0131nmaktad\u0131r.<\/p>\n","protected":false},"author":1,"featured_media":0,"parent":62,"menu_order":0,"comment_status":"closed","ping_status":"closed","template":"page-templates\/full-width-page.php","meta":{"_joinchat":[],"footnotes":""},"class_list":["post-10905","page","type-page","status-publish","hentry"],"_links":{"self":[{"href":"https:\/\/ehrenfeld.vikz.de\/index.php?rest_route=\/wp\/v2\/pages\/10905","targetHints":{"allow":["GET"]}}],"collection":[{"href":"https:\/\/ehrenfeld.vikz.de\/index.php?rest_route=\/wp\/v2\/pages"}],"about":[{"href":"https:\/\/ehrenfeld.vikz.de\/index.php?rest_route=\/wp\/v2\/types\/page"}],"author":[{"embeddable":true,"href":"https:\/\/ehrenfeld.vikz.de\/index.php?rest_route=\/wp\/v2\/users\/1"}],"replies":[{"embeddable":true,"href":"https:\/\/ehrenfeld.vikz.de\/index.php?rest_route=%2Fwp%2Fv2%2Fcomments&post=10905"}],"version-history":[{"count":2,"href":"https:\/\/ehrenfeld.vikz.de\/index.php?rest_route=\/wp\/v2\/pages\/10905\/revisions"}],"predecessor-version":[{"id":10909,"href":"https:\/\/ehrenfeld.vikz.de\/index.php?rest_route=\/wp\/v2\/pages\/10905\/revisions\/10909"}],"up":[{"embeddable":true,"href":"https:\/\/ehrenfeld.vikz.de\/index.php?rest_route=\/wp\/v2\/pages\/62"}],"wp:attachment":[{"href":"https:\/\/ehrenfeld.vikz.de\/index.php?rest_route=%2Fwp%2Fv2%2Fmedia&parent=10905"}],"curies":[{"name":"wp","href":"https:\/\/api.w.org\/{rel}","templated":true}]}}