{"id":120,"date":"2020-04-18T15:04:52","date_gmt":"2020-04-18T15:04:52","guid":{"rendered":"http:\/\/ebkv.tombaklar.com\/?page_id=120"},"modified":"2023-04-07T16:03:01","modified_gmt":"2023-04-07T16:03:01","slug":"destek-ol","status":"publish","type":"page","link":"https:\/\/ehrenfeld.vikz.de\/?page_id=120","title":{"rendered":"\u00dcYE &#038; DESTEK OL"},"content":{"rendered":"<div data-colibri-id=\"120-c1\" class=\"style-843 style-local-120-c1 position-relative\">\n  <!---->\n  <div data-colibri-component=\"section\" data-colibri-id=\"120-c2\" id=\"portfolio\" class=\"h-section h-section-global-spacing d-flex align-items-lg-center align-items-md-center align-items-center style-1065 style-local-120-c2 position-relative\">\n    <!---->\n    <!---->\n    <div class=\"h-section-grid-container h-section-boxed-container\">\n      <div data-colibri-id=\"120-c16\" class=\"h-row-container gutters-row-lg-2 gutters-row-md-2 gutters-row-0 gutters-row-v-lg-2 gutters-row-v-md-2 gutters-row-v-2 style-1071 style-local-120-c16 position-relative\">\n        <!---->\n        <div class=\"h-row justify-content-lg-center justify-content-md-center justify-content-center align-items-lg-stretch align-items-md-stretch align-items-stretch gutters-col-lg-2 gutters-col-md-2 gutters-col-0 gutters-col-v-lg-2 gutters-col-v-md-2 gutters-col-v-2\">\n          <!---->\n          <div class=\"h-column h-column-container d-flex h-col-lg-auto h-col-md-auto h-col-auto style-1072-outer style-local-120-c17-outer\">\n            <div data-colibri-id=\"120-c17\" class=\"d-flex h-flex-basis h-column__inner h-px-lg-2 h-px-md-2 h-px-2 v-inner-lg-2 v-inner-md-2 v-inner-2 style-1072 style-local-120-c17 position-relative\">\n              <!---->\n              <!---->\n              <div class=\"w-100 h-y-container h-column__content h-column__v-align flex-basis-100 align-self-lg-start align-self-md-start align-self-start\">\n                <!---->\n                <div data-colibri-id=\"120-c18\" class=\"h-global-transition-all h-heading style-1073 style-local-120-c18 position-relative h-element\">\n                  <!---->\n                  <div class=\"h-heading__outer style-1073 style-local-120-c18\">\n                    <!---->\n                    <!---->\n                    <h2 class=\"\"><span style=\"font-weight: 600;\">Ne verirsen elinle, o gider seninle<\/span><\/h2>\n                  <\/div>\n                <\/div>\n                <div data-colibri-id=\"120-c19\" class=\"h-lead h-text h-text-component style-1074 style-local-120-c19 position-relative h-element\">\n                  <!---->\n                  <!---->\n                  <div class=\"\">\n                    <p>Hizmetlerimize as\u0131l \u00fcye veya desktekleyici \u00fcye (F\u00f6rdermitglied) olarak maddi yard\u0131mda bulunabilirsiniz.\n                      <br>Maddi yard\u0131mlar\u0131n\u0131z\u0131 a\u015fa\u011f\u0131daki \u00f6deme \u015fekilleriyle \u00e7ok kolay bir \u015fekilde yapabilirsiniz.\n                      <br><span style=\"font-weight: 600;\">Hazreti Allah (c.c.) yapm\u0131\u015f oldu\u011funuz ve yapaca\u011f\u0131n\u0131z t\u00fcm yard\u0131mlar\u0131n\u0131z\u0131 kabul etsin.<\/span><\/p>\n                  <\/div>\n                <\/div>\n              <\/div>\n            <\/div>\n          <\/div>\n        <\/div>\n      <\/div>\n      <div data-colibri-id=\"120-c3\" class=\"h-row-container gutters-row-lg-2 gutters-row-md-2 gutters-row-0 gutters-row-v-lg-2 gutters-row-v-md-2 gutters-row-v-2 style-1066 style-local-120-c3 position-relative\">\n        <!---->\n        <div class=\"h-row justify-content-lg-center justify-content-md-center justify-content-center align-items-lg-stretch align-items-md-stretch align-items-stretch gutters-col-lg-2 gutters-col-md-2 gutters-col-0 gutters-col-v-lg-2 gutters-col-v-md-2 gutters-col-v-2\">\n          <!---->\n          <div class=\"h-column h-column-container d-flex h-col-lg-6 h-col-md-6 h-col-12 style-1067-outer style-local-120-c4-outer\">\n            <div data-colibri-id=\"120-c4\" class=\"d-flex h-flex-basis h-column__inner h-px-lg-2 h-px-md-2 h-px-2 v-inner-lg-2 v-inner-md-2 v-inner-2 style-1067 style-local-120-c4 position-relative\">\n              <!---->\n              <!---->\n              <div class=\"w-100 h-y-container h-column__content h-column__v-align flex-basis-100 align-self-lg-start align-self-md-start align-self-start\">\n                <!---->\n                <div data-colibri-id=\"120-c5\" class=\"d-block style-1068 style-local-120-c5 position-relative h-element\">\n                  <!---->\n                  <div class=\"h-image__frame-container-outer\">\n                    <a href=\"https:\/\/www.paypal.com\/donate?hosted_button_id=MR8E89VTXERM4\" target=\"_blank\" h-use-smooth-scroll=\"true\" class=\"image-link\" rel=\"noopener\">\n                      <div class=\"h-image__frame-container\">\n                        <!---->\n                        <!---->\n                        <img loading=\"lazy\" decoding=\"async\" width=\"220\" height=\"79\" src=\"https:\/\/ehrenfeld.vikz.de\/wp-content\/uploads\/2020\/04\/M2_Logo_01.jpg\" class=\"wp-image-930 style-1068-image style-local-120-c5-image\" alt=\"\" \/>\n                        <div class=\"h-image__frame h-hide-lg h-hide-md h-hide-sm style-1068-frameImage style-local-120-c5-frameImage\"><\/div>\n                      <\/div>\n                    <\/a>\n                  <\/div>\n                <\/div>\n                <div data-colibri-id=\"120-c6\" class=\"h-x-container style-1069 style-local-120-c6 position-relative h-element\">\n                  <!---->\n                  <div class=\"h-x-container-inner style-dynamic-120-c6-group style-1069-spacing style-local-120-c6-spacing\"><span class=\"h-button__outer style-1070-outer style-local-120-c7-outer d-inline-flex h-element\"><a h-use-smooth-scroll=\"true\" href=\"https:\/\/www.paypal.me\/ebkv\" target=\"_blank\" data-colibri-id=\"120-c7\" class=\"d-flex w-100 align-items-center h-button justify-content-lg-center justify-content-md-center justify-content-center style-1070 style-local-120-c7 position-relative\" rel=\"noopener\"><!----><!----> <span>PAYPAL \u0130LE BA\u011eI\u015e<\/span><\/a>\n                    <\/span>\n                  <\/div>\n                <\/div>\n                <div data-colibri-id=\"120-c8\" class=\"h-text h-text-component style-1075 style-local-120-c8 position-relative h-element\">\n                  <!---->\n                  <!---->\n                  <div class=\"\">\n                    <p>PayPal \u00fczerinden kolayca ba\u011f\u0131\u015flar\u0131n\u0131z\u0131 yapabilirsiniz.<\/p>\n                    <p>\u00d6deme ayarlar\u0131n\u0131zda l\u00fctfen &#8220;<span style=\"font-weight: 600;\">Geld an Freunde und Familie senden<\/span>&#8221; i se\u00e7in b\u00f6ylelikle kesinti olmam\u0131\u015f olur.<\/p>\n                    <p>\n                      <br>\n                    <\/p>\n                  <\/div>\n                <\/div>\n                <div data-colibri-id=\"120-c9\" class=\"h-text h-text-component style-3094 style-local-120-c9 position-relative h-element\">\n                  <!---->\n                  <!---->\n                  <div class=\"\">\n                    <p>A\u015fa\u011f\u0131daki QR-Code (Karekod) okutarak \u00e7ok kolayca yard\u0131mlar\u0131n\u0131z\u0131 derne\u011fimize g\u00f6nderebilirsiniz!<\/p>\n                  <\/div>\n                <\/div>\n                <div data-colibri-id=\"120-c10\" class=\"d-block style-3093 style-local-120-c10 position-relative h-element\">\n                  <!---->\n                  <div class=\"h-image__frame-container-outer\">\n                    <div class=\"h-image__frame-container\">\n                      <!---->\n                      <!---->\n                      <img decoding=\"async\" src=\"https:\/\/ehrenfeld.vikz.de\/wp-content\/uploads\/2022\/03\/2022-02-26-14.46.28-150x150.jpg\" class=\"style-3093-image style-local-120-c10-image\">\n                      <div class=\"h-image__frame h-hide-lg h-hide-md h-hide-sm style-3093-frameImage style-local-120-c10-frameImage\"><\/div>\n                    <\/div>\n                  <\/div>\n                <\/div>\n              <\/div>\n            <\/div>\n          <\/div>\n          <div class=\"h-column h-column-container d-flex h-col-lg-6 h-col-md-6 h-col-12 style-1067-outer style-local-120-c11-outer\">\n            <div data-colibri-id=\"120-c11\" class=\"d-flex h-flex-basis h-column__inner h-px-lg-2 h-px-md-2 h-px-2 v-inner-lg-2 v-inner-md-2 v-inner-2 style-1067 style-local-120-c11 position-relative\">\n              <!---->\n              <!---->\n              <div class=\"w-100 h-y-container h-column__content h-column__v-align flex-basis-100 align-self-lg-start align-self-md-start align-self-start\">\n                <!---->\n                <div data-colibri-id=\"120-c12\" class=\"d-block style-1068 style-local-120-c12 position-relative h-element\">\n                  <!---->\n                  <div class=\"h-image__frame-container-outer\">\n                    <a href=\"https:\/\/ehrenfeld.vikz.de\/?post_type=product\" h-use-smooth-scroll=\"true\" class=\"image-link\">\n                      <div class=\"h-image__frame-container\">\n                        <!---->\n                        <!---->\n                        <img loading=\"lazy\" decoding=\"async\" width=\"280\" height=\"130\" src=\"https:\/\/ehrenfeld.vikz.de\/wp-content\/uploads\/2022\/03\/klarna-sofort-logo.png\" class=\"wp-image-9012 style-1068-image style-local-120-c12-image\" alt=\"\" \/>\n                        <div class=\"h-image__frame h-hide-lg h-hide-md h-hide-sm style-1068-frameImage style-local-120-c12-frameImage\"><\/div>\n                      <\/div>\n                    <\/a>\n                  <\/div>\n                <\/div>\n                <div data-colibri-id=\"120-c13\" class=\"h-x-container style-1069 style-local-120-c13 position-relative h-element\">\n                  <!---->\n                  <div class=\"h-x-container-inner style-dynamic-120-c13-group style-1069-spacing style-local-120-c13-spacing\"><span class=\"h-button__outer style-1070-outer style-local-120-c14-outer d-inline-flex h-element\"><a h-use-smooth-scroll=\"true\" href=\"https:\/\/ehrenfeld.vikz.de\/?post_type=product\"  data-colibri-id=\"120-c14\" class=\"d-flex w-100 align-items-center h-button justify-content-lg-center justify-content-md-center justify-content-center style-1070 style-local-120-c14 position-relative\"><!----><!----> <span>Sofort \u00dcberweisung<\/span><\/a>\n                    <\/span>\n                  <\/div>\n                <\/div>\n                <div data-colibri-id=\"120-c15\" class=\"h-text h-text-component style-1075 style-local-120-c15 position-relative h-element\">\n                  <!---->\n                  <!---->\n                  <div class=\"\">\n                    <p><span style=\"color: rgb(70, 112, 127); font-family: &quot;Open Sans&quot;; font-size: 16px; font-weight: 400;\">Sofort \u00dcberweisung \u00fczerinden kolayca ba\u011f\u0131\u015flar\u0131n\u0131z\u0131 yapabilirsiniz.<\/span><\/p>\n                    <p>\n                      <br>\n                    <\/p>\n                  <\/div>\n                <\/div>\n              <\/div>\n            <\/div>\n          <\/div>\n        <\/div>\n      <\/div>\n    <\/div>\n  <\/div>\n  <div data-colibri-component=\"section\" data-colibri-id=\"120-c20\" id=\"contact\" class=\"h-section h-section-global-spacing d-flex align-items-lg-center align-items-md-center align-items-center style-1124 style-local-120-c20 position-relative\">\n    <!---->\n    <!---->\n    <div class=\"h-section-grid-container h-section-boxed-container\">\n      <!---->\n      <div data-colibri-id=\"120-c21\" class=\"h-row-container gutters-row-lg-2 gutters-row-md-2 gutters-row-0 gutters-row-v-lg-2 gutters-row-v-md-2 gutters-row-v-2 style-2056 style-local-120-c21 position-relative\">\n        <!---->\n        <div class=\"h-row justify-content-lg-center justify-content-md-center justify-content-center align-items-lg-stretch align-items-md-stretch align-items-stretch gutters-col-lg-2 gutters-col-md-2 gutters-col-0 gutters-col-v-lg-2 gutters-col-v-md-2 gutters-col-v-2\">\n          <!---->\n          <div class=\"h-column h-column-container d-flex h-col-lg-auto h-col-md-auto h-col-auto style-2057-outer style-local-120-c22-outer\">\n            <div data-colibri-id=\"120-c22\" class=\"d-flex h-flex-basis h-column__inner h-px-lg-2 h-px-md-2 h-px-2 v-inner-lg-2 v-inner-md-2 v-inner-2 style-2057 style-local-120-c22 position-relative\">\n              <!---->\n              <!---->\n              <div class=\"w-100 h-y-container h-column__content h-column__v-align flex-basis-100 align-self-lg-start align-self-md-start align-self-start\">\n                <!---->\n                <div data-colibri-id=\"120-c23\" class=\"h-global-transition-all h-heading style-2058 style-local-120-c23 position-relative h-element\">\n                  <!---->\n                  <div class=\"h-heading__outer style-2058 style-local-120-c23\">\n                    <!---->\n                    <!---->\n                    <h2 class=\"\"><span style=\"font-weight: 600;\">DESTEKLEY\u0130C\u0130 \u00dcYE OL<\/span><\/h2>\n                  <\/div>\n                <\/div>\n              <\/div>\n            <\/div>\n          <\/div>\n        <\/div>\n      <\/div>\n      <div data-colibri-id=\"120-c24\" class=\"h-row-container gutters-row-lg-2 gutters-row-md-2 gutters-row-0 gutters-row-v-lg-2 gutters-row-v-md-2 gutters-row-v-2 style-1523 style-local-120-c24 position-relative\">\n        <!---->\n        <div class=\"h-row justify-content-lg-center justify-content-md-center justify-content-center align-items-lg-stretch align-items-md-stretch align-items-stretch gutters-col-lg-2 gutters-col-md-2 gutters-col-0 gutters-col-v-lg-2 gutters-col-v-md-2 gutters-col-v-2\">\n          <!---->\n          <div class=\"h-column h-column-container d-flex h-col-lg-auto h-col-md-auto h-col-auto style-1524-outer style-local-120-c25-outer\">\n            <div data-colibri-id=\"120-c25\" class=\"d-flex h-flex-basis h-column__inner h-px-lg-2 h-px-md-2 h-px-2 v-inner-lg-2 v-inner-md-2 v-inner-2 style-1524 style-local-120-c25 position-relative\">\n              <!---->\n              <!---->\n              <div class=\"w-100 h-y-container h-column__content h-column__v-align flex-basis-100 align-self-lg-start align-self-md-start align-self-start\">\n                <!---->\n                <div data-colibri-id=\"120-c26\" class=\"h-text h-text-component style-1525 style-local-120-c26 position-relative h-element\">\n                  <!---->\n                  <!---->\n                  <div class=\"\">\n                    <p><span style=\"font-weight: 400; font-size: 16px; font-family: &quot;Open Sans&quot;; color: rgb(70, 112, 127);\">Destekleyici \u00fcye olarak hizmetlerimize maddi yard\u0131mda bulunabilirsiniz. Bunun i\u00e7in bankan\u0131za d\u00fczenli havale (Dauerauftrag) veya bize para \u00e7ekme yetkisi (Lastschrift) vermek suretiyle veya yukarda sunmu\u015f oldu\u011fumuz \u00f6deme \u015fekileriyle yard\u0131mda bulunabilirsiniz.&nbsp;<\/span><\/p>\n                  <\/div>\n                <\/div>\n              <\/div>\n            <\/div>\n          <\/div>\n        <\/div>\n      <\/div>\n      <div data-colibri-id=\"120-c27\" class=\"h-row-container gutters-row-lg-0 gutters-row-md-0 gutters-row-0 gutters-row-v-lg-0 gutters-row-v-md-0 gutters-row-v-0 style-1125 style-local-120-c27 position-relative\">\n        <!---->\n        <div class=\"h-row justify-content-lg-center justify-content-md-center justify-content-center align-items-lg-stretch align-items-md-stretch align-items-stretch gutters-col-lg-0 gutters-col-md-0 gutters-col-0 gutters-col-v-lg-0 gutters-col-v-md-0 gutters-col-v-0\">\n          <!---->\n          <div class=\"h-column h-column-container d-flex h-col-lg-auto h-col-md-auto h-col-auto style-1126-outer style-local-120-c28-outer\">\n            <div data-colibri-id=\"120-c28\" class=\"d-flex h-flex-basis h-column__inner h-px-lg-2 h-px-md-2 h-px-2 v-inner-lg-2 v-inner-md-2 v-inner-2 style-1126 style-local-120-c28 position-relative\">\n              <!---->\n              <!---->\n              <div class=\"w-100 h-y-container h-column__content h-column__v-align flex-basis-auto align-self-lg-start align-self-md-start align-self-start\">\n                <!---->\n                <div data-colibri-id=\"120-c29\" class=\"h-global-transition-all h-heading style-1127 style-local-120-c29 position-relative h-element\">\n                  <!---->\n                  <div class=\"h-heading__outer style-1127 style-local-120-c29\">\n                    <!---->\n                    <!---->\n                    <h3 class=\"\">\u00dcYEL\u0130K B\u0130lg\u0130ler\u0130<\/h3>\n                  <\/div>\n                <\/div>\n              <\/div>\n            <\/div>\n          <\/div>\n        <\/div>\n      <\/div>\n      <div data-colibri-id=\"120-c30\" class=\"h-row-container gutters-row-lg-2 gutters-row-md-2 gutters-row-2 gutters-row-v-lg-0 gutters-row-v-md-0 gutters-row-v-2 style-1128 style-local-120-c30 position-relative\">\n        <!---->\n        <div class=\"h-row justify-content-lg-center justify-content-md-center justify-content-center align-items-lg-stretch align-items-md-stretch align-items-stretch gutters-col-lg-2 gutters-col-md-2 gutters-col-2 gutters-col-v-lg-0 gutters-col-v-md-0 gutters-col-v-2\">\n          <!---->\n          <div class=\"h-column h-column-container d-flex h-col-lg-auto h-col-md-auto h-col-auto style-1129-outer style-local-120-c31-outer\">\n            <div data-colibri-id=\"120-c31\" class=\"d-flex h-flex-basis h-column__inner h-px-lg-2 h-px-md-2 h-px-2 v-inner-lg-2 v-inner-md-2 v-inner-2 style-1129 style-local-120-c31 position-relative\">\n              <!---->\n              <!---->\n              <div class=\"w-100 h-y-container h-column__content h-column__v-align flex-basis-100 align-self-lg-start align-self-md-start align-self-start\">\n                <!---->\n                <div data-colibri-id=\"120-c32\" class=\"style-1130 style-local-120-c32 position-relative h-element\">\n                  <!---->\n                  <div class=\"h-global-transition-all h-global-transition h-global-transition-all h-contact-form-shortcode\">\n<div class=\"wpcf7 no-js\" id=\"wpcf7-f451-o1\" lang=\"de-DE\" dir=\"ltr\" data-wpcf7-id=\"451\">\n<div class=\"screen-reader-response\"><p role=\"status\" aria-live=\"polite\" aria-atomic=\"true\"><\/p> <ul><\/ul><\/div>\n<form action=\"\/index.php?rest_route=%2Fwp%2Fv2%2Fpages%2F120#wpcf7-f451-o1\" method=\"post\" class=\"wpcf7-form init\" aria-label=\"Kontaktformular\" novalidate=\"novalidate\" data-status=\"init\">\n<fieldset class=\"hidden-fields-container\"><input type=\"hidden\" name=\"_wpcf7\" value=\"451\" \/><input type=\"hidden\" name=\"_wpcf7_version\" value=\"6.1.5\" \/><input type=\"hidden\" name=\"_wpcf7_locale\" value=\"de_DE\" \/><input type=\"hidden\" name=\"_wpcf7_unit_tag\" value=\"wpcf7-f451-o1\" \/><input type=\"hidden\" name=\"_wpcf7_container_post\" value=\"0\" \/><input type=\"hidden\" name=\"_wpcf7_posted_data_hash\" value=\"\" \/>\n<\/fieldset>\n<p><label> \u0130sim Soyisim: (*)<br \/>\n<span class=\"wpcf7-form-control-wrap\" data-name=\"your-name\"><input size=\"40\" maxlength=\"400\" class=\"wpcf7-form-control wpcf7-text wpcf7-validates-as-required\" aria-required=\"true\" aria-invalid=\"false\" value=\"\" type=\"text\" name=\"your-name\" \/><\/span> <\/label>\n<\/p>\n<p><label> E-Posta Adresi: (*)<br \/>\n<span class=\"wpcf7-form-control-wrap\" data-name=\"your-email\"><input size=\"40\" maxlength=\"400\" class=\"wpcf7-form-control wpcf7-email wpcf7-validates-as-required wpcf7-text wpcf7-validates-as-email\" aria-required=\"true\" aria-invalid=\"false\" value=\"\" type=\"email\" name=\"your-email\" \/><\/span> <\/label>\n<\/p>\n<p><label> Telefon Numaras\u0131: (*)<br \/>\n<span class=\"wpcf7-form-control-wrap\" data-name=\"your-telephone\"><input size=\"40\" maxlength=\"400\" class=\"wpcf7-form-control wpcf7-text wpcf7-validates-as-required\" aria-required=\"true\" aria-invalid=\"false\" value=\"\" type=\"text\" name=\"your-telephone\" \/><\/span> <\/label>\n<\/p>\n<p><label> Konu:<br \/>\n<span class=\"wpcf7-form-control-wrap\" data-name=\"your-subject\"><input size=\"40\" maxlength=\"400\" class=\"wpcf7-form-control wpcf7-text\" aria-invalid=\"false\" value=\"\" type=\"text\" name=\"your-subject\" \/><\/span> <\/label>\n<\/p>\n<p><label> Detayl\u0131 Bilgi: (*)<br \/>\n<span class=\"wpcf7-form-control-wrap\" data-name=\"your-message\"><textarea cols=\"40\" rows=\"10\" maxlength=\"2000\" class=\"wpcf7-form-control wpcf7-textarea\" aria-invalid=\"false\" name=\"your-message\"><\/textarea><\/span> <\/label>\n<\/p>\n<p><input class=\"wpcf7-form-control wpcf7-submit has-spinner\" type=\"submit\" value=\"G\u00f6nder\" \/>\n<\/p><p style=\"display: none !important;\" class=\"akismet-fields-container\" data-prefix=\"_wpcf7_ak_\"><label>&#916;<textarea name=\"_wpcf7_ak_hp_textarea\" cols=\"45\" rows=\"8\" maxlength=\"100\"><\/textarea><\/label><input type=\"hidden\" id=\"ak_js_1\" name=\"_wpcf7_ak_js\" value=\"9\"\/><script>document.getElementById( \"ak_js_1\" ).setAttribute( \"value\", ( new Date() ).getTime() );<\/script><\/p><input type='hidden' class='wpcf7-pum' value='{\"closepopup\":false,\"closedelay\":0,\"openpopup\":false,\"openpopup_id\":0}' \/><div class=\"wpcf7-response-output\" aria-hidden=\"true\"><\/div>\n<\/form>\n<\/div>\n<\/div>\n                <\/div>\n              <\/div>\n            <\/div>\n          <\/div>\n        <\/div>\n      <\/div>\n    <\/div>\n  <\/div>\n<\/div>","protected":false},"excerpt":{"rendered":"<p>Ne verirsen elinle, o gider seninle Hizmetlerimize as\u0131l \u00fcye veya desktekleyici \u00fcye (F\u00f6rdermitglied) olarak maddi yard\u0131mda bulunabilirsiniz. Maddi yard\u0131mlar\u0131n\u0131z\u0131 a\u015fa\u011f\u0131daki \u00f6deme \u015fekilleriyle \u00e7ok kolay bir \u015fekilde yapabilirsiniz. Hazreti Allah (c.c.) yapm\u0131\u015f oldu\u011funuz ve yapaca\u011f\u0131n\u0131z t\u00fcm yard\u0131mlar\u0131n\u0131z\u0131 kabul etsin. PAYPAL \u0130LE BA\u011eI\u015e PayPal \u00fczerinden kolayca ba\u011f\u0131\u015flar\u0131n\u0131z\u0131 yapabilirsiniz. \u00d6deme ayarlar\u0131n\u0131zda l\u00fctfen &#8220;Geld an Freunde und Familie senden&#8221; [&hellip;]<\/p>\n","protected":false},"author":1,"featured_media":0,"parent":0,"menu_order":0,"comment_status":"closed","ping_status":"closed","template":"page-templates\/full-width-page.php","meta":{"_joinchat":[],"footnotes":""},"class_list":["post-120","page","type-page","status-publish","hentry"],"_links":{"self":[{"href":"https:\/\/ehrenfeld.vikz.de\/index.php?rest_route=\/wp\/v2\/pages\/120","targetHints":{"allow":["GET"]}}],"collection":[{"href":"https:\/\/ehrenfeld.vikz.de\/index.php?rest_route=\/wp\/v2\/pages"}],"about":[{"href":"https:\/\/ehrenfeld.vikz.de\/index.php?rest_route=\/wp\/v2\/types\/page"}],"author":[{"embeddable":true,"href":"https:\/\/ehrenfeld.vikz.de\/index.php?rest_route=\/wp\/v2\/users\/1"}],"replies":[{"embeddable":true,"href":"https:\/\/ehrenfeld.vikz.de\/index.php?rest_route=%2Fwp%2Fv2%2Fcomments&post=120"}],"version-history":[{"count":20,"href":"https:\/\/ehrenfeld.vikz.de\/index.php?rest_route=\/wp\/v2\/pages\/120\/revisions"}],"predecessor-version":[{"id":9875,"href":"https:\/\/ehrenfeld.vikz.de\/index.php?rest_route=\/wp\/v2\/pages\/120\/revisions\/9875"}],"wp:attachment":[{"href":"https:\/\/ehrenfeld.vikz.de\/index.php?rest_route=%2Fwp%2Fv2%2Fmedia&parent=120"}],"curies":[{"name":"wp","href":"https:\/\/api.w.org\/{rel}","templated":true}]}}