{"id":46,"date":"2020-04-18T14:04:07","date_gmt":"2020-04-18T14:04:07","guid":{"rendered":"http:\/\/ebkv.tombaklar.com\/?page_id=46"},"modified":"2020-05-07T03:17:45","modified_gmt":"2020-05-07T03:17:45","slug":"biz-kimiz","status":"publish","type":"page","link":"https:\/\/ehrenfeld.vikz.de\/?page_id=46","title":{"rendered":"Biz kimiz?"},"content":{"rendered":"<div data-colibri-id=\"46-c1\" class=\"style-1131 style-local-46-c1 position-relative\">\n  <!---->\n  <div data-colibri-component=\"section\" data-colibri-id=\"46-c2\" id=\"content\" class=\"h-section h-section-global-spacing d-flex align-items-lg-center align-items-md-center align-items-center style-1132 style-local-46-c2 position-relative\">\n    <!---->\n    <!---->\n    <div class=\"h-section-grid-container h-section-boxed-container\">\n      <div data-colibri-id=\"46-c7\" class=\"h-row-container gutters-row-lg-2 gutters-row-md-2 gutters-row-2 gutters-row-v-lg-2 gutters-row-v-md-2 gutters-row-v-2 style-1141 style-local-46-c7 position-relative\">\n        <!---->\n        <div class=\"h-row justify-content-lg-center justify-content-md-center justify-content-center align-items-lg-stretch align-items-md-stretch align-items-stretch gutters-col-lg-2 gutters-col-md-2 gutters-col-2 gutters-col-v-lg-2 gutters-col-v-md-2 gutters-col-v-2\">\n          <!---->\n          <div class=\"h-column h-column-container d-flex h-col-lg-auto h-col-md-auto h-col-auto style-1142-outer style-local-46-c8-outer\">\n            <div data-colibri-id=\"46-c8\" class=\"d-flex h-flex-basis h-column__inner h-px-lg-2 h-px-md-2 h-px-0 v-inner-lg-2 v-inner-md-2 v-inner-0 style-1142 style-local-46-c8 position-relative\">\n              <!---->\n              <!---->\n              <div class=\"w-100 h-y-container h-column__content h-column__v-align flex-basis-100 align-self-lg-start align-self-md-start align-self-start\">\n                <!---->\n                <div data-colibri-id=\"46-c9\" class=\"h-global-transition-all h-heading style-1143 style-local-46-c9 position-relative h-element\">\n                  <!---->\n                  <!---->\n                  <h2 class=\"\">B\u0130ZE DESTEK OLUN<\/h2>\n                <\/div>\n                <div data-colibri-id=\"46-c10\" class=\"h-lead h-text h-text-component style-1144 style-local-46-c10 position-relative h-element\">\n                  <!---->\n                  <!---->\n                  <div class=\"\">\n                    <p><span style=\"font-weight: 400; font-size: 20px; font-family: &quot;Open Sans&quot;; color: rgb(37, 41, 42);\">Ehrenfelder Bildungs- und Kulturverein e.V.<\/span>, \u00dcmmeti Muhammedin evlad\u0131na hizmet etmek gayesiyle kurulmu\u015f olup, kadrosunu\n                      da bu d\u00fcstur ile g\u00f6n\u00fcll\u00fc ki\u015filerden olu\u015fturmu\u015ftur. Umuma h\u00e2dim bir dernek olmam\u0131z sebebiyle faaliyetlerimizi katlayarak artt\u0131rabilmemiz ve de s\u00fcreklili\u011fimizi muhafaza edebilmemiz i\u00e7in sizlerden ald\u0131\u011f\u0131m\u0131z ba\u011f\u0131\u015flar, sene i\u00e7inde yap\u0131lan\n                      hay\u0131r \u00e7ar\u015f\u0131lar\u0131 ve&nbsp;destekleyici \u00fcyelerimiz vas\u0131tas\u0131yla maddi imk\u00e2nlar\u0131 temin etme gayretindeyiz.\n                      <br>\n                    <\/p>\n                  <\/div>\n                <\/div>\n              <\/div>\n            <\/div>\n          <\/div>\n        <\/div>\n      <\/div>\n      <div data-colibri-id=\"46-c3\" class=\"h-row-container gutters-row-lg-2 gutters-row-md-2 gutters-row-2 gutters-row-v-lg-2 gutters-row-v-md-2 gutters-row-v-2 style-1133 style-local-46-c3 position-relative\">\n        <!---->\n        <div class=\"h-row justify-content-lg-center justify-content-md-center justify-content-center align-items-lg-stretch align-items-md-stretch align-items-stretch gutters-col-lg-2 gutters-col-md-2 gutters-col-2 gutters-col-v-lg-2 gutters-col-v-md-2 gutters-col-v-2\">\n          <!---->\n          <div class=\"h-column h-column-container d-flex h-col-lg-12 h-col-md-12 h-col-12 style-1134-outer style-local-46-c4-outer\">\n            <div data-colibri-id=\"46-c4\" class=\"d-flex h-flex-basis h-column__inner h-px-lg-2 h-px-md-0 h-px-2 v-inner-lg-2 v-inner-md-0 v-inner-2 style-1134 style-local-46-c4 position-relative\">\n              <!---->\n              <!---->\n              <div class=\"w-100 h-y-container h-column__content h-column__v-align flex-basis-100 align-self-lg-start align-self-md-start align-self-start\">\n                <!---->\n                <div data-colibri-id=\"46-c5\" class=\"d-block style-1140 style-local-46-c5 position-relative h-element\">\n                  <!---->\n                  <div class=\"h-image__frame-container-outer\">\n                    <div class=\"h-image__frame-container\">\n                      <!---->\n                      <!---->\n                      <img loading=\"lazy\" decoding=\"async\" width=\"1148\" height=\"636\" src=\"https:\/\/ehrenfeld.vikz.de\/wp-content\/uploads\/2020\/04\/vikzkoln.jpg\" class=\"wp-image-1190 style-1140-image style-local-46-c5-image\" alt=\"\" srcset=\"https:\/\/ehrenfeld.vikz.de\/wp-content\/uploads\/2020\/04\/vikzkoln.jpg 1148w, https:\/\/ehrenfeld.vikz.de\/wp-content\/uploads\/2020\/04\/vikzkoln-600x332.jpg 600w, https:\/\/ehrenfeld.vikz.de\/wp-content\/uploads\/2020\/04\/vikzkoln-300x166.jpg 300w, https:\/\/ehrenfeld.vikz.de\/wp-content\/uploads\/2020\/04\/vikzkoln-1024x567.jpg 1024w, https:\/\/ehrenfeld.vikz.de\/wp-content\/uploads\/2020\/04\/vikzkoln-768x425.jpg 768w\" sizes=\"auto, (max-width: 1148px) 100vw, 1148px\" \/>\n                      <div class=\"h-image__frame h-hide-lg h-hide-md h-hide-sm style-1140-frameImage style-local-46-c5-frameImage\"><\/div>\n                    <\/div>\n                  <\/div>\n                <\/div>\n                <div data-colibri-id=\"46-c6\" class=\"h-lead h-text h-text-component style-1144 style-local-46-c6 position-relative h-element\">\n                  <!---->\n                  <!---->\n                  <div class=\"\">\n                    <p>Derne\u011fimiz sosyal ve k\u00fclt\u00fcrel alanda hizmet veren ve Federal Almanya Anayasas\u0131 \u00a7140 yasas\u0131 gere\u011fi \u0130slam dinine mensub bir Cemaat olarak faaliyetlerini hukuken bu ge\u00e7erli \u00e7er\u00e7eve i\u00e7inde uygulamaktad\u0131r.<\/p>\n                    <p>Derne\u011fimiz 2005 senesinde &#8220;<span style=\"font-weight: 600; font-size: 20px; font-family: &quot;Open Sans&quot;; color: rgb(37, 41, 42);\">Ehrenfelder Bildungs- und Kulturverein e.V.<\/span>&#8221; isminde kurulmu\u015ftur. Hedefimiz bulunudu\u011fumuz\n                      beldede ya\u015fayan M\u00fcsl\u00fcmanlar\u0131n dini ihtiya\u00e7lar\u0131nda destek olmak ve onlara dini, sosyal ve k\u00fclt\u00fcrel alanlarda faaliyetler sunarak hizmet etmektir.<\/p>\n                  <\/div>\n                <\/div>\n              <\/div>\n            <\/div>\n          <\/div>\n        <\/div>\n      <\/div>\n    <\/div>\n  <\/div>\n  <div data-colibri-component=\"section\" data-colibri-id=\"46-c11\" id=\"reusable-sections\" class=\"h-section h-section-global-spacing d-flex align-items-lg-center align-items-md-center align-items-center style-1709 style-local-46-c11 position-relative\">\n    <!---->\n    <!---->\n    <div class=\"h-section-grid-container h-section-boxed-container\">\n      <!---->\n      <div data-colibri-id=\"46-c12\" class=\"h-row-container gutters-row-lg-0 gutters-row-md-0 gutters-row-0 gutters-row-v-lg-0 gutters-row-v-md-0 gutters-row-v-0 style-1710 style-local-46-c12 h-overflow-hidden position-relative\">\n        <!---->\n        <div class=\"h-row justify-content-lg-center justify-content-md-center justify-content-center align-items-lg-end align-items-md-end align-items-end gutters-col-lg-0 gutters-col-md-0 gutters-col-0 gutters-col-v-lg-0 gutters-col-v-md-0 gutters-col-v-0\">\n          <!---->\n          <div class=\"h-column h-column-container d-flex h-col-lg-auto h-col-md-auto h-col-auto align-self-lg-end align-self-md-end align-self-end style-1711-outer style-local-46-c13-outer\">\n            <div data-colibri-id=\"46-c13\" class=\"d-flex h-flex-basis h-column__inner h-ui-empty-state-container h-px-lg-0 h-px-md-0 h-px-0 v-inner-lg-0 v-inner-md-0 v-inner-0 style-1711 style-local-46-c13 position-relative\">\n              <!---->\n              <!---->\n              <div class=\"w-100 h-y-container h-column__content h-column__v-align flex-basis-100\">\n                <!---->\n              <\/div>\n            <\/div>\n          <\/div>\n          <div class=\"h-column h-column-container d-flex h-col-lg-auto h-col-md-auto h-col-auto align-self-lg-end align-self-md-end align-self-end style-1712-outer style-local-46-c14-outer\">\n            <div data-colibri-id=\"46-c14\" class=\"d-flex h-flex-basis h-column__inner h-ui-empty-state-container h-px-lg-0 h-px-md-0 h-px-0 v-inner-lg-0 v-inner-md-0 v-inner-0 style-1712 style-local-46-c14 position-relative\">\n              <!---->\n              <!---->\n              <div class=\"w-100 h-y-container h-column__content h-column__v-align flex-basis-100\">\n                <!---->\n              <\/div>\n            <\/div>\n          <\/div>\n          <div class=\"h-column h-column-container d-flex h-col-lg-auto h-col-md-auto h-col-auto align-self-lg-end align-self-md-end align-self-end style-1713-outer style-local-46-c15-outer\">\n            <div data-colibri-id=\"46-c15\" class=\"d-flex h-flex-basis h-column__inner h-ui-empty-state-container h-px-lg-0 h-px-md-0 h-px-0 v-inner-lg-0 v-inner-md-0 v-inner-0 style-1713 style-local-46-c15 position-relative\">\n              <!---->\n              <!---->\n              <div class=\"w-100 h-y-container h-column__content h-column__v-align flex-basis-100\">\n                <!---->\n              <\/div>\n            <\/div>\n          <\/div>\n        <\/div>\n      <\/div>\n      <div data-colibri-id=\"46-c16\" class=\"h-row-container gutters-row-lg-2 gutters-row-md-2 gutters-row-0 gutters-row-v-lg-2 gutters-row-v-md-2 gutters-row-v-2 style-1714 style-local-46-c16 position-relative\">\n        <!---->\n        <div class=\"h-row justify-content-lg-center justify-content-md-center justify-content-center align-items-lg-stretch align-items-md-stretch align-items-stretch gutters-col-lg-2 gutters-col-md-2 gutters-col-0 gutters-col-v-lg-2 gutters-col-v-md-2 gutters-col-v-2\">\n          <!---->\n          <div class=\"h-column h-column-container d-flex h-col-lg-auto h-col-md-auto h-col-auto style-1715-outer style-local-46-c17-outer\">\n            <div data-colibri-id=\"46-c17\" class=\"d-flex h-flex-basis h-column__inner h-px-lg-2 h-px-md-2 h-px-2 v-inner-lg-2 v-inner-md-2 v-inner-2 style-1715 style-local-46-c17 position-relative\">\n              <!---->\n              <!---->\n              <div class=\"w-100 h-y-container h-column__content h-column__v-align flex-basis-100 align-self-lg-start align-self-md-start align-self-start\">\n                <!---->\n                <div data-colibri-id=\"46-c18\" class=\"h-text h-text-component style-1716 style-local-46-c18 position-relative h-element\">\n                  <!---->\n                  <!---->\n                  <div class=\"\">\n                    <h2>Hizmet binam\u0131z\u0131n k\u0131sa tarih\u00e7esi<\/h2>\n                  <\/div>\n                <\/div>\n              <\/div>\n            <\/div>\n          <\/div>\n          <div class=\"h-column h-column-container d-flex h-col-lg-auto h-col-md-auto h-col-auto style-1715-outer style-local-46-c19-outer\">\n            <div data-colibri-id=\"46-c19\" class=\"d-flex h-flex-basis h-column__inner h-px-lg-2 h-px-md-2 h-px-2 v-inner-lg-2 v-inner-md-2 v-inner-2 style-1715 style-local-46-c19 position-relative\">\n              <!---->\n              <!---->\n              <div class=\"w-100 h-y-container h-column__content h-column__v-align flex-basis-100 align-self-lg-start align-self-md-start align-self-start\">\n                <!---->\n                <div data-colibri-id=\"46-c20\" class=\"h-text h-text-component style-1716 style-local-46-c20 position-relative h-element\">\n                  <!---->\n                  <!---->\n                  <div class=\"\">\n                    <p><span style=\"font-weight: 400; font-size: 16px; font-family: &quot;Open Sans&quot;; color: rgb(70, 112, 127);\">\u0130slam K\u00fclt\u00fcr Merkezleri Birli\u011fi Ehrenfeld \u015fubesi 1984 senesinde Vogelsanger Strasse 290&#8217;da bulunan bina sat\u0131n alarak hizmetlere ba\u015flam\u0131\u015ft\u0131r. Ayn\u0131 tarihte Nippes&#8217;te bulunan \u0130slam K\u00fclt\u00fcr Merkezleri Birli\u011fi ana merkezi buraya ta\u015f\u0131nm\u0131\u015ft\u0131r. 1986 senesinde ek in\u015faat yap\u0131larak bug\u00fcnki haline getirilmi\u015ftir. Ayr\u0131ca yan\u0131ndaki polis binas\u0131 da sat\u0131n al\u0131narak ana merkezin hizmetlerine tahsis edilmi\u015ftir. Ehrenfeld \u015fubesi olarak kurulu\u015fundan bu yana dini, sosyal ve k\u00fclt\u00fcrel alanlarda hizmet verilmektedir.&nbsp;2005 senesinde \u015fubemiz resmi olarak&nbsp;<\/span>\n                      <span\n                        style=\"font-weight: 600; font-size: 16px; font-family: &quot;Open Sans&quot;; color: rgb(70, 112, 127);\">Ehrenfelder Bildungs- und Kulturverein e.V.<\/span><span style=\"font-weight: 400; font-size: 16px; font-family: &quot;Open Sans&quot;; color: rgb(70, 112, 127);\">&nbsp;ad\u0131 alt\u0131nda tescil edilerek hizmetlerine devam etmi\u015ftir.<\/span><\/p>\n                  <\/div>\n                <\/div>\n              <\/div>\n            <\/div>\n          <\/div>\n        <\/div>\n      <\/div>\n    <\/div>\n  <\/div>\n<\/div>","protected":false},"excerpt":{"rendered":"<p>B\u0130ZE DESTEK OLUN Ehrenfelder Bildungs- und Kulturverein e.V., \u00dcmmeti Muhammedin evlad\u0131na hizmet etmek gayesiyle kurulmu\u015f olup, kadrosunu da bu d\u00fcstur ile g\u00f6n\u00fcll\u00fc ki\u015filerden olu\u015fturmu\u015ftur. Umuma h\u00e2dim bir dernek olmam\u0131z sebebiyle faaliyetlerimizi katlayarak artt\u0131rabilmemiz ve de s\u00fcreklili\u011fimizi muhafaza edebilmemiz i\u00e7in sizlerden ald\u0131\u011f\u0131m\u0131z ba\u011f\u0131\u015flar, sene i\u00e7inde yap\u0131lan hay\u0131r \u00e7ar\u015f\u0131lar\u0131 ve&nbsp;destekleyici \u00fcyelerimiz vas\u0131tas\u0131yla maddi imk\u00e2nlar\u0131 temin etme gayretindeyiz. [&hellip;]<\/p>\n","protected":false},"author":1,"featured_media":0,"parent":32,"menu_order":0,"comment_status":"closed","ping_status":"closed","template":"page-templates\/full-width-page.php","meta":{"_joinchat":[],"footnotes":""},"class_list":["post-46","page","type-page","status-publish","hentry"],"_links":{"self":[{"href":"https:\/\/ehrenfeld.vikz.de\/index.php?rest_route=\/wp\/v2\/pages\/46","targetHints":{"allow":["GET"]}}],"collection":[{"href":"https:\/\/ehrenfeld.vikz.de\/index.php?rest_route=\/wp\/v2\/pages"}],"about":[{"href":"https:\/\/ehrenfeld.vikz.de\/index.php?rest_route=\/wp\/v2\/types\/page"}],"author":[{"embeddable":true,"href":"https:\/\/ehrenfeld.vikz.de\/index.php?rest_route=\/wp\/v2\/users\/1"}],"replies":[{"embeddable":true,"href":"https:\/\/ehrenfeld.vikz.de\/index.php?rest_route=%2Fwp%2Fv2%2Fcomments&post=46"}],"version-history":[{"count":7,"href":"https:\/\/ehrenfeld.vikz.de\/index.php?rest_route=\/wp\/v2\/pages\/46\/revisions"}],"predecessor-version":[{"id":4170,"href":"https:\/\/ehrenfeld.vikz.de\/index.php?rest_route=\/wp\/v2\/pages\/46\/revisions\/4170"}],"up":[{"embeddable":true,"href":"https:\/\/ehrenfeld.vikz.de\/index.php?rest_route=\/wp\/v2\/pages\/32"}],"wp:attachment":[{"href":"https:\/\/ehrenfeld.vikz.de\/index.php?rest_route=%2Fwp%2Fv2%2Fmedia&parent=46"}],"curies":[{"name":"wp","href":"https:\/\/api.w.org\/{rel}","templated":true}]}}