{"id":56,"date":"2020-04-18T14:07:26","date_gmt":"2020-04-18T14:07:26","guid":{"rendered":"http:\/\/ebkv.tombaklar.com\/?page_id=56"},"modified":"2020-04-23T15:01:52","modified_gmt":"2020-04-23T15:01:52","slug":"din-dersi-elif-cuezue-kuran-i-kerim-ilmihal","status":"publish","type":"page","link":"https:\/\/ehrenfeld.vikz.de\/?page_id=56","title":{"rendered":"Din dersi (Elif C\u00fcz\u00fc, Kur\u2019an-\u0131 Kerim, \u0130lmihal)"},"content":{"rendered":"<div data-colibri-id=\"56-c1\" class=\"style-1198 style-local-56-c1 position-relative\">\n  <!---->\n  <div data-colibri-component=\"section\" data-colibri-id=\"56-c2\" id=\"reusable-sections\" class=\"h-section h-section-global-spacing d-flex align-items-lg-center align-items-md-center align-items-center style-1199 style-local-56-c2 position-relative\">\n    <!---->\n    <!---->\n    <div class=\"h-section-grid-container h-section-boxed-container\">\n      <!---->\n      <div data-colibri-id=\"56-c3\" class=\"h-row-container gutters-row-lg-2 gutters-row-md-2 gutters-row-0 gutters-row-v-lg-2 gutters-row-v-md-2 gutters-row-v-2 style-1200 style-local-56-c3 position-relative\">\n        <!---->\n        <div class=\"h-row justify-content-lg-center justify-content-md-center justify-content-center align-items-lg-stretch align-items-md-stretch align-items-stretch gutters-col-lg-2 gutters-col-md-2 gutters-col-0 gutters-col-v-lg-2 gutters-col-v-md-2 gutters-col-v-2\">\n          <!---->\n          <div class=\"h-column h-column-container d-flex h-col-lg-auto h-col-md-auto h-col-auto style-1201-outer style-local-56-c4-outer\">\n            <div data-colibri-id=\"56-c4\" class=\"d-flex h-flex-basis h-column__inner h-px-lg-2 h-px-md-2 h-px-2 v-inner-lg-2 v-inner-md-2 v-inner-2 style-1201 style-local-56-c4 position-relative\">\n              <!---->\n              <!---->\n              <div class=\"w-100 h-y-container h-column__content h-column__v-align flex-basis-100 align-self-lg-start align-self-md-start align-self-start\">\n                <!---->\n                <div data-colibri-id=\"56-c5\" class=\"h-global-transition-all h-heading style-1202 style-local-56-c5 position-relative h-element\">\n                  <!---->\n                  <!---->\n                  <h1 class=\"\"><span style=\"font-family: Akronim;\">Ayet-i Kerime<\/span><\/h1>\n                <\/div>\n                <div data-colibri-id=\"56-c6\" class=\"h-text h-text-component style-1203 style-local-56-c6 position-relative h-element\">\n                  <!---->\n                  <!---->\n                  <div class=\"\">\n                    <p>\u064a\u064e\u0631\u0652\u0641\u064e\u0639\u0650 \u0627\u0644\u0644\u0651\u064e\u0647\u064f \u0627\u0644\u0651\u064e\u0630\u0650\u064a\u0646\u064e \u0622\u0645\u064e\u0646\u064f\u0648\u0627 \u0645\u0650\u0646\u0643\u064f\u0645\u0652 \u0648\u064e\u0627\u0644\u0651\u064e\u0630\u0650\u064a\u0646\u064e \u0623\u064f\u0648\u062a\u064f\u0648\u0627 \u0627\u0644\u0652\u0639\u0650\u0644\u0652\u0645\u064e \u062f\u064e\u0631\u064e\u062c\u064e\u0627\u062a\u064d\u201c\n                      <br><span style=\"font-weight: 600;\">Allah i\u00e7inizden iman edenlerin ve kendilerine ilim verilenlerin derecelerini y\u00fckseltir.<\/span>\u201d\n                      <br>M\u00fcc\u00e2dele s\u00fbresi (58), 11<\/p>\n                  <\/div>\n                <\/div>\n              <\/div>\n            <\/div>\n          <\/div>\n          <div class=\"h-column h-column-container d-flex h-col-lg-auto h-col-md-auto h-col-auto style-1204-outer style-local-56-c7-outer\">\n            <div data-colibri-id=\"56-c7\" class=\"d-flex h-flex-basis h-column__inner h-px-lg-2 h-px-md-2 h-px-2 v-inner-lg-2 v-inner-md-2 v-inner-2 style-1204 style-local-56-c7 position-relative\">\n              <!---->\n              <!---->\n              <div class=\"w-100 h-y-container h-column__content h-column__v-align flex-basis-100 align-self-lg-start align-self-md-start align-self-start\">\n                <!---->\n                <div data-colibri-id=\"56-c8\" class=\"h-global-transition-all h-heading style-1202 style-local-56-c8 position-relative h-element\">\n                  <!---->\n                  <!---->\n                  <h1 class=\"\"><span style=\"font-family: Akronim;\">Hadis-i \u015eerif<\/span><\/h1>\n                <\/div>\n                <div data-colibri-id=\"56-c9\" class=\"h-text h-text-component style-1205 style-local-56-c9 position-relative h-element\">\n                  <!---->\n                  <!---->\n                  <div class=\"\">\n                    <p>\u0648\u0639\u064e\u0646\u0652 \u0645\u064f\u0639\u0627\u0648\u0650\u064a\u0629\u064e \u060c \u0631\u0636\u064a \u0627\u0644\u0644\u064e\u0651\u0647 \u0639\u0646\u0652\u0647\u064f \u060c \u0642\u0627\u0644: \u0642\u064e\u0627\u0644 \u0631\u0633\u064f\u0648\u0644\u064f \u0627\u0644\u0644\u064e\u0651\u0647\u0650 \u0635\u064e\u0644\u0651\u0649 \u0627\u0644\u0644\u0647\u064f \u0639\u064e\u0644\u064e\u064a\u0652\u0647\u0650 \u0648\u0633\u064e\u0644\u064e\u0651\u0645: \u00ab \u0645\u064e\u0646\u0652 \u064a\u064f\u0631\u0650\u062f \u0627\u0644\u0644\u064e\u0651\u0647 \u0628\u0650\u0647\u0650 \u062e\u064a\u0652\u0631\u0627\u064b \u064a\u064f\u0641\u064e\u0642\u0650\u0651\u0647\u0652\u0647\u064f \u0641\u064a \u0627\u0644\u062f\u0650\u0651\u064a\u0646\u0650 \u00bb \u0645\u062a\u0641\u0642\u064c \u0639\u0644\u064a\u0647\n                      <br>Mu\u00e2viye rad\u0131yallahu anh\u2019den rivayet edildi\u011fine g\u00f6re, Res\u00fblullah sallallahu aleyhi ve sellem \u015f\u00f6yle buyurdu: \u201c<span style=\"font-weight: 600;\">Allah, hakk\u0131nda hay\u0131r diledi\u011fi kimseye din hususunda b\u00fcy\u00fck bir anlay\u0131\u015f verir.<\/span>\u201d\n                      <br> Buh\u00e2r\u00ee, \u0130lim 10, Humus 7, \u0130\u2019tis\u00e2m 10; M\u00fcslim, \u0130m\u00e2re 175, Zek\u00e2t 98, 100. Ayr\u0131ca bk. Tirmiz\u00ee, \u0130lim 4; \u0130bni M\u00e2ce, Mukaddime 17<\/p>\n                  <\/div>\n                <\/div>\n              <\/div>\n            <\/div>\n          <\/div>\n        <\/div>\n      <\/div>\n    <\/div>\n  <\/div>\n  <div data-colibri-component=\"section\" data-colibri-id=\"56-c10\" id=\"about\" class=\"h-section h-section-global-spacing d-flex align-items-lg-center align-items-md-center align-items-end style-1206 style-local-56-c10 h-overflow-hidden position-relative\">\n    <div class=\"background-wrapper\">\n      <div class=\"background-layer background-layer-media-container-lg\">\n        <!---->\n        <div class=\"overlay-layer\">\n          <div class=\"overlay-image-layer\" style=\"background-image: linear-gradient(90deg, rgba(255, 255, 255, 0.5) 0%, rgb(255, 255, 255) 45%);\"><\/div>\n        <\/div>\n      <\/div>\n      <div class=\"background-layer background-layer-media-container-md\">\n        <!---->\n        <div class=\"overlay-layer\">\n          <div class=\"overlay-image-layer\" style=\"background-image: linear-gradient(90deg, rgba(255, 255, 255, 0.5) 0%, rgb(255, 255, 255) 45%);\"><\/div>\n        <\/div>\n      <\/div>\n      <div class=\"background-layer background-layer-media-container\">\n        <!---->\n        <div class=\"overlay-layer\">\n          <div class=\"overlay-image-layer\" style=\"background-image: linear-gradient(90deg, rgba(255, 255, 255, 0.5) 0%, rgb(255, 255, 255) 45%);\"><\/div>\n        <\/div>\n      <\/div>\n    <\/div>\n    <!---->\n    <div class=\"h-section-grid-container h-section-boxed-container\">\n      <!---->\n      <div data-colibri-id=\"56-c11\" class=\"h-row-container gutters-row-lg-0 gutters-row-md-0 gutters-row-2 gutters-row-v-lg-0 gutters-row-v-md-0 gutters-row-v-0 style-1207 style-local-56-c11 position-relative\">\n        <!---->\n        <div class=\"h-row justify-content-lg-end justify-content-md-end justify-content-center align-items-lg-stretch align-items-md-stretch align-items-stretch gutters-col-lg-0 gutters-col-md-0 gutters-col-2 gutters-col-v-lg-0 gutters-col-v-md-0 gutters-col-v-0\">\n          <!---->\n          <div class=\"h-column h-column-container d-flex h-col-lg-auto h-col-md-auto h-col-auto style-1208-outer style-local-56-c12-outer\">\n            <div data-colibri-id=\"56-c12\" class=\"d-flex h-flex-basis h-column__inner h-px-lg-2 h-px-md-2 h-px-0 v-inner-lg-2 v-inner-md-2 v-inner-0 style-1208 style-local-56-c12 position-relative\">\n              <!---->\n              <!---->\n              <div class=\"w-100 h-y-container h-column__content h-column__v-align flex-basis-100 align-self-lg-end align-self-md-end align-self-end\">\n                <!---->\n                <div data-colibri-id=\"56-c13\" class=\"h-global-transition-all h-heading style-1209 style-local-56-c13 position-relative h-element\">\n                  <!---->\n                  <!---->\n                  <h2 class=\"\">K\u00fc\u00e7\u00fckten b\u00fcy\u00fc\u011fe her ya\u015f grubuna uygun \u015fekilde dini dersler sunuyoruz.<\/h2>\n                <\/div>\n                <div data-colibri-id=\"56-c14\" class=\"h-text h-text-component style-1210 style-local-56-c14 position-relative h-element\">\n                  <!---->\n                  <!---->\n                  <div class=\"\">\n                    <p>Hocalar\u0131m\u0131z erkek talebelere ve hocahan\u0131mlar k\u0131z talebelere y\u00f6nelik programlar uyguluyorlar.<\/p>\n                  <\/div>\n                <\/div>\n              <\/div>\n            <\/div>\n          <\/div>\n        <\/div>\n      <\/div>\n    <\/div>\n  <\/div>\n<\/div>","protected":false},"excerpt":{"rendered":"<p>Ayet-i Kerime \u064a\u064e\u0631\u0652\u0641\u064e\u0639\u0650 \u0627\u0644\u0644\u0651\u064e\u0647\u064f \u0627\u0644\u0651\u064e\u0630\u0650\u064a\u0646\u064e \u0622\u0645\u064e\u0646\u064f\u0648\u0627 \u0645\u0650\u0646\u0643\u064f\u0645\u0652 \u0648\u064e\u0627\u0644\u0651\u064e\u0630\u0650\u064a\u0646\u064e \u0623\u064f\u0648\u062a\u064f\u0648\u0627 \u0627\u0644\u0652\u0639\u0650\u0644\u0652\u0645\u064e \u062f\u064e\u0631\u064e\u062c\u064e\u0627\u062a\u064d\u201c Allah i\u00e7inizden iman edenlerin ve kendilerine ilim verilenlerin derecelerini y\u00fckseltir.\u201d M\u00fcc\u00e2dele s\u00fbresi (58), 11 Hadis-i \u015eerif \u0648\u0639\u064e\u0646\u0652 \u0645\u064f\u0639\u0627\u0648\u0650\u064a\u0629\u064e \u060c \u0631\u0636\u064a \u0627\u0644\u0644\u064e\u0651\u0647 \u0639\u0646\u0652\u0647\u064f \u060c \u0642\u0627\u0644: \u0642\u064e\u0627\u0644 \u0631\u0633\u064f\u0648\u0644\u064f \u0627\u0644\u0644\u064e\u0651\u0647\u0650 \u0635\u064e\u0644\u0651\u0649 \u0627\u0644\u0644\u0647\u064f \u0639\u064e\u0644\u064e\u064a\u0652\u0647\u0650 \u0648\u0633\u064e\u0644\u064e\u0651\u0645: \u00ab \u0645\u064e\u0646\u0652 \u064a\u064f\u0631\u0650\u062f \u0627\u0644\u0644\u064e\u0651\u0647 \u0628\u0650\u0647\u0650 \u062e\u064a\u0652\u0631\u0627\u064b \u064a\u064f\u0641\u064e\u0642\u0650\u0651\u0647\u0652\u0647\u064f \u0641\u064a \u0627\u0644\u062f\u0650\u0651\u064a\u0646\u0650 \u00bb \u0645\u062a\u0641\u0642\u064c \u0639\u0644\u064a\u0647 Mu\u00e2viye [&hellip;]<\/p>\n","protected":false},"author":1,"featured_media":0,"parent":54,"menu_order":0,"comment_status":"closed","ping_status":"closed","template":"page-templates\/full-width-page.php","meta":{"_joinchat":[],"footnotes":""},"class_list":["post-56","page","type-page","status-publish","hentry"],"_links":{"self":[{"href":"https:\/\/ehrenfeld.vikz.de\/index.php?rest_route=\/wp\/v2\/pages\/56","targetHints":{"allow":["GET"]}}],"collection":[{"href":"https:\/\/ehrenfeld.vikz.de\/index.php?rest_route=\/wp\/v2\/pages"}],"about":[{"href":"https:\/\/ehrenfeld.vikz.de\/index.php?rest_route=\/wp\/v2\/types\/page"}],"author":[{"embeddable":true,"href":"https:\/\/ehrenfeld.vikz.de\/index.php?rest_route=\/wp\/v2\/users\/1"}],"replies":[{"embeddable":true,"href":"https:\/\/ehrenfeld.vikz.de\/index.php?rest_route=%2Fwp%2Fv2%2Fcomments&post=56"}],"version-history":[{"count":3,"href":"https:\/\/ehrenfeld.vikz.de\/index.php?rest_route=\/wp\/v2\/pages\/56\/revisions"}],"predecessor-version":[{"id":3106,"href":"https:\/\/ehrenfeld.vikz.de\/index.php?rest_route=\/wp\/v2\/pages\/56\/revisions\/3106"}],"up":[{"embeddable":true,"href":"https:\/\/ehrenfeld.vikz.de\/index.php?rest_route=\/wp\/v2\/pages\/54"}],"wp:attachment":[{"href":"https:\/\/ehrenfeld.vikz.de\/index.php?rest_route=%2Fwp%2Fv2%2Fmedia&parent=56"}],"curies":[{"name":"wp","href":"https:\/\/api.w.org\/{rel}","templated":true}]}}