{"id":70,"date":"2020-04-18T14:13:42","date_gmt":"2020-04-18T14:13:42","guid":{"rendered":"http:\/\/ebkv.tombaklar.com\/?page_id=70"},"modified":"2024-03-18T00:06:11","modified_gmt":"2024-03-18T00:06:11","slug":"iftar-programlari","status":"publish","type":"page","link":"https:\/\/ehrenfeld.vikz.de\/?page_id=70","title":{"rendered":"\u0130ftar programlar\u0131"},"content":{"rendered":"<div data-colibri-id=\"70-c1\" class=\"style-750 style-local-70-c1 position-relative\">\n  <!---->\n  <div data-colibri-component=\"section\" data-colibri-id=\"70-c2\" id=\"reusable-sections\" class=\"h-section h-section-global-spacing d-flex align-items-lg-center align-items-md-center align-items-center style-1255 style-local-70-c2 position-relative\">\n    <!---->\n    <!---->\n    <div class=\"h-section-grid-container h-section-boxed-container\">\n      <!---->\n      <div data-colibri-id=\"70-c3\" class=\"h-row-container gutters-row-lg-2 gutters-row-md-2 gutters-row-0 gutters-row-v-lg-2 gutters-row-v-md-2 gutters-row-v-2 style-1256 style-local-70-c3 position-relative\">\n        <!---->\n        <div class=\"h-row justify-content-lg-center justify-content-md-center justify-content-center align-items-lg-stretch align-items-md-stretch align-items-stretch gutters-col-lg-2 gutters-col-md-2 gutters-col-0 gutters-col-v-lg-2 gutters-col-v-md-2 gutters-col-v-2\">\n          <!---->\n          <div class=\"h-column h-column-container d-flex h-col-lg-auto h-col-md-auto h-col-auto style-1260-outer style-local-70-c4-outer\">\n            <div data-colibri-id=\"70-c4\" class=\"d-flex h-flex-basis h-column__inner h-px-lg-2 h-px-md-2 h-px-2 v-inner-lg-2 v-inner-md-2 v-inner-2 style-1260 style-local-70-c4 position-relative\">\n              <!---->\n              <!---->\n              <div class=\"w-100 h-y-container h-column__content h-column__v-align flex-basis-100 align-self-lg-start align-self-md-start align-self-start\">\n                <!---->\n                <div data-colibri-id=\"70-c5\" class=\"h-global-transition-all h-heading style-1258 style-local-70-c5 position-relative h-element\">\n                  <!---->\n                  <div class=\"h-heading__outer style-1258 style-local-70-c5\">\n                    <!---->\n                    <!---->\n                    <h1 class=\"\"><span style=\"font-family: Akronim;\">Hadis-i \u015eerif<\/span><\/h1>\n                  <\/div>\n                <\/div>\n                <div data-colibri-id=\"70-c6\" class=\"h-text h-text-component style-1261 style-local-70-c6 position-relative h-element\">\n                  <!---->\n                  <!---->\n                  <div class=\"\">\n                    <p>Zeyd \u0130bni H\u00e2lid el-C\u00fchen\u00ee\u2019den rivayet edildi\u011fine g\u00f6re Hz. Peygamber \u015f\u00f6yle buyurdu: \u201c<span style=\"font-weight: 600;\">Kim bir oru\u00e7luyu iftar ettirirse, oru\u00e7lu kadar sevap kazan\u0131r. Oru\u00e7lunun sevab\u0131ndan da hi\u00e7bir \u015fey eksilmez.<\/span>\u201d\n                      <br>(Tirmiz\u00ee, Savm 82)<\/p>\n                  <\/div>\n                <\/div>\n              <\/div>\n            <\/div>\n          <\/div>\n        <\/div>\n      <\/div>\n    <\/div>\n  <\/div>\n  <div data-colibri-component=\"section\" data-colibri-id=\"70-c13\" id=\"content\" class=\"h-section h-section-global-spacing d-flex align-items-lg-center align-items-md-center align-items-center style-3720 style-local-70-c13 position-relative\">\n    <!---->\n    <!---->\n    <div class=\"h-section-grid-container h-section-boxed-container\">\n      <!---->\n      <div data-colibri-id=\"70-c14\" class=\"h-row-container gutters-row-lg-2 gutters-row-md-2 gutters-row-2 gutters-row-v-lg-2 gutters-row-v-md-2 gutters-row-v-2 style-3721 style-local-70-c14 position-relative\">\n        <!---->\n        <div class=\"h-row justify-content-lg-center justify-content-md-center justify-content-center align-items-lg-stretch align-items-md-stretch align-items-stretch gutters-col-lg-2 gutters-col-md-2 gutters-col-2 gutters-col-v-lg-2 gutters-col-v-md-2 gutters-col-v-2\">\n          <!---->\n          <div class=\"h-column h-column-container d-flex h-col-lg-auto h-col-md-auto h-col-auto style-3722-outer style-local-70-c15-outer\">\n            <div data-colibri-id=\"70-c15\" class=\"d-flex h-flex-basis h-column__inner h-px-lg-0 h-px-md-0 h-px-0 v-inner-lg-0 v-inner-md-0 v-inner-0 style-3722 style-local-70-c15 position-relative\">\n              <!---->\n              <!---->\n              <div class=\"w-100 h-y-container h-column__content h-column__v-align flex-basis-100 align-self-lg-center align-self-md-center align-self-center\">\n                <!---->\n                <div data-colibri-id=\"70-c16\" class=\"h-global-transition-all h-heading style-3723 style-local-70-c16 position-relative h-element\">\n                  <!---->\n                  <div class=\"h-heading__outer style-3723 style-local-70-c16\">\n                    <!---->\n                    <!---->\n                    <h3 class=\"\">Talebelerimize \u0130ftar &amp; Sahur<\/h3>\n                  <\/div>\n                <\/div>\n                <div data-colibri-id=\"70-c17\" class=\"h-row-container gutters-row-lg-0 gutters-row-md-0 gutters-row-2 gutters-row-v-lg-0 gutters-row-v-md-0 gutters-row-v-0 style-3724 style-local-70-c17 position-relative\">\n                  <!---->\n                  <div class=\"h-row justify-content-lg-center justify-content-md-center justify-content-center align-items-lg-stretch align-items-md-stretch align-items-stretch gutters-col-lg-0 gutters-col-md-0 gutters-col-2 gutters-col-v-lg-0 gutters-col-v-md-0 gutters-col-v-0\">\n                    <!---->\n                    <div class=\"h-column h-column-container d-flex h-col-lg-auto h-col-md-auto h-col-auto style-3725-outer style-local-70-c18-outer\">\n                      <div data-colibri-id=\"70-c18\" class=\"d-flex h-flex-basis h-column__inner h-px-lg-1 h-px-md-1 h-px-1 v-inner-lg-1 v-inner-md-1 v-inner-1 style-3725 style-local-70-c18 position-relative\">\n                        <!---->\n                        <!---->\n                        <div class=\"w-100 h-y-container h-column__content h-column__v-align flex-basis-auto align-self-lg-start align-self-md-start align-self-start\">\n                          <!---->\n                          <div data-colibri-id=\"70-c19\" class=\"h-icon style-3726 style-local-70-c19 position-relative h-element\">\n                            <!----><span class=\"h-svg-icon h-icon__icon style-3726-icon style-local-70-c19-icon\"><!--Icon by Font Awesome (https:\/\/fontawesome.com)--><svg version=\"1.1\" xmlns=\"http:\/\/www.w3.org\/2000\/svg\" xmlns:xlink=\"http:\/\/www.w3.org\/1999\/xlink\" id=\"group\" viewBox=\"0 0 1920 1896.0833\"><path d=\"M593 896q-162 5-265 128H194q-82 0-138-40.5T0 865q0-353 124-353 6 0 43.5 21t97.5 42.5T384 597q67 0 133-23-5 37-5 66 0 139 81 256zm1071 637q0 120-73 189.5t-194 69.5H523q-121 0-194-69.5T256 1533q0-53 3.5-103.5t14-109T300 1212t43-97.5 62-81 85.5-53.5T602 960q10 0 43 21.5t73 48 107 48 135 21.5 135-21.5 107-48 73-48 43-21.5q61 0 111.5 20t85.5 53.5 62 81 43 97.5 26.5 108.5 14 109 3.5 103.5zM640 256q0 106-75 181t-181 75-181-75-75-181 75-181T384 0t181 75 75 181zm704 384q0 159-112.5 271.5T960 1024 688.5 911.5 576 640t112.5-271.5T960 256t271.5 112.5T1344 640zm576 225q0 78-56 118.5t-138 40.5h-134q-103-123-265-128 81-117 81-256 0-29-5-66 66 23 133 23 59 0 119-21.5t97.5-42.5 43.5-21q124 0 124 353zm-128-609q0 106-75 181t-181 75-181-75-75-181 75-181 181-75 181 75 75 181z\"><\/path><\/svg><\/span><\/div>\n                        <\/div>\n                      <\/div>\n                    <\/div>\n                    <div class=\"h-column h-column-container d-flex h-col-lg h-col-md h-col-auto style-3727-outer style-local-70-c20-outer\">\n                      <div data-colibri-id=\"70-c20\" class=\"d-flex h-flex-basis h-column__inner h-px-lg-1 h-px-md-1 h-px-1 v-inner-lg-1 v-inner-md-1 v-inner-1 style-3727 style-local-70-c20 position-relative\">\n                        <!---->\n                        <!---->\n                        <div class=\"w-100 h-y-container h-column__content h-column__v-align flex-basis-100 align-self-lg-start align-self-md-start align-self-start\">\n                          <!---->\n                          <div data-colibri-id=\"70-c21\" class=\"h-global-transition-all h-heading style-3728 style-local-70-c21 position-relative h-element\">\n                            <!---->\n                            <div class=\"h-heading__outer style-3728 style-local-70-c21\">\n                              <!---->\n                              <!---->\n                              <h4 class=\"\">\u0130ftar<\/h4>\n                            <\/div>\n                          <\/div>\n                          <div data-colibri-id=\"70-c22\" class=\"h-text h-text-component style-3729 style-local-70-c22 position-relative h-element\">\n                            <!---->\n                            <!---->\n                            <div class=\"\">\n                              <p>Kursumuzda yat\u0131l\u0131 olarak tahsil g\u00f6ren ilim talebelerine \u0130ftar verilmektedir.<\/p>\n                            <\/div>\n                          <\/div>\n                        <\/div>\n                      <\/div>\n                    <\/div>\n                  <\/div>\n                <\/div>\n                <div data-colibri-id=\"70-c23\" class=\"h-row-container gutters-row-lg-0 gutters-row-md-0 gutters-row-2 gutters-row-v-lg-0 gutters-row-v-md-0 gutters-row-v-0 style-3724 style-local-70-c23 position-relative\">\n                  <!---->\n                  <div class=\"h-row justify-content-lg-center justify-content-md-center justify-content-center align-items-lg-stretch align-items-md-stretch align-items-stretch gutters-col-lg-0 gutters-col-md-0 gutters-col-2 gutters-col-v-lg-0 gutters-col-v-md-0 gutters-col-v-0\">\n                    <!---->\n                    <div class=\"h-column h-column-container d-flex h-col-lg-auto h-col-md-auto h-col-auto style-3725-outer style-local-70-c24-outer\">\n                      <div data-colibri-id=\"70-c24\" class=\"d-flex h-flex-basis h-column__inner h-px-lg-1 h-px-md-1 h-px-1 v-inner-lg-1 v-inner-md-1 v-inner-1 style-3725 style-local-70-c24 position-relative\">\n                        <!---->\n                        <!---->\n                        <div class=\"w-100 h-y-container h-column__content h-column__v-align flex-basis-auto align-self-lg-start align-self-md-start align-self-start\">\n                          <!---->\n                          <div data-colibri-id=\"70-c25\" class=\"h-icon style-3726 style-local-70-c25 position-relative h-element\">\n                            <!----><span class=\"h-svg-icon h-icon__icon style-3726-icon style-local-70-c25-icon\"><!--Icon by Font Awesome (https:\/\/fontawesome.com)--><svg version=\"1.1\" xmlns=\"http:\/\/www.w3.org\/2000\/svg\" xmlns:xlink=\"http:\/\/www.w3.org\/1999\/xlink\" id=\"group\" viewBox=\"0 0 1920 1896.0833\"><path d=\"M593 896q-162 5-265 128H194q-82 0-138-40.5T0 865q0-353 124-353 6 0 43.5 21t97.5 42.5T384 597q67 0 133-23-5 37-5 66 0 139 81 256zm1071 637q0 120-73 189.5t-194 69.5H523q-121 0-194-69.5T256 1533q0-53 3.5-103.5t14-109T300 1212t43-97.5 62-81 85.5-53.5T602 960q10 0 43 21.5t73 48 107 48 135 21.5 135-21.5 107-48 73-48 43-21.5q61 0 111.5 20t85.5 53.5 62 81 43 97.5 26.5 108.5 14 109 3.5 103.5zM640 256q0 106-75 181t-181 75-181-75-75-181 75-181T384 0t181 75 75 181zm704 384q0 159-112.5 271.5T960 1024 688.5 911.5 576 640t112.5-271.5T960 256t271.5 112.5T1344 640zm576 225q0 78-56 118.5t-138 40.5h-134q-103-123-265-128 81-117 81-256 0-29-5-66 66 23 133 23 59 0 119-21.5t97.5-42.5 43.5-21q124 0 124 353zm-128-609q0 106-75 181t-181 75-181-75-75-181 75-181 181-75 181 75 75 181z\"><\/path><\/svg><\/span><\/div>\n                        <\/div>\n                      <\/div>\n                    <\/div>\n                    <div class=\"h-column h-column-container d-flex h-col-lg h-col-md h-col-auto style-3727-outer style-local-70-c26-outer\">\n                      <div data-colibri-id=\"70-c26\" class=\"d-flex h-flex-basis h-column__inner h-px-lg-1 h-px-md-1 h-px-1 v-inner-lg-1 v-inner-md-1 v-inner-1 style-3727 style-local-70-c26 position-relative\">\n                        <!---->\n                        <!---->\n                        <div class=\"w-100 h-y-container h-column__content h-column__v-align flex-basis-100 align-self-lg-start align-self-md-start align-self-start\">\n                          <!---->\n                          <div data-colibri-id=\"70-c27\" class=\"h-global-transition-all h-heading style-3728 style-local-70-c27 position-relative h-element\">\n                            <!---->\n                            <div class=\"h-heading__outer style-3728 style-local-70-c27\">\n                              <!---->\n                              <!---->\n                              <h4 class=\"\">Sahur<\/h4>\n                            <\/div>\n                          <\/div>\n                          <div data-colibri-id=\"70-c28\" class=\"h-text h-text-component style-3729 style-local-70-c28 position-relative h-element\">\n                            <!---->\n                            <!---->\n                            <div class=\"\">\n                              <p><span style=\"font-weight: 400; font-size: 16px; font-family: &quot;Open Sans&quot;; color: rgb(70, 112, 127);\">Kursumuzda yat\u0131l\u0131 olarak tahsil g\u00f6ren ilim talebelerine Sahur verilmektedir.<\/span><\/p>\n                            <\/div>\n                          <\/div>\n                        <\/div>\n                      <\/div>\n                    <\/div>\n                  <\/div>\n                <\/div>\n              <\/div>\n            <\/div>\n          <\/div>\n          <div class=\"h-column h-column-container d-flex h-col-lg-auto h-col-md-auto h-col-auto style-3732-outer style-local-70-c31-outer\">\n            <div data-colibri-id=\"70-c31\" class=\"d-flex h-flex-basis h-column__inner h-px-lg-0 h-px-md-0 h-px-0 v-inner-lg-0 v-inner-md-0 v-inner-0 style-3732 style-local-70-c31 position-relative\">\n              <!---->\n              <!---->\n              <div class=\"w-100 h-y-container h-column__content h-column__v-align flex-basis-100 align-self-lg-center align-self-md-center align-self-center\">\n                <!---->\n                <div data-colibri-id=\"70-c34\" class=\"d-block style-3735 style-local-70-c34 position-relative h-element\">\n                  <!---->\n                  <div class=\"h-image__frame-container-outer\">\n                    <div class=\"h-image__frame-container\">\n                      <!---->\n                      <!---->\n                      <img loading=\"lazy\" decoding=\"async\" width=\"1080\" height=\"1080\" src=\"https:\/\/ehrenfeld.vikz.de\/wp-content\/uploads\/2024\/03\/iftarsahur1445.jpg\" class=\"wp-image-10886 style-3735-image style-local-70-c34-image\" alt=\"\" srcset=\"https:\/\/ehrenfeld.vikz.de\/wp-content\/uploads\/2024\/03\/iftarsahur1445.jpg 1080w, https:\/\/ehrenfeld.vikz.de\/wp-content\/uploads\/2024\/03\/iftarsahur1445-300x300.jpg 300w, https:\/\/ehrenfeld.vikz.de\/wp-content\/uploads\/2024\/03\/iftarsahur1445-1024x1024.jpg 1024w, https:\/\/ehrenfeld.vikz.de\/wp-content\/uploads\/2024\/03\/iftarsahur1445-150x150.jpg 150w, https:\/\/ehrenfeld.vikz.de\/wp-content\/uploads\/2024\/03\/iftarsahur1445-768x768.jpg 768w, https:\/\/ehrenfeld.vikz.de\/wp-content\/uploads\/2024\/03\/iftarsahur1445-600x600.jpg 600w, https:\/\/ehrenfeld.vikz.de\/wp-content\/uploads\/2024\/03\/iftarsahur1445-100x100.jpg 100w, https:\/\/ehrenfeld.vikz.de\/wp-content\/uploads\/2024\/03\/iftarsahur1445-60x60.jpg 60w, https:\/\/ehrenfeld.vikz.de\/wp-content\/uploads\/2024\/03\/iftarsahur1445-90x90.jpg 90w\" sizes=\"auto, (max-width: 1080px) 100vw, 1080px\" \/>\n                      <div class=\"h-image__frame h-hide-lg h-hide-md h-hide-sm style-3735-frameImage style-local-70-c34-frameImage\"><\/div>\n                    <\/div>\n                  <\/div>\n                <\/div>\n              <\/div>\n            <\/div>\n          <\/div>\n        <\/div>\n      <\/div>\n    <\/div>\n  <\/div>\n<\/div>","protected":false},"excerpt":{"rendered":"<p>Hadis-i \u015eerif Zeyd \u0130bni H\u00e2lid el-C\u00fchen\u00ee\u2019den rivayet edildi\u011fine g\u00f6re Hz. Peygamber \u015f\u00f6yle buyurdu: \u201cKim bir oru\u00e7luyu iftar ettirirse, oru\u00e7lu kadar sevap kazan\u0131r. Oru\u00e7lunun sevab\u0131ndan da hi\u00e7bir \u015fey eksilmez.\u201d (Tirmiz\u00ee, Savm 82) Talebelerimize \u0130ftar &amp; Sahur \u0130ftar Kursumuzda yat\u0131l\u0131 olarak tahsil g\u00f6ren ilim talebelerine \u0130ftar verilmektedir. Sahur Kursumuzda yat\u0131l\u0131 olarak tahsil g\u00f6ren ilim talebelerine Sahur verilmektedir.<\/p>\n","protected":false},"author":1,"featured_media":0,"parent":62,"menu_order":0,"comment_status":"closed","ping_status":"closed","template":"page-templates\/full-width-page.php","meta":{"_joinchat":[],"footnotes":""},"class_list":["post-70","page","type-page","status-publish","hentry"],"_links":{"self":[{"href":"https:\/\/ehrenfeld.vikz.de\/index.php?rest_route=\/wp\/v2\/pages\/70","targetHints":{"allow":["GET"]}}],"collection":[{"href":"https:\/\/ehrenfeld.vikz.de\/index.php?rest_route=\/wp\/v2\/pages"}],"about":[{"href":"https:\/\/ehrenfeld.vikz.de\/index.php?rest_route=\/wp\/v2\/types\/page"}],"author":[{"embeddable":true,"href":"https:\/\/ehrenfeld.vikz.de\/index.php?rest_route=\/wp\/v2\/users\/1"}],"replies":[{"embeddable":true,"href":"https:\/\/ehrenfeld.vikz.de\/index.php?rest_route=%2Fwp%2Fv2%2Fcomments&post=70"}],"version-history":[{"count":10,"href":"https:\/\/ehrenfeld.vikz.de\/index.php?rest_route=\/wp\/v2\/pages\/70\/revisions"}],"predecessor-version":[{"id":10895,"href":"https:\/\/ehrenfeld.vikz.de\/index.php?rest_route=\/wp\/v2\/pages\/70\/revisions\/10895"}],"up":[{"embeddable":true,"href":"https:\/\/ehrenfeld.vikz.de\/index.php?rest_route=\/wp\/v2\/pages\/62"}],"wp:attachment":[{"href":"https:\/\/ehrenfeld.vikz.de\/index.php?rest_route=%2Fwp%2Fv2%2Fmedia&parent=70"}],"curies":[{"name":"wp","href":"https:\/\/api.w.org\/{rel}","templated":true}]}}