{"id":72,"date":"2020-04-18T14:14:02","date_gmt":"2020-04-18T14:14:02","guid":{"rendered":"http:\/\/ebkv.tombaklar.com\/?page_id=72"},"modified":"2020-05-07T20:37:12","modified_gmt":"2020-05-07T20:37:12","slug":"zekat","status":"publish","type":"page","link":"https:\/\/ehrenfeld.vikz.de\/?page_id=72","title":{"rendered":"Zekat"},"content":{"rendered":"<div data-colibri-id=\"72-c1\" class=\"style-1274 style-local-72-c1 position-relative\">\n  <!---->\n  <div data-colibri-component=\"section\" data-colibri-id=\"72-c2\" id=\"reusable-sections\" class=\"h-section h-section-global-spacing d-flex align-items-lg-center align-items-md-center align-items-center style-1275 style-local-72-c2 position-relative\">\n    <!---->\n    <!---->\n    <div class=\"h-section-grid-container h-section-boxed-container\">\n      <!---->\n      <div data-colibri-id=\"72-c3\" class=\"h-row-container gutters-row-lg-2 gutters-row-md-2 gutters-row-0 gutters-row-v-lg-2 gutters-row-v-md-2 gutters-row-v-2 style-1276 style-local-72-c3 position-relative\">\n        <!---->\n        <div class=\"h-row justify-content-lg-center justify-content-md-center justify-content-center align-items-lg-stretch align-items-md-stretch align-items-stretch gutters-col-lg-2 gutters-col-md-2 gutters-col-0 gutters-col-v-lg-2 gutters-col-v-md-2 gutters-col-v-2\">\n          <!---->\n          <div class=\"h-column h-column-container d-flex h-col-lg-auto h-col-md-auto h-col-auto style-1277-outer style-local-72-c4-outer\">\n            <div data-colibri-id=\"72-c4\" class=\"d-flex h-flex-basis h-column__inner h-px-lg-2 h-px-md-2 h-px-2 v-inner-lg-2 v-inner-md-2 v-inner-2 style-1277 style-local-72-c4 position-relative\">\n              <!---->\n              <!---->\n              <div class=\"w-100 h-y-container h-column__content h-column__v-align flex-basis-100 align-self-lg-start align-self-md-start align-self-start\">\n                <!---->\n                <div data-colibri-id=\"72-c5\" class=\"h-global-transition-all h-heading style-1278 style-local-72-c5 position-relative h-element\">\n                  <!---->\n                  <!---->\n                  <h1 class=\"\"><span style=\"font-family: Akronim;\">Ayet-i Kerime<\/span><\/h1>\n                <\/div>\n                <div data-colibri-id=\"72-c6\" class=\"h-text h-text-component style-1279 style-local-72-c6 position-relative h-element\">\n                  <!---->\n                  <!---->\n                  <div class=\"\">\n                    <p>\u201c<span style=\"font-weight: 600;\">Namaz\u0131 dosdo\u011fru k\u0131l\u0131n, zek\u00e2t\u0131 verin&#8230;<\/span>\u201d\n                      <br>(Bakara, 2\/43, 110; Hac, 22\/78; Nur, 24\/56; M\u00fccadele, 58\/13; M\u00fczzemmil, 73\/20);\n                      <br>\u201c<span style=\"font-weight: 600;\">Onlar\u0131n mallar\u0131ndan, kendilerini temizleyece\u011fin, ar\u0131t\u0131p y\u00fcceltece\u011fin bir sadaka al ve onlar i\u00e7in dua et; \u00e7\u00fcnk\u00fc senin duan onlara huzur verir. Allah i\u015fitendir, bilendir.<\/span>\u201d\n                      <br>(Tevbe, 9\/103)<\/p>\n                  <\/div>\n                <\/div>\n              <\/div>\n            <\/div>\n          <\/div>\n          <div class=\"h-column h-column-container d-flex h-col-lg-auto h-col-md-auto h-col-auto style-1280-outer style-local-72-c7-outer\">\n            <div data-colibri-id=\"72-c7\" class=\"d-flex h-flex-basis h-column__inner h-px-lg-2 h-px-md-2 h-px-2 v-inner-lg-2 v-inner-md-2 v-inner-2 style-1280 style-local-72-c7 position-relative\">\n              <!---->\n              <!---->\n              <div class=\"w-100 h-y-container h-column__content h-column__v-align flex-basis-100 align-self-lg-start align-self-md-start align-self-start\">\n                <!---->\n                <div data-colibri-id=\"72-c8\" class=\"h-global-transition-all h-heading style-1278 style-local-72-c8 position-relative h-element\">\n                  <!---->\n                  <!---->\n                  <h1 class=\"\"><span style=\"font-family: Akronim;\">Hadis-i \u015eerif<\/span><\/h1>\n                <\/div>\n                <div data-colibri-id=\"72-c9\" class=\"h-text h-text-component style-1281 style-local-72-c9 position-relative h-element\">\n                  <!---->\n                  <!---->\n                  <div class=\"\">\n                    <p>\u0642\u064e\u0627\u0644\u064e \u0631\u064e\u0633\u064f\u0648\u0644\u064f \u0627\u0644\u0644\u0647\u0650 \u0635\u064e\u0644\u0651\u064e\u0649 \u0627\u0644\u0644\u0647\u064f \u0639\u064e\u0644\u064e\u064a\u0652\u0647\u0650 \u0648\u064e \u0633\u064e\u0644\u0651\u064e\u0645\u064e: \u062d\u064e\u0635\u0651\u0650\u0646\u064f\u0648\u0627 \u0623\u064e\u0645\u0652\u0648\u064e\u0627\u0644\u064e\u0643\u064f\u0645\u0652 \u0628\u0650\u0627\u0644\u0632\u0651\u064e\u0643\u0627\u064e\u0629\u0650 \u0648\u064e\u062f\u064e\u0627\u0648\u064f\u0648\u0627 \u0645\u064e\u0631\u0652\u0636\u064e\u0627\u0643\u064f\u0645\u0652 \u0628\u0650\u0627\u0644\u0635\u0651\u064e\u062f\u064e\u0642\u064e\u0629\u0650\n                      <br>Ter\u011fib &#8211; Terhib c.2 s.185<span style=\"font-weight: 600;\"><br>Mallar\u0131n\u0131z\u0131 zekat ile muhafaza alt\u0131na al\u0131n. Sadaka ile de hastal\u0131klar\u0131n\u0131za deva bulun.<\/span><\/p>\n                  <\/div>\n                <\/div>\n              <\/div>\n            <\/div>\n          <\/div>\n        <\/div>\n      <\/div>\n    <\/div>\n  <\/div>\n  <div data-colibri-component=\"section\" data-colibri-id=\"72-c10\" id=\"about\" class=\"h-section h-section-global-spacing d-flex align-items-lg-center align-items-md-center align-items-center style-1688 style-local-72-c10 position-relative\">\n    <!---->\n    <!---->\n    <div class=\"h-section-grid-container h-section-boxed-container\">\n      <!---->\n      <div data-colibri-id=\"72-c11\" class=\"h-row-container gutters-row-lg-0 gutters-row-md-0 gutters-row-0 gutters-row-v-lg-0 gutters-row-v-md-0 gutters-row-v-0 style-1689 style-local-72-c11 position-relative\">\n        <!---->\n        <div class=\"h-row justify-content-lg-center justify-content-md-center justify-content-center align-items-lg-stretch align-items-md-stretch align-items-stretch gutters-col-lg-0 gutters-col-md-0 gutters-col-0 gutters-col-v-lg-0 gutters-col-v-md-0 gutters-col-v-0\">\n          <!---->\n          <div class=\"h-column h-column-container d-flex h-col-lg-auto h-col-md-auto h-col-auto style-1690-outer style-local-72-c12-outer\">\n            <div data-colibri-id=\"72-c12\" class=\"d-flex h-flex-basis h-column__inner h-px-lg-0 h-px-md-0 h-px-0 v-inner-lg-0 v-inner-md-0 v-inner-0 style-1690 style-local-72-c12 position-relative\">\n              <!---->\n              <!---->\n              <div class=\"w-100 h-y-container h-column__content h-column__v-align flex-basis-100 align-self-lg-start align-self-md-start align-self-start\">\n                <!---->\n                <div data-colibri-id=\"72-c13\" class=\"h-global-transition-all h-heading style-1692 style-local-72-c13 position-relative h-element\">\n                  <!---->\n                  <!---->\n                  <h2 class=\"\"><span style=\"font-weight: 600;\">Zek\u00e2t<\/span> hesab\u0131n\u0131z\u0131 yandaki tabloya g\u00f6re yapabilirsiniz.<\/h2>\n                <\/div>\n                <div data-colibri-id=\"72-c14\" class=\"h-text h-text-component style-1693 style-local-72-c14 position-relative h-element\">\n                  <!---->\n                  <!---->\n                  <div class=\"\">\n                    <p><span style=\"font-weight: 400; font-size: 16px; font-family: &quot;Open Sans&quot;; color: rgb(70, 112, 127);\">A\u015fa\u011f\u0131daki butona basarak&nbsp;<\/span>Zekat tablosunu b\u00fcy\u00fcltebilirsiniz.<\/p>\n                  <\/div>\n                <\/div>\n                <div data-colibri-id=\"72-c15\" class=\"h-x-container style-1707 style-local-72-c15 position-relative h-element\">\n                  <!---->\n                  <div class=\"h-x-container-inner style-dynamic-72-c15-group style-1707-spacing style-local-72-c15-spacing\"><span class=\"h-button__outer style-1708-outer style-local-72-c16-outer d-inline-flex h-element\"><a h-use-smooth-scroll=\"true\" href=\"https:\/\/ehrenfeld.vikz.de\/wp-content\/uploads\/2020\/05\/Zekat-Tablosu.png\" data-fancybox=\"section-group-jFbVviS2CfZpr8DKhXqJgS\"  data-colibri-id=\"72-c16\" class=\"d-flex w-100 align-items-center h-button justify-content-lg-center justify-content-md-center justify-content-center style-1708 style-local-72-c16 position-relative\"><!----><span  class=\"h-svg-icon h-button__icon style-1708-icon style-local-72-c16-icon\"><!--Icon by Font Awesome (https:\/\/fontawesome.com)--><svg version=\"1.1\" xmlns=\"http:\/\/www.w3.org\/2000\/svg\" xmlns:xlink=\"http:\/\/www.w3.org\/1999\/xlink\" id=\"file-picture-o\" viewBox=\"0 0 1611.2499 1896.0833\"><path d=\"M1468 380q28 28 48 76t20 88v1152q0 40-28 68t-68 28H96q-40 0-68-28t-28-68V96q0-40 28-68T96 0h896q40 0 88 20t76 48zm-444-244v376h376q-10-29-22-41l-313-313q-12-12-41-22zm384 1528V640H992q-40 0-68-28t-28-68V128H128v1536h1280zm-128-448v320H256v-192l192-192 128 128 384-384zm-832-192q-80 0-136-56t-56-136 56-136 136-56 136 56 56 136-56 136-136 56z\"><\/path><\/svg><\/span>                    <span>Zek\u00e2t Tablosu i\u00e7in t\u0131klay\u0131n<\/span><\/a>\n                    <\/span>\n                  <\/div>\n                <\/div>\n              <\/div>\n            <\/div>\n          <\/div>\n          <div class=\"h-column h-column-container d-flex h-col-lg-auto h-col-md-auto h-col-auto style-1694-outer style-local-72-c17-outer\">\n            <div data-colibri-id=\"72-c17\" class=\"d-flex h-flex-basis h-column__inner h-ui-empty-state-container h-px-lg-2 h-px-md-2 h-px-2 v-inner-lg-2 v-inner-md-2 v-inner-2 style-1694 style-local-72-c17 position-relative\">\n              <!---->\n              <!---->\n              <div class=\"w-100 h-y-container h-column__content h-column__v-align flex-basis-100\">\n                <!---->\n              <\/div>\n            <\/div>\n          <\/div>\n        <\/div>\n      <\/div>\n    <\/div>\n  <\/div>\n<\/div>","protected":false},"excerpt":{"rendered":"<p>Ayet-i Kerime \u201cNamaz\u0131 dosdo\u011fru k\u0131l\u0131n, zek\u00e2t\u0131 verin&#8230;\u201d (Bakara, 2\/43, 110; Hac, 22\/78; Nur, 24\/56; M\u00fccadele, 58\/13; M\u00fczzemmil, 73\/20); \u201cOnlar\u0131n mallar\u0131ndan, kendilerini temizleyece\u011fin, ar\u0131t\u0131p y\u00fcceltece\u011fin bir sadaka al ve onlar i\u00e7in dua et; \u00e7\u00fcnk\u00fc senin duan onlara huzur verir. Allah i\u015fitendir, bilendir.\u201d (Tevbe, 9\/103) Hadis-i \u015eerif \u0642\u064e\u0627\u0644\u064e \u0631\u064e\u0633\u064f\u0648\u0644\u064f \u0627\u0644\u0644\u0647\u0650 \u0635\u064e\u0644\u0651\u064e\u0649 \u0627\u0644\u0644\u0647\u064f \u0639\u064e\u0644\u064e\u064a\u0652\u0647\u0650 \u0648\u064e \u0633\u064e\u0644\u0651\u064e\u0645\u064e: \u062d\u064e\u0635\u0651\u0650\u0646\u064f\u0648\u0627 \u0623\u064e\u0645\u0652\u0648\u064e\u0627\u0644\u064e\u0643\u064f\u0645\u0652 [&hellip;]<\/p>\n","protected":false},"author":1,"featured_media":0,"parent":62,"menu_order":0,"comment_status":"closed","ping_status":"closed","template":"page-templates\/full-width-page.php","meta":{"_joinchat":[],"footnotes":""},"class_list":["post-72","page","type-page","status-publish","hentry"],"_links":{"self":[{"href":"https:\/\/ehrenfeld.vikz.de\/index.php?rest_route=\/wp\/v2\/pages\/72","targetHints":{"allow":["GET"]}}],"collection":[{"href":"https:\/\/ehrenfeld.vikz.de\/index.php?rest_route=\/wp\/v2\/pages"}],"about":[{"href":"https:\/\/ehrenfeld.vikz.de\/index.php?rest_route=\/wp\/v2\/types\/page"}],"author":[{"embeddable":true,"href":"https:\/\/ehrenfeld.vikz.de\/index.php?rest_route=\/wp\/v2\/users\/1"}],"replies":[{"embeddable":true,"href":"https:\/\/ehrenfeld.vikz.de\/index.php?rest_route=%2Fwp%2Fv2%2Fcomments&post=72"}],"version-history":[{"count":6,"href":"https:\/\/ehrenfeld.vikz.de\/index.php?rest_route=\/wp\/v2\/pages\/72\/revisions"}],"predecessor-version":[{"id":4359,"href":"https:\/\/ehrenfeld.vikz.de\/index.php?rest_route=\/wp\/v2\/pages\/72\/revisions\/4359"}],"up":[{"embeddable":true,"href":"https:\/\/ehrenfeld.vikz.de\/index.php?rest_route=\/wp\/v2\/pages\/62"}],"wp:attachment":[{"href":"https:\/\/ehrenfeld.vikz.de\/index.php?rest_route=%2Fwp%2Fv2%2Fmedia&parent=72"}],"curies":[{"name":"wp","href":"https:\/\/api.w.org\/{rel}","templated":true}]}}