{"id":76,"date":"2020-04-18T14:15:49","date_gmt":"2020-04-18T14:15:49","guid":{"rendered":"http:\/\/ebkv.tombaklar.com\/?page_id=76"},"modified":"2025-04-23T13:29:56","modified_gmt":"2025-04-23T13:29:56","slug":"kurban-hizmetleri","status":"publish","type":"page","link":"https:\/\/ehrenfeld.vikz.de\/?page_id=76","title":{"rendered":"Kurban hizmetleri"},"content":{"rendered":"<div data-colibri-id=\"76-c1\" class=\"style-1090 style-local-76-c1 position-relative\">\n  <!---->\n  <div data-colibri-component=\"section\" data-colibri-id=\"76-c2\" id=\"custom\" class=\"h-section h-section-global-spacing d-flex align-items-lg-center align-items-md-center align-items-center style-2135 style-local-76-c2 position-relative\">\n    <!---->\n    <!---->\n    <div class=\"h-section-grid-container h-section-boxed-container\">\n      <!---->\n      <div data-colibri-id=\"76-c3\" class=\"h-row-container gutters-row-lg-2 gutters-row-md-2 gutters-row-0 gutters-row-v-lg-2 gutters-row-v-md-2 gutters-row-v-2 style-2174 style-local-76-c3 position-relative\">\n        <!---->\n        <div class=\"h-row justify-content-lg-center justify-content-md-center justify-content-center align-items-lg-stretch align-items-md-stretch align-items-stretch gutters-col-lg-2 gutters-col-md-2 gutters-col-0 gutters-col-v-lg-2 gutters-col-v-md-2 gutters-col-v-2\">\n          <!---->\n          <div class=\"h-column h-column-container d-flex h-col-lg-auto h-col-md-auto h-col-auto style-2175-outer style-local-76-c4-outer\">\n            <div data-colibri-id=\"76-c4\" class=\"d-flex h-flex-basis h-column__inner h-px-lg-2 h-px-md-2 h-px-2 v-inner-lg-2 v-inner-md-2 v-inner-2 style-2175 style-local-76-c4 position-relative\">\n              <!---->\n              <!---->\n              <div class=\"w-100 h-y-container h-column__content h-column__v-align flex-basis-100 align-self-lg-start align-self-md-start align-self-start\">\n                <!---->\n                <div data-colibri-id=\"76-c5\" class=\"d-block style-2728 style-local-76-c5 position-relative h-element\">\n                  <!---->\n                  <div class=\"h-image__frame-container-outer\">\n                    <a href=\"https:\/\/ehrenfeld.vikz.de\/wp-content\/uploads\/2025\/04\/img_6072-1-1.jpg\" data-fancybox=\"section-group-kEQyUNj4wR4L1qeW4Mm8bS\" h-use-smooth-scroll=\"true\" class=\"image-link\">\n                      <div class=\"h-image__frame-container\">\n                        <!---->\n                        <!---->\n                        <img decoding=\"async\" src=\"https:\/\/ehrenfeld.vikz.de\/wp-content\/uploads\/2025\/04\/img_6072-1-1-740x1024.jpg\" class=\"style-2728-image style-local-76-c5-image\">\n                        <div class=\"h-image__frame h-hide-lg h-hide-md h-hide-sm style-2728-frameImage style-local-76-c5-frameImage\"><\/div>\n                      <\/div>\n                    <\/a>\n                  <\/div>\n                <\/div>\n                <div data-colibri-id=\"76-c6\" class=\"h-x-container style-2176 style-local-76-c6 position-relative h-element\">\n                  <!---->\n                  <div class=\"h-x-container-inner style-dynamic-76-c6-group style-2176-spacing style-local-76-c6-spacing\"><span class=\"h-button__outer style-2177-outer style-local-76-c7-outer d-inline-flex h-element\"><a h-use-smooth-scroll=\"true\" href=\"https:\/\/ehrenfeld.vikz.de\/?product=kurban\"  data-colibri-id=\"76-c7\" class=\"d-flex w-100 align-items-center h-button justify-content-lg-center justify-content-md-center justify-content-center style-2177 style-local-76-c7 position-relative\"><!----><span  class=\"h-svg-icon h-button__icon style-2177-icon style-local-76-c7-icon\"><!--Icon by Ionicons (https:\/\/ionicons.com)--><svg version=\"1.1\" xmlns=\"http:\/\/www.w3.org\/2000\/svg\" xmlns:xlink=\"http:\/\/www.w3.org\/1999\/xlink\" id=\"android-send\" viewBox=\"0 0 416 512\"><path d=\"M0 448V299l298-43L0 213V64l416 192z\"><\/path><\/svg><\/span>                    <span>Onl\u0130ne Kurban Ba\u011f\u0131\u015f\u0131 \u0130\u00e7\u0130n t\u0131klay\u0131n<\/span><\/a>\n                    <\/span>\n                  <\/div>\n                <\/div>\n              <\/div>\n            <\/div>\n          <\/div>\n        <\/div>\n      <\/div>\n      <div data-colibri-id=\"76-c8\" class=\"h-row-container gutters-row-lg-2 gutters-row-md-2 gutters-row-0 gutters-row-v-lg-2 gutters-row-v-md-2 gutters-row-v-2 style-2136 style-local-76-c8 position-relative\">\n        <!---->\n        <div class=\"h-row justify-content-lg-center justify-content-md-center justify-content-center align-items-lg-stretch align-items-md-stretch align-items-stretch gutters-col-lg-2 gutters-col-md-2 gutters-col-0 gutters-col-v-lg-2 gutters-col-v-md-2 gutters-col-v-2\">\n          <!---->\n          <div class=\"h-column h-column-container d-flex h-col-lg-auto h-col-md-auto h-col-auto style-2137-outer style-local-76-c9-outer\">\n            <div data-colibri-id=\"76-c9\" class=\"d-flex h-flex-basis h-column__inner h-px-lg-2 h-px-md-2 h-px-2 v-inner-lg-2 v-inner-md-2 v-inner-2 style-2137 style-local-76-c9 position-relative\">\n              <!---->\n              <!---->\n              <div class=\"w-100 h-y-container h-column__content h-column__v-align flex-basis-100 align-self-lg-start align-self-md-start align-self-start\">\n                <!---->\n                <div data-toggle=\"true\" data-is-preview=\"true\" data-colibri-component=\"accordion\" data-colibri-id=\"76-c10\" class=\"h-accordion style-2138 style-local-76-c10 position-relative h-element\">\n                  <!---->\n                  <div data-colibri-id=\"76-c11\" class=\"h-accordion-item h-accordion-item-first-child style-2160 style-local-76-c11 position-relative h-element\">\n                    <!---->\n                    <a data-open-by-default=\"true\" href=\"#76-c11\" class=\"h-accordion-item-title d-flex align-items-center h-global-transition\">\n                      <!----><span>Kurban nedir?<\/span>\n                      <div class=\"h-accordion-item-title-normal-icon h-accordion-item-title-icon h-accordion-item-title-icon-right\"><span class=\"h-svg-icon\"><!--Icon by Icons8 Line Awesome (https:\/\/icons8.com\/line-awesome)--><svg version=\"1.1\" xmlns=\"http:\/\/www.w3.org\/2000\/svg\" xmlns:xlink=\"http:\/\/www.w3.org\/1999\/xlink\" id=\"plus\" viewBox=\"0 0 512 545.5\"><path d=\"M240 112h32v160h160v32H272v160h-32V304H80v-32h160V112z\"><\/path><\/svg><\/span><\/div>\n                      <div class=\"h-accordion-item-title-active-icon h-accordion-item-title-icon h-accordion-item-title-icon-right\"><span class=\"h-svg-icon\"><!--Icon by Icons8 Line Awesome (https:\/\/icons8.com\/line-awesome)--><svg version=\"1.1\" xmlns=\"http:\/\/www.w3.org\/2000\/svg\" xmlns:xlink=\"http:\/\/www.w3.org\/1999\/xlink\" id=\"minus\" viewBox=\"0 0 512 545.5\"><path d=\"M80 272h352v32H80v-32z\"><\/path><\/svg><\/span><\/div>\n                    <\/a>\n                    <div id=\"76-c11\" class=\"h-accordion-item-content__container\">\n                      <div class=\"w-100 h-y-container h-accordion-item-content\">\n                        <!---->\n                        <div data-colibri-id=\"76-c12\" class=\"h-text h-text-component style-2161 style-local-76-c12 position-relative h-element\">\n                          <!---->\n                          <!---->\n                          <div class=\"\">\n                            <p>S\u00f6zl\u00fckte yakla\u015fmak, Allah\u2019a yak\u0131nla\u015fmaya vesile olan \u015fey anlamlar\u0131na gelen kurban, din\u00ee bir terim olarak, ib\u00e2det maksad\u0131yla, belirli \u015fartlar\u0131 ta\u015f\u0131yan hayvan\u0131, kurban bayram\u0131 g\u00fcnlerinde usul\u00fcne uygun olarak kesmeyi ve bu ama\u00e7la\n                              kesilen hayvan\u0131 ifade eder. Ak\u0131ll\u0131, h\u00fcr, mukim ve dini \u00f6l\u00e7\u00fclere g\u00f6re zengin say\u0131lan veya imkan\u0131 olan her m\u00fcmin, il\u00e2h\u00ee r\u0131zay\u0131 kazanmak gayesiyle kurban\u0131n\u0131 keser. B\u00f6ylece hem maddi durumu yetersiz olup kesemeyenlere bir \u015fekilde\n                              yard\u0131mda bulunmu\u015f, hem de Cenab-\u0131 Hakk\u2019a, yakla\u015fm\u0131\u015f olur. Kurban ibadeti, \u0130slam toplumlar\u0131n\u0131n \u015fiar\u0131 say\u0131lan ibadetlerden biri olarak as\u0131rlardan beri devam ede gelmektedir. Ayr\u0131ca, bir M\u00fcsl\u00fcman\u2019\u0131n gerekti\u011finde b\u00fct\u00fcn varl\u0131\u011f\u0131n\u0131\n                              Allah yolunda feda etmeye haz\u0131r oldu\u011funun da bir ni\u015fanesidir.<\/p>\n                          <\/div>\n                        <\/div>\n                      <\/div>\n                    <\/div>\n                  <\/div>\n                  <div data-colibri-id=\"76-c13\" class=\"h-accordion-item style-2139 style-local-76-c13 position-relative h-element\">\n                    <!---->\n                    <a data-open-by-default=\"false\" href=\"#76-c13\" class=\"h-accordion-item-title d-flex align-items-center h-global-transition\">\n                      <!----><span>Vacip Kurban<\/span>\n                      <div class=\"h-accordion-item-title-normal-icon h-accordion-item-title-icon h-accordion-item-title-icon-right\"><span class=\"h-svg-icon\"><!--Icon by Icons8 Line Awesome (https:\/\/icons8.com\/line-awesome)--><svg version=\"1.1\" xmlns=\"http:\/\/www.w3.org\/2000\/svg\" xmlns:xlink=\"http:\/\/www.w3.org\/1999\/xlink\" id=\"plus\" viewBox=\"0 0 512 545.5\"><path d=\"M240 112h32v160h160v32H272v160h-32V304H80v-32h160V112z\"><\/path><\/svg><\/span><\/div>\n                      <div class=\"h-accordion-item-title-active-icon h-accordion-item-title-icon h-accordion-item-title-icon-right\"><span class=\"h-svg-icon\"><!--Icon by Icons8 Line Awesome (https:\/\/icons8.com\/line-awesome)--><svg version=\"1.1\" xmlns=\"http:\/\/www.w3.org\/2000\/svg\" xmlns:xlink=\"http:\/\/www.w3.org\/1999\/xlink\" id=\"minus\" viewBox=\"0 0 512 545.5\"><path d=\"M80 272h352v32H80v-32z\"><\/path><\/svg><\/span><\/div>\n                    <\/a>\n                    <div id=\"76-c13\" class=\"h-accordion-item-content__container\">\n                      <div class=\"w-100 h-y-container h-accordion-item-content\">\n                        <!---->\n                        <div data-colibri-id=\"76-c14\" class=\"h-text h-text-component style-2140 style-local-76-c14 position-relative h-element\">\n                          <!---->\n                          <!---->\n                          <div class=\"\">\n                            <p>Nisap miktar\u0131 mala malik olan her m\u00fcsl\u00fcman\u0131n, Allah\u00fc Teala\u2019ya yak\u0131nl\u0131k i\u00e7in, ibadet niyetiyle kurban bayram\u0131 g\u00fcnlerinde, koyun, ke\u00e7i, s\u0131\u011f\u0131r ve deve cinsinden kesti\u011fi kurbana denir.<\/p>\n                          <\/div>\n                        <\/div>\n                      <\/div>\n                    <\/div>\n                  <\/div>\n                  <div data-colibri-id=\"76-c15\" class=\"h-accordion-item style-2141 style-local-76-c15 position-relative h-element\">\n                    <!---->\n                    <a data-open-by-default=\"false\" href=\"#76-c15\" class=\"h-accordion-item-title d-flex align-items-center h-global-transition\">\n                      <!----><span>Nafile Kurban<\/span>\n                      <div class=\"h-accordion-item-title-normal-icon h-accordion-item-title-icon h-accordion-item-title-icon-right\"><span class=\"h-svg-icon\"><!--Icon by Icons8 Line Awesome (https:\/\/icons8.com\/line-awesome)--><svg version=\"1.1\" xmlns=\"http:\/\/www.w3.org\/2000\/svg\" xmlns:xlink=\"http:\/\/www.w3.org\/1999\/xlink\" id=\"plus\" viewBox=\"0 0 512 545.5\"><path d=\"M240 112h32v160h160v32H272v160h-32V304H80v-32h160V112z\"><\/path><\/svg><\/span><\/div>\n                      <div class=\"h-accordion-item-title-active-icon h-accordion-item-title-icon h-accordion-item-title-icon-right\"><span class=\"h-svg-icon\"><!--Icon by Icons8 Line Awesome (https:\/\/icons8.com\/line-awesome)--><svg version=\"1.1\" xmlns=\"http:\/\/www.w3.org\/2000\/svg\" xmlns:xlink=\"http:\/\/www.w3.org\/1999\/xlink\" id=\"minus\" viewBox=\"0 0 512 545.5\"><path d=\"M80 272h352v32H80v-32z\"><\/path><\/svg><\/span><\/div>\n                    <\/a>\n                    <div id=\"76-c15\" class=\"h-accordion-item-content__container\">\n                      <div class=\"w-100 h-y-container h-accordion-item-content\">\n                        <!---->\n                        <div data-colibri-id=\"76-c16\" class=\"h-text h-text-component style-2142 style-local-76-c16 position-relative h-element\">\n                          <!---->\n                          <!---->\n                          <div class=\"\">\n                            <p>Kurban bayram\u0131 d\u0131\u015f\u0131ndaki sair zamanlarda s\u0131rf Allah r\u0131zas\u0131 i\u00e7in farkl\u0131 niyetlerle kesilen kurbana denir.<\/p>\n                          <\/div>\n                        <\/div>\n                      <\/div>\n                    <\/div>\n                  <\/div>\n                  <div data-colibri-id=\"76-c17\" class=\"h-accordion-item style-2143 style-local-76-c17 position-relative h-element\">\n                    <!---->\n                    <a data-open-by-default=\"false\" href=\"#76-c17\" class=\"h-accordion-item-title d-flex align-items-center h-global-transition\">\n                      <!----><span>Adak Kurban\u0131<\/span>\n                      <div class=\"h-accordion-item-title-normal-icon h-accordion-item-title-icon h-accordion-item-title-icon-right\"><span class=\"h-svg-icon\"><!--Icon by Icons8 Line Awesome (https:\/\/icons8.com\/line-awesome)--><svg version=\"1.1\" xmlns=\"http:\/\/www.w3.org\/2000\/svg\" xmlns:xlink=\"http:\/\/www.w3.org\/1999\/xlink\" id=\"plus\" viewBox=\"0 0 512 545.5\"><path d=\"M240 112h32v160h160v32H272v160h-32V304H80v-32h160V112z\"><\/path><\/svg><\/span><\/div>\n                      <div class=\"h-accordion-item-title-active-icon h-accordion-item-title-icon h-accordion-item-title-icon-right\"><span class=\"h-svg-icon\"><!--Icon by Icons8 Line Awesome (https:\/\/icons8.com\/line-awesome)--><svg version=\"1.1\" xmlns=\"http:\/\/www.w3.org\/2000\/svg\" xmlns:xlink=\"http:\/\/www.w3.org\/1999\/xlink\" id=\"minus\" viewBox=\"0 0 512 545.5\"><path d=\"M80 272h352v32H80v-32z\"><\/path><\/svg><\/span><\/div>\n                    <\/a>\n                    <div id=\"76-c17\" class=\"h-accordion-item-content__container\">\n                      <div class=\"w-100 h-y-container h-accordion-item-content\">\n                        <!---->\n                        <div data-colibri-id=\"76-c18\" class=\"h-text h-text-component style-2144 style-local-76-c18 position-relative h-element\">\n                          <!---->\n                          <!---->\n                          <div class=\"\">\n                            <p>Ki\u015finin bir niyet do\u011frultusunda, ger\u00e7ekle\u015fmesi halinde kesmeyi vaat etti\u011fi kurband\u0131r. Mesela : \u201c\u015eu i\u015fim olursa kurban kestirece\u011fim, ilerde arabam olursa, evim olursa kurban kestirece\u011fim.\u201d gibi kurban kesimi i\u00e7in vaatte bulunursa\n                              ve o i\u015fi vuku bulursa, bu niyet do\u011frultusunda kesilen kurbana Adak Kurban\u0131 denir.<\/p>\n                          <\/div>\n                        <\/div>\n                      <\/div>\n                    <\/div>\n                  <\/div>\n                  <div data-colibri-id=\"76-c19\" class=\"h-accordion-item style-2156 style-local-76-c19 position-relative h-element\">\n                    <!---->\n                    <a data-open-by-default=\"false\" href=\"#76-c19\" class=\"h-accordion-item-title d-flex align-items-center h-global-transition\">\n                      <!----><span>Akika Kurban\u0131<\/span>\n                      <div class=\"h-accordion-item-title-normal-icon h-accordion-item-title-icon h-accordion-item-title-icon-right\"><span class=\"h-svg-icon\"><!--Icon by Icons8 Line Awesome (https:\/\/icons8.com\/line-awesome)--><svg version=\"1.1\" xmlns=\"http:\/\/www.w3.org\/2000\/svg\" xmlns:xlink=\"http:\/\/www.w3.org\/1999\/xlink\" id=\"plus\" viewBox=\"0 0 512 545.5\"><path d=\"M240 112h32v160h160v32H272v160h-32V304H80v-32h160V112z\"><\/path><\/svg><\/span><\/div>\n                      <div class=\"h-accordion-item-title-active-icon h-accordion-item-title-icon h-accordion-item-title-icon-right\"><span class=\"h-svg-icon\"><!--Icon by Icons8 Line Awesome (https:\/\/icons8.com\/line-awesome)--><svg version=\"1.1\" xmlns=\"http:\/\/www.w3.org\/2000\/svg\" xmlns:xlink=\"http:\/\/www.w3.org\/1999\/xlink\" id=\"minus\" viewBox=\"0 0 512 545.5\"><path d=\"M80 272h352v32H80v-32z\"><\/path><\/svg><\/span><\/div>\n                    <\/a>\n                    <div id=\"76-c19\" class=\"h-accordion-item-content__container\">\n                      <div class=\"w-100 h-y-container h-accordion-item-content\">\n                        <!---->\n                        <div data-colibri-id=\"76-c20\" class=\"h-text h-text-component style-2157 style-local-76-c20 position-relative h-element\">\n                          <!---->\n                          <!---->\n                          <div class=\"\">\n                            <p>Yeni do\u011fan \u00e7ocuk i\u00e7in Cen\u00e2b-\u0131 Hakk\u2019a \u015f\u00fck\u00fcr olarak kesilen kurbana denir. Akika kurban\u0131 kestirmek m\u00fcstehabt\u0131r. Do\u011fdu\u011fu g\u00fcnden itibaren her zaman kesilebilir. Yedinci g\u00fcn\u00fc kesmek daha faziletlidir. Erkek \u00e7ocuk i\u00e7in 2, k\u0131z \u00e7ocuk\n                              i\u00e7in 1 kurban kesmek s\u00fcnnettir.<\/p>\n                          <\/div>\n                        <\/div>\n                      <\/div>\n                    <\/div>\n                  <\/div>\n                  <div data-colibri-id=\"76-c21\" class=\"h-accordion-item style-2158 style-local-76-c21 position-relative h-element\">\n                    <!---->\n                    <a data-open-by-default=\"false\" href=\"#76-c21\" class=\"h-accordion-item-title d-flex align-items-center h-global-transition\">\n                      <!----><span>\u015eifa Kurban\u0131<\/span>\n                      <div class=\"h-accordion-item-title-normal-icon h-accordion-item-title-icon h-accordion-item-title-icon-right\"><span class=\"h-svg-icon\"><!--Icon by Icons8 Line Awesome (https:\/\/icons8.com\/line-awesome)--><svg version=\"1.1\" xmlns=\"http:\/\/www.w3.org\/2000\/svg\" xmlns:xlink=\"http:\/\/www.w3.org\/1999\/xlink\" id=\"plus\" viewBox=\"0 0 512 545.5\"><path d=\"M240 112h32v160h160v32H272v160h-32V304H80v-32h160V112z\"><\/path><\/svg><\/span><\/div>\n                      <div class=\"h-accordion-item-title-active-icon h-accordion-item-title-icon h-accordion-item-title-icon-right\"><span class=\"h-svg-icon\"><!--Icon by Icons8 Line Awesome (https:\/\/icons8.com\/line-awesome)--><svg version=\"1.1\" xmlns=\"http:\/\/www.w3.org\/2000\/svg\" xmlns:xlink=\"http:\/\/www.w3.org\/1999\/xlink\" id=\"minus\" viewBox=\"0 0 512 545.5\"><path d=\"M80 272h352v32H80v-32z\"><\/path><\/svg><\/span><\/div>\n                    <\/a>\n                    <div id=\"76-c21\" class=\"h-accordion-item-content__container\">\n                      <div class=\"w-100 h-y-container h-accordion-item-content\">\n                        <!---->\n                        <div data-colibri-id=\"76-c22\" class=\"h-text h-text-component style-2159 style-local-76-c22 position-relative h-element\">\n                          <!---->\n                          <!---->\n                          <div class=\"\">\n                            <p>Hasta olan bir kimsenin, hastal\u0131\u011f\u0131ndan kurtulmas\u0131 niyetiyle kestirdi\u011fi kurbana denir.<\/p>\n                          <\/div>\n                        <\/div>\n                      <\/div>\n                    <\/div>\n                  <\/div>\n                <\/div>\n              <\/div>\n            <\/div>\n          <\/div>\n        <\/div>\n      <\/div>\n    <\/div>\n  <\/div>\n<\/div>","protected":false},"excerpt":{"rendered":"<p>Onl\u0130ne Kurban Ba\u011f\u0131\u015f\u0131 \u0130\u00e7\u0130n t\u0131klay\u0131n Kurban nedir? S\u00f6zl\u00fckte yakla\u015fmak, Allah\u2019a yak\u0131nla\u015fmaya vesile olan \u015fey anlamlar\u0131na gelen kurban, din\u00ee bir terim olarak, ib\u00e2det maksad\u0131yla, belirli \u015fartlar\u0131 ta\u015f\u0131yan hayvan\u0131, kurban bayram\u0131 g\u00fcnlerinde usul\u00fcne uygun olarak kesmeyi ve bu ama\u00e7la kesilen hayvan\u0131 ifade eder. Ak\u0131ll\u0131, h\u00fcr, mukim ve dini \u00f6l\u00e7\u00fclere g\u00f6re zengin say\u0131lan veya imkan\u0131 olan her m\u00fcmin, [&hellip;]<\/p>\n","protected":false},"author":1,"featured_media":0,"parent":54,"menu_order":0,"comment_status":"closed","ping_status":"closed","template":"page-templates\/full-width-page.php","meta":{"_joinchat":[],"footnotes":""},"class_list":["post-76","page","type-page","status-publish","hentry"],"_links":{"self":[{"href":"https:\/\/ehrenfeld.vikz.de\/index.php?rest_route=\/wp\/v2\/pages\/76","targetHints":{"allow":["GET"]}}],"collection":[{"href":"https:\/\/ehrenfeld.vikz.de\/index.php?rest_route=\/wp\/v2\/pages"}],"about":[{"href":"https:\/\/ehrenfeld.vikz.de\/index.php?rest_route=\/wp\/v2\/types\/page"}],"author":[{"embeddable":true,"href":"https:\/\/ehrenfeld.vikz.de\/index.php?rest_route=\/wp\/v2\/users\/1"}],"replies":[{"embeddable":true,"href":"https:\/\/ehrenfeld.vikz.de\/index.php?rest_route=%2Fwp%2Fv2%2Fcomments&post=76"}],"version-history":[{"count":15,"href":"https:\/\/ehrenfeld.vikz.de\/index.php?rest_route=\/wp\/v2\/pages\/76\/revisions"}],"predecessor-version":[{"id":11219,"href":"https:\/\/ehrenfeld.vikz.de\/index.php?rest_route=\/wp\/v2\/pages\/76\/revisions\/11219"}],"up":[{"embeddable":true,"href":"https:\/\/ehrenfeld.vikz.de\/index.php?rest_route=\/wp\/v2\/pages\/54"}],"wp:attachment":[{"href":"https:\/\/ehrenfeld.vikz.de\/index.php?rest_route=%2Fwp%2Fv2%2Fmedia&parent=76"}],"curies":[{"name":"wp","href":"https:\/\/api.w.org\/{rel}","templated":true}]}}