{"id":78,"date":"2020-04-18T14:16:21","date_gmt":"2020-04-18T14:16:21","guid":{"rendered":"http:\/\/ebkv.tombaklar.com\/?page_id=78"},"modified":"2020-05-07T05:15:53","modified_gmt":"2020-05-07T05:15:53","slug":"sosyal-hizmetlerimiz","status":"publish","type":"page","link":"https:\/\/ehrenfeld.vikz.de\/?page_id=78","title":{"rendered":"Sosyal hizmetlerimiz"},"content":{"rendered":"<div data-colibri-id=\"78-c1\" class=\"style-817 style-local-78-c1 position-relative\">\n  <!---->\n  <div data-colibri-component=\"section\" data-colibri-id=\"78-c2\" id=\"reusable-sections-3\" class=\"h-section h-section-global-spacing d-flex align-items-lg-center align-items-md-center align-items-center style-1552 style-local-78-c2 position-relative\">\n    <!---->\n    <!---->\n    <div class=\"h-section-grid-container h-section-boxed-container\">\n      <!---->\n      <div data-colibri-id=\"78-c3\" class=\"h-row-container gutters-row-lg-2 gutters-row-md-2 gutters-row-0 gutters-row-v-lg-2 gutters-row-v-md-2 gutters-row-v-2 style-1553 style-local-78-c3 position-relative\">\n        <!---->\n        <div class=\"h-row justify-content-lg-center justify-content-md-center justify-content-center align-items-lg-stretch align-items-md-stretch align-items-stretch gutters-col-lg-2 gutters-col-md-2 gutters-col-0 gutters-col-v-lg-2 gutters-col-v-md-2 gutters-col-v-2\">\n          <!---->\n          <div class=\"h-column h-column-container d-flex h-col-lg-12 h-col-md-12 h-col-12 style-1554-outer style-local-78-c4-outer\">\n            <div data-colibri-id=\"78-c4\" class=\"d-flex h-flex-basis h-column__inner h-px-lg-2 h-px-md-2 h-px-2 v-inner-lg-2 v-inner-md-2 v-inner-2 style-1554 style-local-78-c4 position-relative\">\n              <!---->\n              <!---->\n              <div class=\"w-100 h-y-container h-column__content h-column__v-align flex-basis-100 align-self-lg-start align-self-md-start align-self-start\">\n                <!---->\n                <div data-colibri-id=\"78-c5\" class=\"h-global-transition-all h-heading style-1555 style-local-78-c5 position-relative h-element\">\n                  <!---->\n                  <!---->\n                  <h1 class=\"\"><span style=\"font-family: Akronim;\">Ayet-i Kerime<\/span><\/h1>\n                <\/div>\n                <div data-colibri-id=\"78-c6\" class=\"h-text h-text-component style-1556 style-local-78-c6 position-relative h-element\">\n                  <!---->\n                  <!---->\n                  <div class=\"\">\n                    <p>\u0627\u0650\u0646\u064e\u0651\u0645\u064e\u0627\u064a\u064e\u0639\u0652\u0645\u064f\u0631\u064f\u0645\u064e\u0633\u064e\u0627\u062c\u0650\u062f\u064e\u0627\u0644\u0644\u0651\u0670\u0647\u0650\u0645\u064e\u0646\u0652\u0627\u0670\u0645\u064e\u0646\u064e\u0628\u0650\u0627\u0644\u0644\u0651\u0670\u0647\u0650\u0648\u064e\u0627\u0644\u0652\u064a\u064e\u0648\u0652\u0645\u0650\u0627\u0644\u0652\u0627\u0670\u062e\u0650\u0631\u0650\u0648\u064e\u0627\u064e\u0642\u064e\u0627\u0645\u064e\u0627\u0644\u0635\u064e\u0651\u0644\u0670\u0648\u0629\u064e\u0648\u064e\u0627\u0670\u062a\u064e\u0649\u0627\u0644\u0632\u064e\u0651\u0643\u0670\u0648\u0629\u064e\u0648\u064e\u0644\u064e\u0645\u0652\u064a\u064e\u062e\u0652\u0634\u064e\u0627\u0650\u0644\u064e\u0651\u0627\u0627\u0644\u0644\u0651\u0670\u0647\u064e\u0641\u064e\u0639\u064e\u0633\u0670\u0653\u0649\u0627\u064f\u0648\u06ec\u0644\u0670\u0653\u0626\u0650\u0643\u064e\u0627\u064e\u0646\u0652\u064a\u064e\u0643\u064f\u0648\u0646\u064f\u0648\u0627\u0645\u0650\u0646\u064e \u0627\u0644\u0652\u0645\u064f\u0647\u0652\u062a\u064e\u062f\u06ea\u064a\u0646\u064e<\/p>\n                    <p>Allah&#8217;\u0131n mescidlerini, ancak Allah&#8217;a ve ahiret g\u00fcn\u00fcne inanan, namaz\u0131 k\u0131lan, zekat\u0131 veren ve Allah&#8217;dan ba\u015fkas\u0131ndan korkmayan kimseler imar ederler. \u0130\u015fte hidayet \u00fczere olduklar\u0131 umulanlar bunlard\u0131r.&nbsp;\n                      <br><span style=\"font-weight: 300;\">Tevbe suresi (9), 18<\/span><\/p>\n                  <\/div>\n                <\/div>\n              <\/div>\n            <\/div>\n          <\/div>\n        <\/div>\n      <\/div>\n    <\/div>\n  <\/div>\n  <div data-colibri-component=\"section\" data-colibri-id=\"78-c7\" id=\"reusable-sections-4\" class=\"h-section h-section-global-spacing d-flex align-items-lg-center align-items-md-center align-items-center style-1559 style-local-78-c7 position-relative\">\n    <!---->\n    <!---->\n    <div class=\"h-section-grid-container h-section-boxed-container\">\n      <!---->\n      <div data-colibri-id=\"78-c8\" class=\"h-row-container gutters-row-lg-0 gutters-row-md-0 gutters-row-2 gutters-row-v-lg-0 gutters-row-v-md-0 gutters-row-v-0 style-1560 style-local-78-c8 position-relative\">\n        <!---->\n        <div class=\"h-row justify-content-lg-center justify-content-md-center justify-content-center align-items-lg-stretch align-items-md-stretch align-items-stretch gutters-col-lg-0 gutters-col-md-0 gutters-col-2 gutters-col-v-lg-0 gutters-col-v-md-0 gutters-col-v-0\">\n          <!---->\n          <div class=\"h-column h-column-container d-flex h-col-lg-6 h-col-md-6 h-col-12 style-1561-outer style-local-78-c9-outer\">\n            <div data-colibri-id=\"78-c9\" class=\"d-flex h-flex-basis h-column__inner h-px-lg-3 h-px-md-3 h-px-3 v-inner-lg-3 v-inner-md-3 v-inner-3 style-1561 style-local-78-c9 position-relative\">\n              <!---->\n              <!---->\n              <div class=\"w-100 h-y-container h-column__content h-column__v-align flex-basis-100 align-self-lg-start align-self-md-start align-self-start\">\n                <!---->\n                <div data-colibri-id=\"78-c10\" class=\"h-icon style-1562 style-local-78-c10 position-relative h-element\">\n                  <!----><span class=\"h-svg-icon h-icon__icon style-1562-icon style-local-78-c10-icon\"><!--Icon by Icons8 Line Awesome (https:\/\/icons8.com\/line-awesome)--><svg version=\"1.1\" xmlns=\"http:\/\/www.w3.org\/2000\/svg\" xmlns:xlink=\"http:\/\/www.w3.org\/1999\/xlink\" id=\"group\" viewBox=\"0 0 512 545.5\"><path d=\"M128 144c52.83 0 96 43.17 96 96 0 31.74-15.602 60-39.5 77.5 23.336 11.593 42.876 29.785 55.5 52.5 12.624-22.715 32.164-40.907 55.5-52.5C271.602 300 256 271.74 256 240c0-52.83 43.17-96 96-96s96 43.17 96 96c0 31.74-15.602 60-39.5 77.5C450.7 338.465 480 381.827 480 432h-32c0-53.21-42.79-96-96-96s-96 42.79-96 96h-32c0-53.21-42.79-96-96-96s-96 42.79-96 96H0c0-50.173 29.3-93.535 71.5-114.5C47.602 300 32 271.74 32 240c0-52.83 43.17-96 96-96zm0 32c-35.536 0-64 28.464-64 64s28.464 64 64 64 64-28.464 64-64-28.464-64-64-64zm224 0c-35.536 0-64 28.464-64 64s28.464 64 64 64 64-28.464 64-64-28.464-64-64-64z\"><\/path><\/svg><\/span><\/div>\n                <div\n                  data-colibri-id=\"78-c11\" class=\"h-global-transition-all h-heading style-1563 style-local-78-c11 position-relative h-element\">\n                  <!---->\n                  <!---->\n                  <h4 class=\"\">Okul derslerine destek<\/h4>\n              <\/div>\n              <div data-colibri-id=\"78-c12\" class=\"h-text h-text-component style-1564 style-local-78-c12 position-relative h-element\">\n                <!---->\n                <!---->\n                <div class=\"\">\n                  <p>Vas\u0131fl\u0131 e\u011fitmenler taraf\u0131ndan okul ya\u015f\u0131nda olan \u00e7ocuklar\u0131m\u0131za derslerinde destek veriyoruz. Ba\u015fl\u0131ca Almanca, Matematik ve \u0130ngilizce olmak \u00fczere teknik donan\u0131ml\u0131 ortamlarda hedef odakl\u0131 ve prensipli \u00e7al\u0131\u015fmalarla talebemizi ba\u015far\u0131ya ula\u015ft\u0131r\u0131yoruz.\n                    <br>\n                    <br>\n                  <\/p>\n                <\/div>\n              <\/div>\n              <div data-colibri-id=\"78-c13\" class=\"h-x-container style-1565 style-local-78-c13 position-relative h-element\">\n                <!---->\n                <div class=\"h-x-container-inner style-dynamic-78-c13-group style-1565-spacing style-local-78-c13-spacing\"><span class=\"h-button__outer style-1566-outer style-local-78-c14-outer d-inline-flex h-element\"><a h-use-smooth-scroll=\"true\" href=\"\/?page_id=80\"  data-colibri-id=\"78-c14\" class=\"d-flex w-100 align-items-center h-button justify-content-lg-center justify-content-md-center justify-content-center style-1566 style-local-78-c14 position-relative\"><!----><!----> <span>Daha fazlas\u0131<\/span><\/a>\n                  <\/span>\n                <\/div>\n              <\/div>\n            <\/div>\n          <\/div>\n        <\/div>\n        <div class=\"h-column h-column-container d-flex h-col-lg-6 h-col-md-6 h-col-12 style-1561-outer style-local-78-c15-outer\">\n          <div data-colibri-id=\"78-c15\" class=\"d-flex h-flex-basis h-column__inner h-px-lg-3 h-px-md-3 h-px-3 v-inner-lg-3 v-inner-md-3 v-inner-3 style-1561 style-local-78-c15 position-relative\">\n            <!---->\n            <!---->\n            <div class=\"w-100 h-y-container h-column__content h-column__v-align flex-basis-100 align-self-lg-start align-self-md-start align-self-start\">\n              <!---->\n              <div data-colibri-id=\"78-c16\" class=\"h-icon style-1562 style-local-78-c16 position-relative h-element\">\n                <!----><span class=\"h-svg-icon h-icon__icon style-1562-icon style-local-78-c16-icon\"><!--Icon by Icons8 Line Awesome (https:\/\/icons8.com\/line-awesome)--><svg version=\"1.1\" xmlns=\"http:\/\/www.w3.org\/2000\/svg\" xmlns:xlink=\"http:\/\/www.w3.org\/1999\/xlink\" id=\"coffee\" viewBox=\"0 0 528 545.5\"><path d=\"M256 0h32v64h-32V0zm64 16h32v48h-32V16zM160 80h288v64h32c26.327 0 48 21.673 48 48v48c0 26.327-21.673 48-48 48h-32v80c0 26.327-21.673 48-48 48H208c-26.327 0-48-21.673-48-48V80zm32 32v256c0 8.873 7.127 16 16 16h192c8.873 0 16-7.127 16-16V112H192zm256 64v80h32c8.873 0 16-7.127 16-16v-48c0-8.873-7.127-16-16-16h-32z\"><\/path><\/svg><\/span><\/div>\n              <div\n                data-colibri-id=\"78-c17\" class=\"h-global-transition-all h-heading style-1563 style-local-78-c17 position-relative h-element\">\n                <!---->\n                <!---->\n                <h4 class=\"\">Hay\u0131r \u00e7ar\u015f\u0131lar\u0131<\/h4>\n            <\/div>\n            <div data-colibri-id=\"78-c18\" class=\"h-text h-text-component style-1564 style-local-78-c18 position-relative h-element\">\n              <!---->\n              <!---->\n              <div class=\"\">\n                <p>Sene i\u00e7inde organize etti\u011fimiz hay\u0131r \u00e7ar\u015f\u0131lar\u0131nda genci ya\u015fl\u0131s\u0131 herkesi leziz t\u00fcrk mutfa\u011f\u0131ndan haz\u0131rlad\u0131\u011f\u0131m\u0131z men\u00fclerle bulu\u015fturarak s\u0131cak ve huzur dolu ortamlarda biraraya getiriyoruz. Ayr\u0131ca han\u0131mlar\u0131n haz\u0131rlam\u0131\u015f oldu\u011fu el eme\u011fi g\u00f6z\n                  nuru olan eli\u015flerinide sat\u0131\u015fa sunarak derne\u011fimize maddi destek sa\u011fl\u0131yoruz.<\/p>\n              <\/div>\n            <\/div>\n            <div data-colibri-id=\"78-c19\" class=\"h-x-container style-1565 style-local-78-c19 position-relative h-element\">\n              <!---->\n              <div class=\"h-x-container-inner style-dynamic-78-c19-group style-1565-spacing style-local-78-c19-spacing\"><span class=\"h-button__outer style-1566-outer style-local-78-c20-outer d-inline-flex h-element\"><a h-use-smooth-scroll=\"true\" href=\"\/?page_id=82\"  data-colibri-id=\"78-c20\" class=\"d-flex w-100 align-items-center h-button justify-content-lg-center justify-content-md-center justify-content-center style-1566 style-local-78-c20 position-relative\"><!----><!----> <span>Daha fazlas\u0131<\/span><\/a>\n                <\/span>\n              <\/div>\n            <\/div>\n          <\/div>\n        <\/div>\n      <\/div>\n    <\/div>\n  <\/div>\n<\/div>\n<\/div>\n<\/div>","protected":false},"excerpt":{"rendered":"<p>Ayet-i Kerime \u0627\u0650\u0646\u064e\u0651\u0645\u064e\u0627\u064a\u064e\u0639\u0652\u0645\u064f\u0631\u064f\u0645\u064e\u0633\u064e\u0627\u062c\u0650\u062f\u064e\u0627\u0644\u0644\u0651\u0670\u0647\u0650\u0645\u064e\u0646\u0652\u0627\u0670\u0645\u064e\u0646\u064e\u0628\u0650\u0627\u0644\u0644\u0651\u0670\u0647\u0650\u0648\u064e\u0627\u0644\u0652\u064a\u064e\u0648\u0652\u0645\u0650\u0627\u0644\u0652\u0627\u0670\u062e\u0650\u0631\u0650\u0648\u064e\u0627\u064e\u0642\u064e\u0627\u0645\u064e\u0627\u0644\u0635\u064e\u0651\u0644\u0670\u0648\u0629\u064e\u0648\u064e\u0627\u0670\u062a\u064e\u0649\u0627\u0644\u0632\u064e\u0651\u0643\u0670\u0648\u0629\u064e\u0648\u064e\u0644\u064e\u0645\u0652\u064a\u064e\u062e\u0652\u0634\u064e\u0627\u0650\u0644\u064e\u0651\u0627\u0627\u0644\u0644\u0651\u0670\u0647\u064e\u0641\u064e\u0639\u064e\u0633\u0670\u0653\u0649\u0627\u064f\u0648\u06ec\u0644\u0670\u0653\u0626\u0650\u0643\u064e\u0627\u064e\u0646\u0652\u064a\u064e\u0643\u064f\u0648\u0646\u064f\u0648\u0627\u0645\u0650\u0646\u064e \u0627\u0644\u0652\u0645\u064f\u0647\u0652\u062a\u064e\u062f\u06ea\u064a\u0646\u064e Allah&#8217;\u0131n mescidlerini, ancak Allah&#8217;a ve ahiret g\u00fcn\u00fcne inanan, namaz\u0131 k\u0131lan, zekat\u0131 veren ve Allah&#8217;dan ba\u015fkas\u0131ndan korkmayan kimseler imar ederler. \u0130\u015fte hidayet \u00fczere olduklar\u0131 umulanlar bunlard\u0131r.&nbsp; Tevbe suresi (9), 18 Okul derslerine destek Vas\u0131fl\u0131 e\u011fitmenler taraf\u0131ndan okul ya\u015f\u0131nda olan \u00e7ocuklar\u0131m\u0131za derslerinde destek veriyoruz. Ba\u015fl\u0131ca Almanca, Matematik ve \u0130ngilizce olmak \u00fczere teknik donan\u0131ml\u0131 [&hellip;]<\/p>\n","protected":false},"author":1,"featured_media":0,"parent":52,"menu_order":0,"comment_status":"closed","ping_status":"closed","template":"page-templates\/full-width-page.php","meta":{"_joinchat":[],"footnotes":""},"class_list":["post-78","page","type-page","status-publish","hentry"],"_links":{"self":[{"href":"https:\/\/ehrenfeld.vikz.de\/index.php?rest_route=\/wp\/v2\/pages\/78","targetHints":{"allow":["GET"]}}],"collection":[{"href":"https:\/\/ehrenfeld.vikz.de\/index.php?rest_route=\/wp\/v2\/pages"}],"about":[{"href":"https:\/\/ehrenfeld.vikz.de\/index.php?rest_route=\/wp\/v2\/types\/page"}],"author":[{"embeddable":true,"href":"https:\/\/ehrenfeld.vikz.de\/index.php?rest_route=\/wp\/v2\/users\/1"}],"replies":[{"embeddable":true,"href":"https:\/\/ehrenfeld.vikz.de\/index.php?rest_route=%2Fwp%2Fv2%2Fcomments&post=78"}],"version-history":[{"count":13,"href":"https:\/\/ehrenfeld.vikz.de\/index.php?rest_route=\/wp\/v2\/pages\/78\/revisions"}],"predecessor-version":[{"id":4310,"href":"https:\/\/ehrenfeld.vikz.de\/index.php?rest_route=\/wp\/v2\/pages\/78\/revisions\/4310"}],"up":[{"embeddable":true,"href":"https:\/\/ehrenfeld.vikz.de\/index.php?rest_route=\/wp\/v2\/pages\/52"}],"wp:attachment":[{"href":"https:\/\/ehrenfeld.vikz.de\/index.php?rest_route=%2Fwp%2Fv2%2Fmedia&parent=78"}],"curies":[{"name":"wp","href":"https:\/\/api.w.org\/{rel}","templated":true}]}}