{"id":80,"date":"2020-04-18T14:16:55","date_gmt":"2020-04-18T14:16:55","guid":{"rendered":"http:\/\/ebkv.tombaklar.com\/?page_id=80"},"modified":"2020-04-23T23:56:53","modified_gmt":"2020-04-23T23:56:53","slug":"okul-derslerine-destek","status":"publish","type":"page","link":"https:\/\/ehrenfeld.vikz.de\/?page_id=80","title":{"rendered":"Okul derslerine destek"},"content":{"rendered":"<div data-colibri-id=\"80-c1\" class=\"style-1054 style-local-80-c1 position-relative\">\n  <!---->\n  <div data-colibri-component=\"section\" data-colibri-id=\"80-c24\" id=\"content\" class=\"h-section h-section-global-spacing d-flex align-items-lg-center align-items-md-center align-items-center style-1595 style-local-80-c24 position-relative\">\n    <!---->\n    <!---->\n    <div class=\"h-section-grid-container h-section-boxed-container\">\n      <!---->\n      <div data-colibri-id=\"80-c25\" class=\"h-row-container gutters-row-lg-2 gutters-row-md-2 gutters-row-2 gutters-row-v-lg-2 gutters-row-v-md-2 gutters-row-v-2 style-1596 style-local-80-c25 position-relative\">\n        <!---->\n        <div class=\"h-row justify-content-lg-center justify-content-md-center justify-content-center align-items-lg-stretch align-items-md-stretch align-items-stretch gutters-col-lg-2 gutters-col-md-2 gutters-col-2 gutters-col-v-lg-2 gutters-col-v-md-2 gutters-col-v-2\">\n          <!---->\n          <div class=\"h-column h-column-container d-flex h-col-lg-auto h-col-md-auto h-col-auto style-1597-outer style-local-80-c26-outer\">\n            <div data-colibri-id=\"80-c26\" class=\"d-flex h-flex-basis h-column__inner h-px-lg-0 h-px-md-0 h-px-2 v-inner-lg-0 v-inner-md-0 v-inner-2 style-1597 style-local-80-c26 position-relative\">\n              <!---->\n              <!---->\n              <div class=\"w-100 h-y-container h-column__content h-column__v-align flex-basis-100 align-self-lg-center align-self-md-center align-self-center\">\n                <!---->\n                <div data-colibri-id=\"80-c27\" class=\"h-global-transition-all h-heading style-1598 style-local-80-c27 position-relative h-element\">\n                  <!---->\n                  <!---->\n                  <h3 class=\"\">Deste\u011fimizle ba\u015far\u0131ya do\u011fru&#8230;<\/h3>\n                <\/div>\n                <div data-colibri-id=\"80-c28\" class=\"h-text h-text-component style-1599 style-local-80-c28 position-relative h-element\">\n                  <!---->\n                  <!---->\n                  <div class=\"\">\n                    <p><span style=\"font-weight: 400; font-size: 16px; font-family: &quot;Open Sans&quot;; color: rgb(70, 112, 127);\">Vas\u0131fl\u0131 e\u011fitmenler taraf\u0131ndan okul ya\u015f\u0131nda olan \u00e7ocuklar\u0131m\u0131za derslerinde destek veriyoruz. Ba\u015fl\u0131ca Almanca, Matematik ve \u0130ngilizce olmak \u00fczere teknik donan\u0131ml\u0131 ortamlarda hedef odakl\u0131 ve prensipli \u00e7al\u0131\u015fmalarla talebemizi ba\u015far\u0131ya ula\u015ft\u0131r\u0131yoruz.<\/span><\/p>\n                  <\/div>\n                <\/div>\n              <\/div>\n            <\/div>\n          <\/div>\n          <div class=\"h-column h-column-container d-flex h-col-lg-auto h-col-md-auto h-col-auto style-1602-outer style-local-80-c31-outer\">\n            <div data-colibri-id=\"80-c31\" class=\"d-flex h-flex-basis h-column__inner h-px-lg-0 h-px-md-2 h-px-0 v-inner-lg-0 v-inner-md-2 v-inner-0 style-1602 style-local-80-c31 position-relative\">\n              <!---->\n              <!---->\n              <div class=\"w-100 h-y-container h-column__content h-column__v-align flex-basis-100 align-self-lg-center align-self-md-center align-self-center\">\n                <!---->\n                <div data-colibri-id=\"80-c32\" class=\"d-block style-1603 style-local-80-c32 position-relative h-element\">\n                  <!---->\n                  <div class=\"h-image__frame-container-outer\">\n                    <div class=\"h-image__frame-container\">\n                      <!---->\n                      <!---->\n                      <img decoding=\"async\" src=\"https:\/\/ehrenfeld.vikz.de\/wp-content\/uploads\/2020\/04\/colibri-image-116.png\" class=\"wp-image-132 style-1603-image style-local-80-c32-image\" alt=\"\" \/>\n                      <div class=\"h-image__frame h-hide-sm style-1603-frameImage style-local-80-c32-frameImage\"><\/div>\n                    <\/div>\n                  <\/div>\n                <\/div>\n              <\/div>\n            <\/div>\n          <\/div>\n        <\/div>\n      <\/div>\n    <\/div>\n  <\/div>\n<\/div>","protected":false},"excerpt":{"rendered":"<p>Deste\u011fimizle ba\u015far\u0131ya do\u011fru&#8230; Vas\u0131fl\u0131 e\u011fitmenler taraf\u0131ndan okul ya\u015f\u0131nda olan \u00e7ocuklar\u0131m\u0131za derslerinde destek veriyoruz. Ba\u015fl\u0131ca Almanca, Matematik ve \u0130ngilizce olmak \u00fczere teknik donan\u0131ml\u0131 ortamlarda hedef odakl\u0131 ve prensipli \u00e7al\u0131\u015fmalarla talebemizi ba\u015far\u0131ya ula\u015ft\u0131r\u0131yoruz.<\/p>\n","protected":false},"author":1,"featured_media":0,"parent":78,"menu_order":0,"comment_status":"closed","ping_status":"closed","template":"page-templates\/full-width-page.php","meta":{"_joinchat":[],"footnotes":""},"class_list":["post-80","page","type-page","status-publish","hentry"],"_links":{"self":[{"href":"https:\/\/ehrenfeld.vikz.de\/index.php?rest_route=\/wp\/v2\/pages\/80","targetHints":{"allow":["GET"]}}],"collection":[{"href":"https:\/\/ehrenfeld.vikz.de\/index.php?rest_route=\/wp\/v2\/pages"}],"about":[{"href":"https:\/\/ehrenfeld.vikz.de\/index.php?rest_route=\/wp\/v2\/types\/page"}],"author":[{"embeddable":true,"href":"https:\/\/ehrenfeld.vikz.de\/index.php?rest_route=\/wp\/v2\/users\/1"}],"replies":[{"embeddable":true,"href":"https:\/\/ehrenfeld.vikz.de\/index.php?rest_route=%2Fwp%2Fv2%2Fcomments&post=80"}],"version-history":[{"count":3,"href":"https:\/\/ehrenfeld.vikz.de\/index.php?rest_route=\/wp\/v2\/pages\/80\/revisions"}],"predecessor-version":[{"id":3456,"href":"https:\/\/ehrenfeld.vikz.de\/index.php?rest_route=\/wp\/v2\/pages\/80\/revisions\/3456"}],"up":[{"embeddable":true,"href":"https:\/\/ehrenfeld.vikz.de\/index.php?rest_route=\/wp\/v2\/pages\/78"}],"wp:attachment":[{"href":"https:\/\/ehrenfeld.vikz.de\/index.php?rest_route=%2Fwp%2Fv2%2Fmedia&parent=80"}],"curies":[{"name":"wp","href":"https:\/\/api.w.org\/{rel}","templated":true}]}}