{"id":82,"date":"2020-04-18T14:17:21","date_gmt":"2020-04-18T14:17:21","guid":{"rendered":"http:\/\/ebkv.tombaklar.com\/?page_id=82"},"modified":"2023-05-19T19:11:51","modified_gmt":"2023-05-19T19:11:51","slug":"hayir-carsilari","status":"publish","type":"page","link":"https:\/\/ehrenfeld.vikz.de\/?page_id=82","title":{"rendered":"Hay\u0131r \u00e7ar\u015f\u0131lar\u0131"},"content":{"rendered":"<div data-colibri-id=\"82-c1\" class=\"style-1604 style-local-82-c1 position-relative\">\n  <!---->\n  <div data-colibri-component=\"section\" data-colibri-id=\"82-c2\" id=\"about\" class=\"h-section h-section-global-spacing d-flex align-items-lg-center align-items-md-center align-items-end style-1605 style-local-82-c2 h-overflow-hidden position-relative\">\n    <div class=\"background-wrapper\">\n      <div class=\"background-layer background-layer-media-container-lg\">\n        <!---->\n        <div class=\"overlay-layer\">\n          <div class=\"overlay-image-layer\" style=\"background-image: linear-gradient(90deg, rgb(255, 255, 255) 55%, rgba(255, 255, 255, 0.5) 100%);\"><\/div>\n        <\/div>\n      <\/div>\n      <div class=\"background-layer background-layer-media-container-md\">\n        <!---->\n        <div class=\"overlay-layer\">\n          <div class=\"overlay-image-layer\" style=\"background-image: linear-gradient(90deg, rgb(255, 255, 255) 55%, rgba(255, 255, 255, 0.5) 100%);\"><\/div>\n        <\/div>\n      <\/div>\n      <div class=\"background-layer background-layer-media-container\">\n        <!---->\n        <div class=\"overlay-layer\">\n          <div class=\"overlay-image-layer\" style=\"background-image: linear-gradient(90deg, rgb(255, 255, 255) 55%, rgba(255, 255, 255, 0.5) 100%);\"><\/div>\n        <\/div>\n      <\/div>\n    <\/div>\n    <!---->\n    <div class=\"h-section-grid-container h-section-boxed-container\">\n      <!---->\n      <div data-colibri-id=\"82-c3\" class=\"h-row-container gutters-row-lg-0 gutters-row-md-0 gutters-row-2 gutters-row-v-lg-0 gutters-row-v-md-0 gutters-row-v-0 style-1606 style-local-82-c3 position-relative\">\n        <!---->\n        <div class=\"h-row justify-content-lg-start justify-content-md-start justify-content-center align-items-lg-stretch align-items-md-stretch align-items-stretch gutters-col-lg-0 gutters-col-md-0 gutters-col-2 gutters-col-v-lg-0 gutters-col-v-md-0 gutters-col-v-0\">\n          <!---->\n          <div class=\"h-column h-column-container d-flex h-col-lg-auto h-col-md-auto h-col-auto style-1607-outer style-local-82-c4-outer\">\n            <div data-colibri-id=\"82-c4\" class=\"d-flex h-flex-basis h-column__inner h-px-lg-2 h-px-md-2 h-px-0 v-inner-lg-2 v-inner-md-2 v-inner-0 style-1607 style-local-82-c4 position-relative\">\n              <!---->\n              <!---->\n              <div class=\"w-100 h-y-container h-column__content h-column__v-align flex-basis-100 align-self-lg-end align-self-md-end align-self-end\">\n                <!---->\n                <div data-colibri-id=\"82-c5\" class=\"h-global-transition-all h-heading style-1608 style-local-82-c5 position-relative h-element\">\n                  <!---->\n                  <div class=\"h-heading__outer style-1608 style-local-82-c5\">\n                    <!---->\n                    <!---->\n                    <h4 class=\"\"><span style=\"font-weight: 300;\">Sene i\u00e7inde organize etti\u011fimiz hay\u0131r \u00e7ar\u015f\u0131lar\u0131nda genci ya\u015fl\u0131s\u0131 herkesi leziz t\u00fcrk mutfa\u011f\u0131ndan haz\u0131rlad\u0131\u011f\u0131m\u0131z men\u00fclerle bulu\u015fturarak s\u0131cak ve huzur dolu ortamlarda biraraya getiriyoruz. Ayr\u0131ca han\u0131mlar\u0131n haz\u0131rlam\u0131\u015f oldu\u011fu el eme\u011fi g\u00f6z nuru olan eli\u015flerinide sat\u0131\u015fa sunarak derne\u011fimize maddi destek sa\u011fl\u0131yoruz.<\/span><\/h4>\n                  <\/div>\n                <\/div>\n              <\/div>\n            <\/div>\n          <\/div>\n          <div class=\"h-column h-column-container d-flex h-col-lg-auto h-col-md-auto h-col-auto style-3136-outer style-local-82-c6-outer\">\n            <div data-colibri-id=\"82-c6\" class=\"d-flex h-flex-basis h-column__inner h-px-lg-2 h-px-md-2 h-px-2 v-inner-lg-2 v-inner-md-2 v-inner-2 style-3136 style-local-82-c6 position-relative\">\n              <!---->\n              <!---->\n              <div class=\"w-100 h-y-container h-column__content h-column__v-align flex-basis-100 align-self-lg-start align-self-md-start align-self-start\">\n                <!---->\n                <div data-colibri-id=\"82-c7\" class=\"d-block style-3137 style-local-82-c7 position-relative h-element\">\n                  <!---->\n                  <div class=\"h-image__frame-container-outer\">\n                    <a href=\"https:\/\/ehrenfeld.vikz.de\/wp-content\/uploads\/2023\/05\/TR.png\" data-fancybox=\"section-group-v4Ke2vpCdEvMPSz2DRSyLw\" h-use-smooth-scroll=\"true\" class=\"image-link\">\n                      <div class=\"h-image__frame-container\">\n                        <!---->\n                        <!---->\n                        <img loading=\"lazy\" decoding=\"async\" width=\"1414\" height=\"2000\" src=\"https:\/\/ehrenfeld.vikz.de\/wp-content\/uploads\/2023\/05\/TR.png\" class=\"wp-image-9991 style-3137-image style-local-82-c7-image\" alt=\"\" srcset=\"https:\/\/ehrenfeld.vikz.de\/wp-content\/uploads\/2023\/05\/TR.png 1414w, https:\/\/ehrenfeld.vikz.de\/wp-content\/uploads\/2023\/05\/TR-212x300.png 212w, https:\/\/ehrenfeld.vikz.de\/wp-content\/uploads\/2023\/05\/TR-724x1024.png 724w, https:\/\/ehrenfeld.vikz.de\/wp-content\/uploads\/2023\/05\/TR-768x1086.png 768w, https:\/\/ehrenfeld.vikz.de\/wp-content\/uploads\/2023\/05\/TR-1086x1536.png 1086w, https:\/\/ehrenfeld.vikz.de\/wp-content\/uploads\/2023\/05\/TR-600x849.png 600w\" sizes=\"auto, (max-width: 1414px) 100vw, 1414px\" \/>\n                        <div class=\"h-image__frame h-hide-lg h-hide-md h-hide-sm style-3137-frameImage style-local-82-c7-frameImage\"><\/div>\n                      <\/div>\n                    <\/a>\n                  <\/div>\n                <\/div>\n              <\/div>\n            <\/div>\n          <\/div>\n          <div class=\"h-column h-column-container d-flex h-col-lg-auto h-col-md-auto h-col-auto style-3138-outer style-local-82-c8-outer\">\n            <div data-colibri-id=\"82-c8\" class=\"d-flex h-flex-basis h-column__inner h-px-lg-2 h-px-md-2 h-px-2 v-inner-lg-2 v-inner-md-2 v-inner-2 style-3138 style-local-82-c8 position-relative\">\n              <!---->\n              <!---->\n              <div class=\"w-100 h-y-container h-column__content h-column__v-align flex-basis-100 align-self-lg-start align-self-md-start align-self-start\">\n                <!---->\n                <div data-colibri-id=\"82-c9\" class=\"d-block style-3139 style-local-82-c9 position-relative h-element\">\n                  <!---->\n                  <div class=\"h-image__frame-container-outer\">\n                    <a href=\"https:\/\/ehrenfeld.vikz.de\/wp-content\/uploads\/2023\/05\/DEpng\" data-fancybox=\"section-group-v4Ke2vpCdEvMPSz2DRSyLw\" h-use-smooth-scroll=\"true\" class=\"image-link\">\n                      <div class=\"h-image__frame-container\">\n                        <!---->\n                        <!---->\n                        <img loading=\"lazy\" decoding=\"async\" width=\"1414\" height=\"2000\" src=\"https:\/\/ehrenfeld.vikz.de\/wp-content\/uploads\/2023\/05\/DE.png\" class=\"wp-image-9992 style-3139-image style-local-82-c9-image\" alt=\"\" srcset=\"https:\/\/ehrenfeld.vikz.de\/wp-content\/uploads\/2023\/05\/DE.png 1414w, https:\/\/ehrenfeld.vikz.de\/wp-content\/uploads\/2023\/05\/DE-212x300.png 212w, https:\/\/ehrenfeld.vikz.de\/wp-content\/uploads\/2023\/05\/DE-724x1024.png 724w, https:\/\/ehrenfeld.vikz.de\/wp-content\/uploads\/2023\/05\/DE-768x1086.png 768w, https:\/\/ehrenfeld.vikz.de\/wp-content\/uploads\/2023\/05\/DE-1086x1536.png 1086w, https:\/\/ehrenfeld.vikz.de\/wp-content\/uploads\/2023\/05\/DE-600x849.png 600w\" sizes=\"auto, (max-width: 1414px) 100vw, 1414px\" \/>\n                        <div class=\"h-image__frame h-hide-lg h-hide-md h-hide-sm style-3139-frameImage style-local-82-c9-frameImage\"><\/div>\n                      <\/div>\n                    <\/a>\n                  <\/div>\n                <\/div>\n              <\/div>\n            <\/div>\n          <\/div>\n        <\/div>\n      <\/div>\n    <\/div>\n  <\/div>\n<\/div>","protected":false},"excerpt":{"rendered":"<p>Sene i\u00e7inde organize etti\u011fimiz hay\u0131r \u00e7ar\u015f\u0131lar\u0131nda genci ya\u015fl\u0131s\u0131 herkesi leziz t\u00fcrk mutfa\u011f\u0131ndan haz\u0131rlad\u0131\u011f\u0131m\u0131z men\u00fclerle bulu\u015fturarak s\u0131cak ve huzur dolu ortamlarda biraraya getiriyoruz. Ayr\u0131ca han\u0131mlar\u0131n haz\u0131rlam\u0131\u015f oldu\u011fu el eme\u011fi g\u00f6z nuru olan eli\u015flerinide sat\u0131\u015fa sunarak derne\u011fimize maddi destek sa\u011fl\u0131yoruz.<\/p>\n","protected":false},"author":1,"featured_media":0,"parent":78,"menu_order":0,"comment_status":"closed","ping_status":"closed","template":"page-templates\/full-width-page.php","meta":{"_joinchat":[],"footnotes":""},"class_list":["post-82","page","type-page","status-publish","hentry"],"_links":{"self":[{"href":"https:\/\/ehrenfeld.vikz.de\/index.php?rest_route=\/wp\/v2\/pages\/82","targetHints":{"allow":["GET"]}}],"collection":[{"href":"https:\/\/ehrenfeld.vikz.de\/index.php?rest_route=\/wp\/v2\/pages"}],"about":[{"href":"https:\/\/ehrenfeld.vikz.de\/index.php?rest_route=\/wp\/v2\/types\/page"}],"author":[{"embeddable":true,"href":"https:\/\/ehrenfeld.vikz.de\/index.php?rest_route=\/wp\/v2\/users\/1"}],"replies":[{"embeddable":true,"href":"https:\/\/ehrenfeld.vikz.de\/index.php?rest_route=%2Fwp%2Fv2%2Fcomments&post=82"}],"version-history":[{"count":20,"href":"https:\/\/ehrenfeld.vikz.de\/index.php?rest_route=\/wp\/v2\/pages\/82\/revisions"}],"predecessor-version":[{"id":10104,"href":"https:\/\/ehrenfeld.vikz.de\/index.php?rest_route=\/wp\/v2\/pages\/82\/revisions\/10104"}],"up":[{"embeddable":true,"href":"https:\/\/ehrenfeld.vikz.de\/index.php?rest_route=\/wp\/v2\/pages\/78"}],"wp:attachment":[{"href":"https:\/\/ehrenfeld.vikz.de\/index.php?rest_route=%2Fwp%2Fv2%2Fmedia&parent=82"}],"curies":[{"name":"wp","href":"https:\/\/api.w.org\/{rel}","templated":true}]}}