{"id":84,"date":"2020-04-18T14:19:00","date_gmt":"2020-04-18T14:19:00","guid":{"rendered":"http:\/\/ebkv.tombaklar.com\/?page_id=84"},"modified":"2020-04-23T23:39:45","modified_gmt":"2020-04-23T23:39:45","slug":"hafta-sonu-yatili-programi","status":"publish","type":"page","link":"https:\/\/ehrenfeld.vikz.de\/?page_id=84","title":{"rendered":"Hafta sonu yat\u0131l\u0131 program\u0131"},"content":{"rendered":"<div data-colibri-id=\"84-c1\" class=\"style-1043 style-local-84-c1 position-relative\">\n  <!---->\n  <div data-colibri-component=\"section\" data-colibri-id=\"84-c2\" id=\"reusable-sections\" class=\"h-section h-section-global-spacing d-flex align-items-lg-center align-items-md-center align-items-center style-1290 style-local-84-c2 position-relative\">\n    <!---->\n    <!---->\n    <div class=\"h-section-grid-container h-section-boxed-container\">\n      <!---->\n      <div data-colibri-id=\"84-c3\" class=\"h-row-container gutters-row-lg-2 gutters-row-md-2 gutters-row-0 gutters-row-v-lg-2 gutters-row-v-md-2 gutters-row-v-2 style-1291 style-local-84-c3 position-relative\">\n        <!---->\n        <div class=\"h-row justify-content-lg-center justify-content-md-center justify-content-center align-items-lg-stretch align-items-md-stretch align-items-stretch gutters-col-lg-2 gutters-col-md-2 gutters-col-0 gutters-col-v-lg-2 gutters-col-v-md-2 gutters-col-v-2\">\n          <!---->\n          <div class=\"h-column h-column-container d-flex h-col-lg-12 h-col-md-12 h-col-12 style-1295-outer style-local-84-c7-outer\">\n            <div data-colibri-id=\"84-c7\" class=\"d-flex h-flex-basis h-column__inner h-px-lg-2 h-px-md-2 h-px-2 v-inner-lg-2 v-inner-md-2 v-inner-2 style-1295 style-local-84-c7 position-relative\">\n              <!---->\n              <!---->\n              <div class=\"w-100 h-y-container h-column__content h-column__v-align flex-basis-100 align-self-lg-start align-self-md-start align-self-start\">\n                <!---->\n                <div data-colibri-id=\"84-c8\" class=\"h-global-transition-all h-heading style-1293 style-local-84-c8 position-relative h-element\">\n                  <!---->\n                  <!---->\n                  <h1 class=\"\"><span style=\"font-family: Akronim;\">Hadis-i \u015eerif<\/span><\/h1>\n                <\/div>\n                <div data-colibri-id=\"84-c9\" class=\"h-text h-text-component style-1296 style-local-84-c9 position-relative h-element\">\n                  <!---->\n                  <!---->\n                  <div class=\"\">\n                    <p>\u201c<span style=\"font-weight: 600;\">Bir kimse, ilim elde etmek arzusuyla bir yola girerse, Allah o ki\u015fiyi cennetin yollar\u0131ndan birine sevk eder. Melekler yapt\u0131\u011f\u0131ndan ho\u015fnut olduklar\u0131 i\u00e7in ilim \u00f6\u011frenmek isteyen kimsenin \u00fczerine kanatlar\u0131n\u0131 gererler. G\u00f6klerde ve yerde bulunan her \u015fey, hatt\u00e2 suyun alt\u0131ndaki bal\u0131klar bile \u00e2lim i\u00e7in All\u00e2h\u2019a isti\u011ffar ederler. \u00c2limin \u00e2bide \u00fcst\u00fcnl\u00fc\u011f\u00fc, dolunay\u0131n di\u011fer y\u0131ld\u0131zlara olan \u00fcst\u00fcnl\u00fc\u011f\u00fc gibidir. \u00c2limler, peygamberlerin v\u00e2risleridir. Peygamberler, m\u00eeras olarak alt\u0131n ve g\u00fcm\u00fc\u015f b\u0131rakmazlar; onlar ilmi miras b\u0131rak\u0131rlar. Kim bu m\u00eer\u00e2s\u0131 al\u0131rsa, b\u00fcy\u00fck bir nasip alm\u0131\u015f olur.<\/span>\u201d\n                      <br>(Eb\u00fb D\u00e2v\u00fbd, \u0130lim, 1\/3641; Tirmiz\u00ee, \u0130lim, 19\/2682)<\/p>\n                  <\/div>\n                <\/div>\n              <\/div>\n            <\/div>\n          <\/div>\n        <\/div>\n      <\/div>\n    <\/div>\n  <\/div>\n  <div data-colibri-component=\"section\" data-colibri-id=\"84-c10\" id=\"features\" class=\"h-section h-section-global-spacing d-flex align-items-lg-center align-items-md-center align-items-center style-1044 style-local-84-c10 position-relative\">\n    <!---->\n    <!---->\n    <div class=\"h-section-grid-container h-section-boxed-container\">\n      <!---->\n      <div data-colibri-id=\"84-c11\" class=\"h-row-container gutters-row-lg-2 gutters-row-md-2 gutters-row-0 gutters-row-v-lg-2 gutters-row-v-md-2 gutters-row-v-2 style-1045 style-local-84-c11 position-relative\">\n        <!---->\n        <div class=\"h-row justify-content-lg-center justify-content-md-center justify-content-center align-items-lg-stretch align-items-md-stretch align-items-stretch gutters-col-lg-2 gutters-col-md-2 gutters-col-0 gutters-col-v-lg-2 gutters-col-v-md-2 gutters-col-v-2\">\n          <!---->\n          <div class=\"h-column h-column-container d-flex h-col-lg h-col-md h-col-auto style-1048-outer style-local-84-c12-outer\">\n            <div data-colibri-id=\"84-c12\" class=\"d-flex h-flex-basis h-column__inner h-px-lg-2 h-px-md-2 h-px-2 v-inner-lg-2 v-inner-md-2 v-inner-2 style-1048 style-local-84-c12 position-relative\">\n              <!---->\n              <!---->\n              <div class=\"w-100 h-y-container h-column__content h-column__v-align flex-basis-100 align-self-lg-start align-self-md-start align-self-start\">\n                <!---->\n                <div data-colibri-id=\"84-c13\" class=\"h-icon style-1047 style-local-84-c13 position-relative h-element\">\n                  <!----><span class=\"h-svg-icon h-icon__icon style-1047-icon style-local-84-c13-icon\"><!--Icon by Material Icons (https:\/\/material.io)--><svg version=\"1.1\" xmlns=\"http:\/\/www.w3.org\/2000\/svg\" xmlns:xlink=\"http:\/\/www.w3.org\/1999\/xlink\" id=\"local_hotel\" viewBox=\"0 0 512 512\"><path d=\"M405 149q35 0 60.5 25.5T491 235v192h-43v-64H64v64H21V107h43v192h171V149h170zM194 258q-19 19-45 19t-45-19q-19-19-19-45t19-45q19-19 45-19t45 19q19 19 19 45t-19 45z\"><\/path><\/svg><\/span><\/div>\n                <div\n                  data-colibri-id=\"84-c14\" class=\"h-text h-text-component style-1297 style-local-84-c14 position-relative h-element\">\n                  <!---->\n                  <!---->\n                  <div class=\"\">\n                    <h3><strong>Haftasonlar\u0131 kursumuzda yat\u0131l\u0131 hizmet verilmektedir.<\/strong><\/h3>\n                  <\/div>\n              <\/div>\n              <div data-colibri-id=\"84-c15\" class=\"h-divider style-1050 style-local-84-c15 position-relative h-element\">\n                <!----><span class=\"h-divider__line style-1050-line style-local-84-c15-line style-1050-line style-local-84-c15-line\"><\/span><\/div>\n            <\/div>\n          <\/div>\n        <\/div>\n      <\/div>\n    <\/div>\n    <div data-colibri-id=\"84-c16\" class=\"h-row-container gutters-row-lg-2 gutters-row-md-2 gutters-row-0 gutters-row-v-lg-2 gutters-row-v-md-2 gutters-row-v-2 style-1583 style-local-84-c16 position-relative\">\n      <!---->\n      <div class=\"h-row justify-content-lg-center justify-content-md-center justify-content-center align-items-lg-stretch align-items-md-stretch align-items-stretch gutters-col-lg-2 gutters-col-md-2 gutters-col-0 gutters-col-v-lg-2 gutters-col-v-md-2 gutters-col-v-2\">\n        <!---->\n        <div class=\"h-column h-column-container d-flex h-col-lg-auto h-col-md-auto h-col-auto style-1584-outer style-local-84-c17-outer\">\n          <div data-colibri-id=\"84-c17\" class=\"d-flex h-flex-basis h-column__inner h-px-lg-2 h-px-md-2 h-px-2 v-inner-lg-2 v-inner-md-2 v-inner-2 style-1584 style-local-84-c17 position-relative\">\n            <!---->\n            <!---->\n            <div class=\"w-100 h-y-container h-column__content h-column__v-align flex-basis-100 align-self-lg-start align-self-md-start align-self-start\">\n              <!---->\n              <div data-colibri-id=\"84-c18\" class=\"h-text h-text-component style-1585 style-local-84-c18 position-relative h-element\">\n                <!---->\n                <!---->\n                <div class=\"\">\n                  <p><span style=\"font-weight: 400; font-size: 16px; font-family: &quot;Open Sans&quot;; color: rgb(70, 112, 127);\">\u00c7ocuklar\u0131n\u0131z\u0131n manevi hayatlar\u0131 i\u00e7in bizimle irtibata ge\u00e7ebilirsiniz, birlikte en uygun program\u0131 se\u00e7ip, arkam\u0131zdan bizleri hat\u0131rlay\u0131p g\u00fczel nesiller yeti\u015ftirmek hepimizin vazifesi olmas\u0131 gerek.&nbsp;<\/span><\/p>\n                <\/div>\n              <\/div>\n            <\/div>\n          <\/div>\n        <\/div>\n      <\/div>\n    <\/div>\n  <\/div>\n<\/div>\n<\/div>","protected":false},"excerpt":{"rendered":"<p>Hadis-i \u015eerif \u201cBir kimse, ilim elde etmek arzusuyla bir yola girerse, Allah o ki\u015fiyi cennetin yollar\u0131ndan birine sevk eder. Melekler yapt\u0131\u011f\u0131ndan ho\u015fnut olduklar\u0131 i\u00e7in ilim \u00f6\u011frenmek isteyen kimsenin \u00fczerine kanatlar\u0131n\u0131 gererler. G\u00f6klerde ve yerde bulunan her \u015fey, hatt\u00e2 suyun alt\u0131ndaki bal\u0131klar bile \u00e2lim i\u00e7in All\u00e2h\u2019a isti\u011ffar ederler. \u00c2limin \u00e2bide \u00fcst\u00fcnl\u00fc\u011f\u00fc, dolunay\u0131n di\u011fer y\u0131ld\u0131zlara olan \u00fcst\u00fcnl\u00fc\u011f\u00fc [&hellip;]<\/p>\n","protected":false},"author":1,"featured_media":0,"parent":54,"menu_order":0,"comment_status":"closed","ping_status":"closed","template":"page-templates\/full-width-page.php","meta":{"_joinchat":[],"footnotes":""},"class_list":["post-84","page","type-page","status-publish","hentry"],"_links":{"self":[{"href":"https:\/\/ehrenfeld.vikz.de\/index.php?rest_route=\/wp\/v2\/pages\/84","targetHints":{"allow":["GET"]}}],"collection":[{"href":"https:\/\/ehrenfeld.vikz.de\/index.php?rest_route=\/wp\/v2\/pages"}],"about":[{"href":"https:\/\/ehrenfeld.vikz.de\/index.php?rest_route=\/wp\/v2\/types\/page"}],"author":[{"embeddable":true,"href":"https:\/\/ehrenfeld.vikz.de\/index.php?rest_route=\/wp\/v2\/users\/1"}],"replies":[{"embeddable":true,"href":"https:\/\/ehrenfeld.vikz.de\/index.php?rest_route=%2Fwp%2Fv2%2Fcomments&post=84"}],"version-history":[{"count":7,"href":"https:\/\/ehrenfeld.vikz.de\/index.php?rest_route=\/wp\/v2\/pages\/84\/revisions"}],"predecessor-version":[{"id":3407,"href":"https:\/\/ehrenfeld.vikz.de\/index.php?rest_route=\/wp\/v2\/pages\/84\/revisions\/3407"}],"up":[{"embeddable":true,"href":"https:\/\/ehrenfeld.vikz.de\/index.php?rest_route=\/wp\/v2\/pages\/54"}],"wp:attachment":[{"href":"https:\/\/ehrenfeld.vikz.de\/index.php?rest_route=%2Fwp%2Fv2%2Fmedia&parent=84"}],"curies":[{"name":"wp","href":"https:\/\/api.w.org\/{rel}","templated":true}]}}