{"id":86,"date":"2020-04-18T14:19:25","date_gmt":"2020-04-18T14:19:25","guid":{"rendered":"http:\/\/ebkv.tombaklar.com\/?page_id=86"},"modified":"2020-04-23T23:39:05","modified_gmt":"2020-04-23T23:39:05","slug":"yatili-yurt-faaliyeti","status":"publish","type":"page","link":"https:\/\/ehrenfeld.vikz.de\/?page_id=86","title":{"rendered":"Yat\u0131l\u0131 yurt faaliyeti"},"content":{"rendered":"<div data-colibri-id=\"86-c1\" class=\"style-1017 style-local-86-c1 position-relative\">\n  <!---->\n  <div data-colibri-component=\"section\" data-colibri-id=\"86-c2\" id=\"reusable-sections\" class=\"h-section h-section-global-spacing d-flex align-items-lg-center align-items-md-center align-items-center style-1298 style-local-86-c2 position-relative\">\n    <!---->\n    <!---->\n    <div class=\"h-section-grid-container h-section-boxed-container\">\n      <!---->\n      <div data-colibri-id=\"86-c3\" class=\"h-row-container gutters-row-lg-2 gutters-row-md-2 gutters-row-0 gutters-row-v-lg-2 gutters-row-v-md-2 gutters-row-v-2 style-1299 style-local-86-c3 position-relative\">\n        <!---->\n        <div class=\"h-row justify-content-lg-center justify-content-md-center justify-content-center align-items-lg-stretch align-items-md-stretch align-items-stretch gutters-col-lg-2 gutters-col-md-2 gutters-col-0 gutters-col-v-lg-2 gutters-col-v-md-2 gutters-col-v-2\">\n          <!---->\n          <div class=\"h-column h-column-container d-flex h-col-lg-12 h-col-md-12 h-col-12 style-1303-outer style-local-86-c7-outer\">\n            <div data-colibri-id=\"86-c7\" class=\"d-flex h-flex-basis h-column__inner h-px-lg-2 h-px-md-2 h-px-2 v-inner-lg-2 v-inner-md-2 v-inner-2 style-1303 style-local-86-c7 position-relative\">\n              <!---->\n              <!---->\n              <div class=\"w-100 h-y-container h-column__content h-column__v-align flex-basis-100 align-self-lg-start align-self-md-start align-self-start\">\n                <!---->\n                <div data-colibri-id=\"86-c8\" class=\"h-global-transition-all h-heading style-1301 style-local-86-c8 position-relative h-element\">\n                  <!---->\n                  <!---->\n                  <h1 class=\"\"><span style=\"font-family: Akronim;\">Hadis-i \u015eerif<\/span><\/h1>\n                <\/div>\n                <div data-colibri-id=\"86-c9\" class=\"h-text h-text-component style-1304 style-local-86-c9 position-relative h-element\">\n                  <!---->\n                  <!---->\n                  <div class=\"\">\n                    <p><span style=\"font-weight: 400; font-size: 16px; font-family: &quot;Open Sans&quot;; color: rgb(70, 112, 127);\">\u201d<\/span><span style=\"font-weight: 600;\">\u00dcmmetimin fesada gitti\u011fi zamanda kim benim s\u00fcnnetime sar\u0131lsa ona y\u00fcz \u015fehit sevab\u0131 vard\u0131r.<\/span>\u201d\n                      <br><span style=\"font-weight: 300;\">(\u0130bni Adiy, el-K\u00e2mil fi\u2019d-Duaf\u00e2, 2:739; el-M\u00fcnzir\u00ee, et-Ter\u011f\u00eeb ve\u2019t-Terh\u00eeb, 1:41; Taber\u00e2n\u00ee, el-Mecmeu\u2019l-Keb\u00eer, 1394; el-Heysem\u00ee, Mecmeu\u2019z-Zev\u00e2id, 7:282.)<\/span><\/p>\n                  <\/div>\n                <\/div>\n              <\/div>\n            <\/div>\n          <\/div>\n        <\/div>\n      <\/div>\n    <\/div>\n  <\/div>\n  <div data-colibri-component=\"section\" data-colibri-id=\"86-c47\" id=\"about\" class=\"h-section h-section-global-spacing d-flex align-items-lg-center align-items-md-center align-items-center style-1586 style-local-86-c47 position-relative\">\n    <!---->\n    <!---->\n    <div class=\"h-section-grid-container h-section-boxed-container\">\n      <!---->\n      <div data-colibri-id=\"86-c48\" class=\"h-row-container gutters-row-lg-0 gutters-row-md-0 gutters-row-2 gutters-row-v-lg-0 gutters-row-v-md-0 gutters-row-v-0 style-1587 style-local-86-c48 position-relative\">\n        <!---->\n        <div class=\"h-row justify-content-lg-center justify-content-md-center justify-content-center align-items-lg-stretch align-items-md-stretch align-items-stretch gutters-col-lg-0 gutters-col-md-0 gutters-col-2 gutters-col-v-lg-0 gutters-col-v-md-0 gutters-col-v-0\">\n          <!---->\n          <div class=\"h-column h-column-container d-flex h-col-lg-auto h-col-md-auto h-col-auto style-1588-outer style-local-86-c49-outer\">\n            <div data-colibri-id=\"86-c49\" class=\"d-flex h-flex-basis h-column__inner h-px-lg-0 h-px-md-0 h-px-2 v-inner-lg-0 v-inner-md-0 v-inner-2 style-1588 style-local-86-c49 position-relative\">\n              <!---->\n              <!---->\n              <div class=\"w-100 h-y-container h-column__content h-column__v-align flex-basis-100 align-self-lg-center align-self-md-center align-self-center\">\n                <!---->\n                <div data-colibri-id=\"86-c50\" class=\"style-1589 style-local-86-c50 position-relative h-element\">\n                  <!---->\n                <\/div>\n              <\/div>\n            <\/div>\n          <\/div>\n          <div class=\"h-column h-column-container d-flex h-col-lg-auto h-col-md-auto h-col-auto style-1591-outer style-local-86-c52-outer\">\n            <div data-colibri-id=\"86-c52\" class=\"d-flex h-flex-basis h-column__inner h-px-lg-2 h-px-md-2 h-px-2 v-inner-lg-2 v-inner-md-2 v-inner-2 style-1591 style-local-86-c52 position-relative\">\n              <!---->\n              <!---->\n              <div class=\"w-100 h-y-container h-column__content h-column__v-align flex-basis-100 align-self-lg-center align-self-md-center align-self-center\">\n                <!---->\n                <div data-colibri-id=\"86-c53\" class=\"h-global-transition-all h-heading style-1592 style-local-86-c53 position-relative h-element\">\n                  <!---->\n                  <!---->\n                  <h2 class=\"\">Talebelerimize sundu\u011fumuz yat\u0131l\u0131 program\u0131 <\/h2>\n                <\/div>\n                <div data-colibri-id=\"86-c54\" class=\"h-lead h-text h-text-component style-1593 style-local-86-c54 position-relative h-element\">\n                  <!---->\n                  <!---->\n                  <div class=\"\">\n                    <p><span style=\"font-weight: 300; font-size: 20px; font-family: &quot;Open Sans&quot;; color: rgb(37, 41, 42);\">Kurslar\u0131m\u0131zda yat\u0131l\u0131 talebelerimize ev s\u0131cakl\u0131\u011f\u0131nda g\u00fczel bir ortam sunuyor, dinlerini en g\u00fczel \u015fekilde \u00f6\u011fretmek i\u00e7in gayret sarfediyoruz.<\/span><\/p>\n                  <\/div>\n                <\/div>\n                <div data-colibri-id=\"86-c55\" class=\"h-text h-text-component style-1594 style-local-86-c55 position-relative h-element\">\n                  <!---->\n                  <!---->\n                  <div class=\"\"><\/div>\n                <\/div>\n              <\/div>\n            <\/div>\n          <\/div>\n        <\/div>\n      <\/div>\n    <\/div>\n  <\/div>\n<\/div>","protected":false},"excerpt":{"rendered":"<p>Hadis-i \u015eerif \u201d\u00dcmmetimin fesada gitti\u011fi zamanda kim benim s\u00fcnnetime sar\u0131lsa ona y\u00fcz \u015fehit sevab\u0131 vard\u0131r.\u201d (\u0130bni Adiy, el-K\u00e2mil fi\u2019d-Duaf\u00e2, 2:739; el-M\u00fcnzir\u00ee, et-Ter\u011f\u00eeb ve\u2019t-Terh\u00eeb, 1:41; Taber\u00e2n\u00ee, el-Mecmeu\u2019l-Keb\u00eer, 1394; el-Heysem\u00ee, Mecmeu\u2019z-Zev\u00e2id, 7:282.) Talebelerimize sundu\u011fumuz yat\u0131l\u0131 program\u0131 Kurslar\u0131m\u0131zda yat\u0131l\u0131 talebelerimize ev s\u0131cakl\u0131\u011f\u0131nda g\u00fczel bir ortam sunuyor, dinlerini en g\u00fczel \u015fekilde \u00f6\u011fretmek i\u00e7in gayret sarfediyoruz.<\/p>\n","protected":false},"author":1,"featured_media":0,"parent":54,"menu_order":0,"comment_status":"closed","ping_status":"closed","template":"page-templates\/full-width-page.php","meta":{"_joinchat":[],"footnotes":""},"class_list":["post-86","page","type-page","status-publish","hentry"],"_links":{"self":[{"href":"https:\/\/ehrenfeld.vikz.de\/index.php?rest_route=\/wp\/v2\/pages\/86","targetHints":{"allow":["GET"]}}],"collection":[{"href":"https:\/\/ehrenfeld.vikz.de\/index.php?rest_route=\/wp\/v2\/pages"}],"about":[{"href":"https:\/\/ehrenfeld.vikz.de\/index.php?rest_route=\/wp\/v2\/types\/page"}],"author":[{"embeddable":true,"href":"https:\/\/ehrenfeld.vikz.de\/index.php?rest_route=\/wp\/v2\/users\/1"}],"replies":[{"embeddable":true,"href":"https:\/\/ehrenfeld.vikz.de\/index.php?rest_route=%2Fwp%2Fv2%2Fcomments&post=86"}],"version-history":[{"count":7,"href":"https:\/\/ehrenfeld.vikz.de\/index.php?rest_route=\/wp\/v2\/pages\/86\/revisions"}],"predecessor-version":[{"id":3400,"href":"https:\/\/ehrenfeld.vikz.de\/index.php?rest_route=\/wp\/v2\/pages\/86\/revisions\/3400"}],"up":[{"embeddable":true,"href":"https:\/\/ehrenfeld.vikz.de\/index.php?rest_route=\/wp\/v2\/pages\/54"}],"wp:attachment":[{"href":"https:\/\/ehrenfeld.vikz.de\/index.php?rest_route=%2Fwp%2Fv2%2Fmedia&parent=86"}],"curies":[{"name":"wp","href":"https:\/\/api.w.org\/{rel}","templated":true}]}}