{"id":7340,"date":"2021-04-19T17:57:07","date_gmt":"2021-04-19T17:57:07","guid":{"rendered":"https:\/\/ehrenfeld.vikz.de\/?post_type=product&#038;p=7340"},"modified":"2022-04-19T15:02:13","modified_gmt":"2022-04-19T15:02:13","slug":"iftar-sahur","status":"publish","type":"product","link":"https:\/\/ehrenfeld.vikz.de\/?product=iftar-sahur","title":{"rendered":"\u0130ftar"},"content":{"rendered":"","protected":false},"excerpt":{"rendered":"<p>Talebelerimize yapaca\u011f\u0131n\u0131z \u0130ftar &amp; Sahur \u00fccretini buradan yapabilirsiniz.<\/p>\n","protected":false},"featured_media":9206,"template":"","meta":{"_joinchat":[]},"product_brand":[],"product_cat":[26],"product_tag":[],"class_list":{"0":"post-7340","1":"product","2":"type-product","3":"status-publish","4":"has-post-thumbnail","6":"product_cat-iftar-sahur","8":"first","9":"instock","10":"virtual","11":"purchasable","12":"product-type-simple"},"_links":{"self":[{"href":"https:\/\/ehrenfeld.vikz.de\/index.php?rest_route=\/wp\/v2\/product\/7340","targetHints":{"allow":["GET"]}}],"collection":[{"href":"https:\/\/ehrenfeld.vikz.de\/index.php?rest_route=\/wp\/v2\/product"}],"about":[{"href":"https:\/\/ehrenfeld.vikz.de\/index.php?rest_route=\/wp\/v2\/types\/product"}],"wp:featuredmedia":[{"embeddable":true,"href":"https:\/\/ehrenfeld.vikz.de\/index.php?rest_route=\/wp\/v2\/media\/9206"}],"wp:attachment":[{"href":"https:\/\/ehrenfeld.vikz.de\/index.php?rest_route=%2Fwp%2Fv2%2Fmedia&parent=7340"}],"wp:term":[{"taxonomy":"product_brand","embeddable":true,"href":"https:\/\/ehrenfeld.vikz.de\/index.php?rest_route=%2Fwp%2Fv2%2Fproduct_brand&post=7340"},{"taxonomy":"product_cat","embeddable":true,"href":"https:\/\/ehrenfeld.vikz.de\/index.php?rest_route=%2Fwp%2Fv2%2Fproduct_cat&post=7340"},{"taxonomy":"product_tag","embeddable":true,"href":"https:\/\/ehrenfeld.vikz.de\/index.php?rest_route=%2Fwp%2Fv2%2Fproduct_tag&post=7340"}],"curies":[{"name":"wp","href":"https:\/\/api.w.org\/{rel}","templated":true}]}}