{"id":7595,"date":"2021-05-06T16:25:06","date_gmt":"2021-05-06T16:25:06","guid":{"rendered":"https:\/\/ehrenfeld.vikz.de\/?post_type=product&#038;p=7595"},"modified":"2022-04-19T15:08:23","modified_gmt":"2022-04-19T15:08:23","slug":"sadaka","status":"publish","type":"product","link":"https:\/\/ehrenfeld.vikz.de\/?product=sadaka","title":{"rendered":"Sadaka"},"content":{"rendered":"<p>&#8220;Sadaka bel\u00e2y\u0131 def eder, \u00f6mr\u00fc uzat\u0131r.&#8221; Hadis-i \u015eerif<\/p>\n","protected":false},"excerpt":{"rendered":"<p>Talebelerimize yapaca\u011f\u0131n\u0131z Sadakan\u0131z\u0131 buradan kolayca yapabilirsiniz.<\/p>\n<p>Cenab\u0131 Hak kabul eylesin.<\/p>\n<p>Allah raz\u0131 olsun&#8230;<\/p>\n","protected":false},"featured_media":9208,"template":"","meta":{"_joinchat":[]},"product_brand":[],"product_cat":[28],"product_tag":[],"class_list":{"0":"post-7595","1":"product","2":"type-product","3":"status-publish","4":"has-post-thumbnail","6":"product_cat-sadaka","8":"first","9":"instock","10":"virtual","11":"purchasable","12":"product-type-simple"},"_links":{"self":[{"href":"https:\/\/ehrenfeld.vikz.de\/index.php?rest_route=\/wp\/v2\/product\/7595","targetHints":{"allow":["GET"]}}],"collection":[{"href":"https:\/\/ehrenfeld.vikz.de\/index.php?rest_route=\/wp\/v2\/product"}],"about":[{"href":"https:\/\/ehrenfeld.vikz.de\/index.php?rest_route=\/wp\/v2\/types\/product"}],"wp:featuredmedia":[{"embeddable":true,"href":"https:\/\/ehrenfeld.vikz.de\/index.php?rest_route=\/wp\/v2\/media\/9208"}],"wp:attachment":[{"href":"https:\/\/ehrenfeld.vikz.de\/index.php?rest_route=%2Fwp%2Fv2%2Fmedia&parent=7595"}],"wp:term":[{"taxonomy":"product_brand","embeddable":true,"href":"https:\/\/ehrenfeld.vikz.de\/index.php?rest_route=%2Fwp%2Fv2%2Fproduct_brand&post=7595"},{"taxonomy":"product_cat","embeddable":true,"href":"https:\/\/ehrenfeld.vikz.de\/index.php?rest_route=%2Fwp%2Fv2%2Fproduct_cat&post=7595"},{"taxonomy":"product_tag","embeddable":true,"href":"https:\/\/ehrenfeld.vikz.de\/index.php?rest_route=%2Fwp%2Fv2%2Fproduct_tag&post=7595"}],"curies":[{"name":"wp","href":"https:\/\/api.w.org\/{rel}","templated":true}]}}