{"id":7596,"date":"2021-05-06T16:45:03","date_gmt":"2021-05-06T16:45:03","guid":{"rendered":"https:\/\/ehrenfeld.vikz.de\/?post_type=product&#038;p=7596"},"modified":"2022-05-04T15:54:57","modified_gmt":"2022-05-04T15:54:57","slug":"zekat","status":"publish","type":"product","link":"https:\/\/ehrenfeld.vikz.de\/?product=zekat","title":{"rendered":"Zekat"},"content":{"rendered":"<p><img loading=\"lazy\" decoding=\"async\" class=\"alignnone size-medium wp-image-4119\" src=\"https:\/\/ehrenfeld.vikz.de\/wp-content\/uploads\/2020\/05\/Zekat-Tablosu-300x167.png\" alt=\"\" width=\"300\" height=\"167\" srcset=\"https:\/\/ehrenfeld.vikz.de\/wp-content\/uploads\/2020\/05\/Zekat-Tablosu-300x167.png 300w, https:\/\/ehrenfeld.vikz.de\/wp-content\/uploads\/2020\/05\/Zekat-Tablosu-600x335.png 600w, https:\/\/ehrenfeld.vikz.de\/wp-content\/uploads\/2020\/05\/Zekat-Tablosu.png 706w\" sizes=\"auto, (max-width: 300px) 100vw, 300px\" \/><\/p>\n<p>Zek\u00e2t korur, artt\u0131r\u0131r, temizler ve bereketlendirir.<\/p>\n","protected":false},"excerpt":{"rendered":"<p>Cenab-\u0131 Hak kabul eylesin.<\/p>\n<p>Allah raz\u0131 olsun&#8230;<\/p>\n","protected":false},"featured_media":9211,"template":"","meta":{"_joinchat":[]},"product_brand":[],"product_cat":[29],"product_tag":[],"class_list":{"0":"post-7596","1":"product","2":"type-product","3":"status-publish","4":"has-post-thumbnail","6":"product_cat-zekat-fitre","8":"first","9":"instock","10":"virtual","11":"sold-individually","12":"purchasable","13":"product-type-simple"},"_links":{"self":[{"href":"https:\/\/ehrenfeld.vikz.de\/index.php?rest_route=\/wp\/v2\/product\/7596","targetHints":{"allow":["GET"]}}],"collection":[{"href":"https:\/\/ehrenfeld.vikz.de\/index.php?rest_route=\/wp\/v2\/product"}],"about":[{"href":"https:\/\/ehrenfeld.vikz.de\/index.php?rest_route=\/wp\/v2\/types\/product"}],"wp:featuredmedia":[{"embeddable":true,"href":"https:\/\/ehrenfeld.vikz.de\/index.php?rest_route=\/wp\/v2\/media\/9211"}],"wp:attachment":[{"href":"https:\/\/ehrenfeld.vikz.de\/index.php?rest_route=%2Fwp%2Fv2%2Fmedia&parent=7596"}],"wp:term":[{"taxonomy":"product_brand","embeddable":true,"href":"https:\/\/ehrenfeld.vikz.de\/index.php?rest_route=%2Fwp%2Fv2%2Fproduct_brand&post=7596"},{"taxonomy":"product_cat","embeddable":true,"href":"https:\/\/ehrenfeld.vikz.de\/index.php?rest_route=%2Fwp%2Fv2%2Fproduct_cat&post=7596"},{"taxonomy":"product_tag","embeddable":true,"href":"https:\/\/ehrenfeld.vikz.de\/index.php?rest_route=%2Fwp%2Fv2%2Fproduct_tag&post=7596"}],"curies":[{"name":"wp","href":"https:\/\/api.w.org\/{rel}","templated":true}]}}