{"id":7626,"date":"2021-05-06T20:07:26","date_gmt":"2021-05-06T20:07:26","guid":{"rendered":"https:\/\/ehrenfeld.vikz.de\/?post_type=product&#038;p=7626"},"modified":"2022-04-19T14:58:45","modified_gmt":"2022-04-19T14:58:45","slug":"talebe-harcligi","status":"publish","type":"product","link":"https:\/\/ehrenfeld.vikz.de\/?product=talebe-harcligi","title":{"rendered":"Talebe Har\u00e7l\u0131\u011f\u0131"},"content":{"rendered":"","protected":false},"excerpt":{"rendered":"<p>Talebelerimize har\u00e7l\u0131\u011f\u0131 buradan verebilirsiniz.<\/p>\n","protected":false},"featured_media":9210,"template":"","meta":{"_joinchat":[]},"product_brand":[],"product_cat":[31],"product_tag":[],"class_list":{"0":"post-7626","1":"product","2":"type-product","3":"status-publish","4":"has-post-thumbnail","6":"product_cat-teberru","8":"first","9":"instock","10":"virtual","11":"purchasable","12":"product-type-simple"},"_links":{"self":[{"href":"https:\/\/ehrenfeld.vikz.de\/index.php?rest_route=\/wp\/v2\/product\/7626","targetHints":{"allow":["GET"]}}],"collection":[{"href":"https:\/\/ehrenfeld.vikz.de\/index.php?rest_route=\/wp\/v2\/product"}],"about":[{"href":"https:\/\/ehrenfeld.vikz.de\/index.php?rest_route=\/wp\/v2\/types\/product"}],"wp:featuredmedia":[{"embeddable":true,"href":"https:\/\/ehrenfeld.vikz.de\/index.php?rest_route=\/wp\/v2\/media\/9210"}],"wp:attachment":[{"href":"https:\/\/ehrenfeld.vikz.de\/index.php?rest_route=%2Fwp%2Fv2%2Fmedia&parent=7626"}],"wp:term":[{"taxonomy":"product_brand","embeddable":true,"href":"https:\/\/ehrenfeld.vikz.de\/index.php?rest_route=%2Fwp%2Fv2%2Fproduct_brand&post=7626"},{"taxonomy":"product_cat","embeddable":true,"href":"https:\/\/ehrenfeld.vikz.de\/index.php?rest_route=%2Fwp%2Fv2%2Fproduct_cat&post=7626"},{"taxonomy":"product_tag","embeddable":true,"href":"https:\/\/ehrenfeld.vikz.de\/index.php?rest_route=%2Fwp%2Fv2%2Fproduct_tag&post=7626"}],"curies":[{"name":"wp","href":"https:\/\/api.w.org\/{rel}","templated":true}]}}