{"id":8394,"date":"2022-02-02T23:23:31","date_gmt":"2022-02-02T23:23:31","guid":{"rendered":"https:\/\/ehrenfeld.vikz.de\/?post_type=product&#038;p=8394"},"modified":"2024-03-09T00:56:55","modified_gmt":"2024-03-09T00:56:55","slug":"genel-bagis","status":"publish","type":"product","link":"https:\/\/ehrenfeld.vikz.de\/?product=genel-bagis","title":{"rendered":"Genel Ba\u011f\u0131\u015f"},"content":{"rendered":"","protected":false},"excerpt":{"rendered":"<p>Desteklerinizle Y\u00fczler G\u00fcl\u00fcyor!<\/p>\n","protected":false},"featured_media":9204,"template":"","meta":{"_joinchat":[]},"product_brand":[],"product_cat":[31],"product_tag":[],"class_list":{"0":"post-8394","1":"product","2":"type-product","3":"status-publish","4":"has-post-thumbnail","6":"product_cat-teberru","8":"first","9":"instock","10":"virtual","11":"purchasable","12":"product-type-simple"},"_links":{"self":[{"href":"https:\/\/ehrenfeld.vikz.de\/index.php?rest_route=\/wp\/v2\/product\/8394","targetHints":{"allow":["GET"]}}],"collection":[{"href":"https:\/\/ehrenfeld.vikz.de\/index.php?rest_route=\/wp\/v2\/product"}],"about":[{"href":"https:\/\/ehrenfeld.vikz.de\/index.php?rest_route=\/wp\/v2\/types\/product"}],"wp:featuredmedia":[{"embeddable":true,"href":"https:\/\/ehrenfeld.vikz.de\/index.php?rest_route=\/wp\/v2\/media\/9204"}],"wp:attachment":[{"href":"https:\/\/ehrenfeld.vikz.de\/index.php?rest_route=%2Fwp%2Fv2%2Fmedia&parent=8394"}],"wp:term":[{"taxonomy":"product_brand","embeddable":true,"href":"https:\/\/ehrenfeld.vikz.de\/index.php?rest_route=%2Fwp%2Fv2%2Fproduct_brand&post=8394"},{"taxonomy":"product_cat","embeddable":true,"href":"https:\/\/ehrenfeld.vikz.de\/index.php?rest_route=%2Fwp%2Fv2%2Fproduct_cat&post=8394"},{"taxonomy":"product_tag","embeddable":true,"href":"https:\/\/ehrenfeld.vikz.de\/index.php?rest_route=%2Fwp%2Fv2%2Fproduct_tag&post=8394"}],"curies":[{"name":"wp","href":"https:\/\/api.w.org\/{rel}","templated":true}]}}